{"id":10,"date":"2021-06-05T10:02:48","date_gmt":"2021-06-05T10:02:48","guid":{"rendered":"http:\/\/localhost\/africanrevivalan362\/?page_id=10"},"modified":"2021-08-03T09:34:45","modified_gmt":"2021-08-03T09:34:45","slug":"religious-and-charity-organization-sponsorship","status":"publish","type":"page","link":"http:\/\/www.africanrevivalfellowship.org\/fr\/religious-and-charity-organization-sponsorship","title":{"rendered":"Parrainage"},"content":{"rendered":"<div class=\"intro_txt\">Programme de parrainage d&#8217;enfants<\/div>\n<ul class=\"bullet\">\n<li>\n<h3>Pourquoi parrainer un enfant&nbsp;?<\/h3>\n<p>&#8220;Il faut un village pour \u00e9lever un enfant&#8221; est un proverbe africain qui signifie qu&#8217;une communaut\u00e9 enti\u00e8re de personnes doit subvenir aux besoins des enfants et interagir positivement avec eux pour que ces enfants vivent et grandissent dans un environnement s\u00fbr et sain. Chez African Revival Fellowship, notre programme de parrainage d&#8217;enfants est construit autour de ce proverbe africain; \u00e9lever un enfant, il faut leur famille, leurs enseignants, leurs dirigeants et d&#8217;autres membres de la communaut\u00e9. Gr\u00e2ce \u00e0 notre programme de parrainage d&#8217;enfants, nous aidons \u00e0 \u00e9duquer et \u00e0 nourrir un enfant en bonne sant\u00e9 un \u00e0 la fois ainsi une communaut\u00e9 de sant\u00e9 au Togo. Parrainer un enfant est une fa\u00e7on personnelle de montrer l&#8217;amour de Dieu \u00e0 un enfant dans le besoin. Pour 39&nbsp;$ par mois, vous aiderez cet enfant et sa famille \u00e0 se tenir debout, \u00e0 l&#8217;abri de la pauvret\u00e9.<\/li>\n<li>\n<h3>Pourquoi parrainer un enfant via ARF&nbsp;?<\/h3>\n<p>Le parrainage d&#8217;un enfant via l&#8217;African Revival Fellowship est unique car nous utilisons une approche holistique qui examine tout ce qui emp\u00eache les enfants de survivre et de s&#8217;\u00e9panouir dans leur communaut\u00e9. Nous travaillons avec les dirigeants communautaires, les \u00e9ducateurs et les membres de la famille pour identifier les besoins de l&#8217;enfant dans la communaut\u00e9.<\/li>\n<li>\n<h3>O\u00f9 puis-je parrainer un enfant&nbsp;?<\/h3>\n<p>Nous travaillons principalement en Afrique de l&#8217;Ouest, au Togo, o\u00f9 nous avons du personnel local dans nos communaut\u00e9s d&#8217;enfants parrain\u00e9s.<\/li>\n<li>\n<h3>Combien co\u00fbte le parrainage d&#8217;un enfant&nbsp;?<\/h3>\n<p>Le parrainage d&#8217;enfants avec African Revival Fellowship co\u00fbte 39 $ par mois. Votre don mensuel permet d&#8217;apporter des \u00e9l\u00e9ments essentiels comme de l&#8217;eau potable, de la nutrition, de l&#8217;\u00e9ducation, des soins de sant\u00e9 de base et de l&#8217;espoir \u00e0 votre enfant parrain\u00e9, \u00e0 la communaut\u00e9 et \u00e0 d&#8217;autres enfants vuln\u00e9rables.<\/li>\n<li>\n<h3>Puis-je \u00e9changer ou contacter mon parrain\u00e9 d&#8217;un enfant&nbsp;?<\/h3>\n<p>Vous pouvez \u00e9changer des lettres et des photos, et m\u00eame rendre visite \u00e0 votre enfant parrain\u00e9. Nous avons du personnel local dans nos communaut\u00e9s parrain\u00e9es qui peut coordonner votre visite.<\/li>\n<li>\n<h3>Comment parrainer un enfant&nbsp;?<\/h3>\n<p>Lorsque vous parrainez un enfant, vous pouvez \u00e9tablir une relation avec votre enfant \u00e0 travers des lettres et des photos. Vous recevrez une lettre de votre enfant parrain\u00e9 deux fois par an (au d\u00e9but et \u00e0 la fin des ann\u00e9es scolaires. Participez au voyage avec ces enfants et leurs communaut\u00e9s en parrainant un enfant aujourd&#8217;hui.<\/li>\n<\/ul>\n<p><a class=\"sponsor-btn\" href=\"https:\/\/wallet.subsplash.com\/ui\/embed\/VPC3W3\/ute_nzVxchP37DSg3aVeSkYRwN7LcBWC16l-xfQOgnnwqfkh7fnUyukpdAOXWeJvGBycF8j7bcnHqs72zeestasJ_rrNxiy_a10sI4W9-b-objEaIyEpwQgnmuY7OaXSL4xOA8cw1iavisRjrO7f\" target=\"_blank\" rel=\"noopener\">Faire un don pour parrainer un enfant<\/a><\/p>\n","protected":false},"excerpt":{"rendered":"<p>Programme de parrainage d&#8217;enfants Pourquoi parrainer un enfant&nbsp;? &#8220;Il faut un village pour \u00e9lever un enfant&#8221; est un proverbe africain qui signifie qu&#8217;une communaut\u00e9 enti\u00e8re de personnes doit subvenir aux besoins des enfants et interagir positivement avec eux pour que ces enfants vivent et grandissent dans un environnement s\u00fbr et sain. Chez African Revival Fellowship, &hellip; <a href=\"http:\/\/www.africanrevivalfellowship.org\/fr\/religious-and-charity-organization-sponsorship\">Continue reading <span class=\"meta-nav\">&rarr;<\/span><\/a><\/p>\n","protected":false},"author":1,"featured_media":56,"parent":0,"menu_order":0,"comment_status":"closed","ping_status":"closed","template":"","meta":[],"translation":{"provider":"WPGlobus","version":"2.7.10","language":"fr","enabled_languages":["en","fr"],"languages":{"en":{"title":true,"content":true,"excerpt":false},"fr":{"title":true,"content":true,"excerpt":false}}},"yoast_head":"<!-- This site is optimized with the Yoast SEO plugin v15.9 - https:\/\/yoast.com\/wordpress\/plugins\/seo\/ -->\n<title>Parrainage | Religious &amp; Charity Organization\u00a0in North Carolina<\/title>\n<meta name=\"robots\" content=\"index, follow, max-snippet:-1, max-image-preview:large, max-video-preview:-1\" \/>\n<link rel=\"canonical\" href=\"http:\/\/www.africanrevivalfellowship.org\/religious-and-charity-organization-sponsorship\" \/>\n<meta property=\"og:locale\" content=\"fr_FR\" \/>\n<meta property=\"og:type\" content=\"article\" \/>\n<meta property=\"og:title\" content=\"Parrainage | Religious &amp; Charity Organization\u00a0in North Carolina\" \/>\n<meta property=\"og:url\" content=\"http:\/\/www.africanrevivalfellowship.org\/religious-and-charity-organization-sponsorship\" \/>\n<meta property=\"og:site_name\" content=\"AFRICAN REVIVAL FELLOWSHIP African Impact\" \/>\n<meta property=\"article:modified_time\" content=\"2021-08-03T09:34:45+00:00\" \/>\n<meta property=\"og:image\" content=\"http:\/\/www.africanrevivalfellowship.org\/wp-content\/uploads\/2021\/06\/thumb-108245867.jpg\" \/>\n\t<meta property=\"og:image:width\" content=\"1920\" \/>\n\t<meta property=\"og:image:height\" content=\"500\" \/>\n<meta name=\"twitter:card\" content=\"summary_large_image\" \/>\n<meta name=\"twitter:label1\" content=\"Est. reading time\">\n\t<meta name=\"twitter:data1\" content=\"2 minutes\">\n<script type=\"application\/ld+json\" class=\"yoast-schema-graph\">{\"@context\":\"https:\/\/schema.org\",\"@graph\":[{\"@type\":\"WebSite\",\"@id\":\"http:\/\/www.africanrevivalfellowship.org\/#website\",\"url\":\"http:\/\/www.africanrevivalfellowship.org\/\",\"name\":\"AFRICAN REVIVAL FELLOWSHIP African Impact\",\"description\":\"Just another WordPress site\",\"potentialAction\":[{\"@type\":\"SearchAction\",\"target\":\"http:\/\/www.africanrevivalfellowship.org\/?s={search_term_string}\",\"query-input\":\"required name=search_term_string\"}],\"inLanguage\":\"fr-FR\"},{\"@type\":\"ImageObject\",\"@id\":\"http:\/\/www.africanrevivalfellowship.org\/religious-and-charity-organization-sponsorship#primaryimage\",\"inLanguage\":\"fr-FR\",\"url\":\"http:\/\/www.africanrevivalfellowship.org\/wp-content\/uploads\/2021\/06\/thumb-108245867.jpg\",\"width\":1920,\"height\":500,\"caption\":\"feeding concept\"},{\"@type\":\"WebPage\",\"@id\":\"http:\/\/www.africanrevivalfellowship.org\/religious-and-charity-organization-sponsorship#webpage\",\"url\":\"http:\/\/www.africanrevivalfellowship.org\/religious-and-charity-organization-sponsorship\",\"name\":\"Parrainage | Religious & Charity Organization\\u00a0in North Carolina\",\"isPartOf\":{\"@id\":\"http:\/\/www.africanrevivalfellowship.org\/#website\"},\"primaryImageOfPage\":{\"@id\":\"http:\/\/www.africanrevivalfellowship.org\/religious-and-charity-organization-sponsorship#primaryimage\"},\"datePublished\":\"2021-06-05T10:02:48+00:00\",\"dateModified\":\"2021-08-03T09:34:45+00:00\",\"description\":\"AFRICAN REVIVAL FELLOWSHIP African Impact is a nonprofit Christian organization in North Carolina. Visit our website for more details.\",\"breadcrumb\":{\"@id\":\"http:\/\/www.africanrevivalfellowship.org\/religious-and-charity-organization-sponsorship#breadcrumb\"},\"inLanguage\":\"fr-FR\",\"potentialAction\":[{\"@type\":\"ReadAction\",\"target\":[\"http:\/\/www.africanrevivalfellowship.org\/religious-and-charity-organization-sponsorship\"]}]},{\"@type\":\"BreadcrumbList\",\"@id\":\"http:\/\/www.africanrevivalfellowship.org\/religious-and-charity-organization-sponsorship#breadcrumb\",\"itemListElement\":[{\"@type\":\"ListItem\",\"position\":1,\"item\":{\"@type\":\"WebPage\",\"@id\":\"http:\/\/www.africanrevivalfellowship.org\/\",\"url\":\"http:\/\/www.africanrevivalfellowship.org\/\",\"name\":\"Home\"}},{\"@type\":\"ListItem\",\"position\":2,\"item\":{\"@type\":\"WebPage\",\"@id\":\"http:\/\/www.africanrevivalfellowship.org\/religious-and-charity-organization-sponsorship\",\"url\":\"http:\/\/www.africanrevivalfellowship.org\/religious-and-charity-organization-sponsorship\",\"name\":\"Sponsorship\"}}]}]}<\/script>\n<!-- \/ Yoast SEO plugin. -->","_links":{"self":[{"href":"http:\/\/www.africanrevivalfellowship.org\/fr\/wp-json\/wp\/v2\/pages\/10"}],"collection":[{"href":"http:\/\/www.africanrevivalfellowship.org\/fr\/wp-json\/wp\/v2\/pages"}],"about":[{"href":"http:\/\/www.africanrevivalfellowship.org\/fr\/wp-json\/wp\/v2\/types\/page"}],"author":[{"embeddable":true,"href":"http:\/\/www.africanrevivalfellowship.org\/fr\/wp-json\/wp\/v2\/users\/1"}],"replies":[{"embeddable":true,"href":"http:\/\/www.africanrevivalfellowship.org\/fr\/wp-json\/wp\/v2\/comments?post=10"}],"version-history":[{"count":49,"href":"http:\/\/www.africanrevivalfellowship.org\/fr\/wp-json\/wp\/v2\/pages\/10\/revisions"}],"predecessor-version":[{"id":509,"href":"http:\/\/www.africanrevivalfellowship.org\/fr\/wp-json\/wp\/v2\/pages\/10\/revisions\/509"}],"wp:featuredmedia":[{"embeddable":true,"href":"http:\/\/www.africanrevivalfellowship.org\/fr\/wp-json\/wp\/v2\/media\/56"}],"wp:attachment":[{"href":"http:\/\/www.africanrevivalfellowship.org\/fr\/wp-json\/wp\/v2\/media?parent=10"}],"curies":[{"name":"wp","href":"https:\/\/api.w.org\/{rel}","templated":true}]}}