{"id":121,"date":"2021-06-08T04:02:47","date_gmt":"2021-06-08T04:02:47","guid":{"rendered":"https:\/\/w0653.proweaver.site\/?page_id=121"},"modified":"2021-08-03T08:50:24","modified_gmt":"2021-08-03T08:50:24","slug":"religious-and-charity-organization-discipleship-education-and-training","status":"publish","type":"page","link":"http:\/\/www.africanrevivalfellowship.org\/fr\/religious-and-charity-organization-discipleship-education-and-training","title":{"rendered":"Discipulat, \u00e9ducation et formation"},"content":{"rendered":"<div class=\"intro_txt\">\u201cAllez donc faire de toutes les nations des disciples, les baptisant au nom du P\u00e8re et du Fils et du Saint-Esprit, et leur apprenant \u00e0 ob\u00e9ir \u00e0 tout ce que je vous ai command\u00e9. Et s\u00fbrement, je suis avec toi toujours, jusqu&#8217;\u00e0 la fin.\u201d \u2014Matthew 28:10<\/div>\n<figure><img src=\"http:\/\/www.africanrevivalfellowship.org\/wp-content\/themes\/africanrevivalan362\/images\/thumbnails\/discipleship.jpg\" alt=\"hand washing\" class=\"thumb_right_dd\"><\/figure>\n<p>African Revival Fellowship (ARF)&nbsp;est d\u00e9di\u00e9 \u00e0 fournir \u00e0 la communaut\u00e9 africaine le discipulat, l&#8217;\u00e9ducation et la formation n\u00e9cessaires pour aligner nos membres sur le plan du Christ pour leur vie. Gr\u00e2ce \u00e0 nos programmes et services,&nbsp;ARF&nbsp;s&#8217;engage \u00e0 mobiliser la diaspora africaine pour encourager la r\u00e9colte et la croissance spirituelles.<\/p>\n<h3>\u00c9ducation &amp; Alphab\u00e9tisation&nbsp;<\/h3>\n<p>Selon l&#8217;Organisation des Nations Unies pour l&#8217;\u00e9ducation, la science et la culture, 38 % des adultes africains sont analphab\u00e8tes. L&#8217;Afrique est le seul continent o\u00f9 plus de la moiti\u00e9 des parents ne sont pas en mesure d&#8217;aider leurs enfants \u00e0 faire leurs devoirs en raison de l&#8217;analphab\u00e9tisme. Nos programmes d&#8217;\u00e9ducation et d&#8217;alphab\u00e9tisation contribuent \u00e0 am\u00e9liorer la lecture et l&#8217;alphab\u00e9tisation dans la communaut\u00e9 africaine.<\/p>\n<h3>\u00c9vang\u00e9lisation &amp; Discipulat&nbsp;<\/h3>\n<p>ARF&nbsp;a pr\u00e9par\u00e9 nos disciples \u00e0 faire conna\u00eetre le Christ parmi les groupes ethniques africains aux \u00c9tats-Unis et dans le monde.<\/p>\n<p>La participation \u00e0 ce programme est n\u00e9cessaire pour aider \u00e0 amener plus de nos fr\u00e8res et s\u0153urs africains au Christ.&nbsp;<\/p>\n<h3>Bible &amp; Litt\u00e9rature chr\u00e9tienne&nbsp;<\/h3>\n<p>La Sainte Bible est un \u00e9l\u00e9ment essentiel pour que les gens se sentent connect\u00e9s au Christ et \u00e0 son plan pour leur vie.&nbsp;ARF&nbsp;fournit \u00e0 nos membres de la litt\u00e9rature enracin\u00e9e dans la Parole du Christ dans le but de produire une croissance spirituelle dans les foyers chr\u00e9tiens. La litt\u00e9rature disponible aide les gens \u00e0 se rapprocher de leur relation avec Dieu et \u00e0 apprendre \u00e0 mettre leur foi en pratique.<\/p>\n<h3>Retraite &amp; Sensibilisation du minist\u00e8re<\/h3>\n<p>L&#8217;African Revival Retreat est un \u00e9v\u00e9nement annuel qui offre un moment et un lieu pour rallumer le feu frais dans le c\u0153ur de nos participants. Cet \u00e9v\u00e9nement de trois jours a lieu aux \u00c9tats-Unis et est une conf\u00e9rence de renouveau pour la diaspora africaine, peu importe o\u00f9 elle vit. Pour plus d&#8217;informations, visitez <a href=\"https:\/\/www.africanrevivalretreat.org\" target=\"_blank\" rel=\"noopener\">www.africanrevivalretreat.org<\/a>.<\/p>\n<h3>Implantation d&#8217;\u00e9glises \u2013 \u00c9glises de village&nbsp;<\/h3>\n<p>En restant fid\u00e8le \u00e0 notre mission et \u00e0 notre vision,&nbsp;ARF&nbsp;construit des communaut\u00e9s \u00e0 travers le monde qui sont centr\u00e9es sur l&#8217;\u00e9vangile de J\u00e9sus-Christ. Alors que notre organisation continue de cro\u00eetre, nous implanterons de nouvelles congr\u00e9gations en Afrique qui contribueront \u00e0 la croissance en Christ.<\/p>\n<h3>\u00c9quiper les missionnaires \u2013 Afrique&nbsp;<\/h3>\n<p>Nous offrons une formation missionnaire en dotant les missionnaires des connaissances, des comp\u00e9tences et du d\u00e9veloppement du caract\u00e8re n\u00e9cessaires pour servir avec succ\u00e8s le peuple de Dieu.<\/p>\n<div class=\"nh_btn\">\n<a href=\"http:\/\/www.africanrevivalfellowship.org\/religious-and-charity-organization-donate\">Faire un don<\/a><br \/>\n<a href=\"http:\/\/www.africanrevivalfellowship.org\/religious-and-charity-organization-volunteer\">\u00catre b\u00e9n\u00e9vole<\/a><\/div>\n<h3>Connecte-toi avec nous<\/h3>\n<p>Apprenez-en plus sur notre programme de formation, d&#8217;\u00e9ducation et de formation en nous envoyant un message via <a href=\"religious-and-charity-organization-contact-us\">notre formulaire de contact en ligne<\/a>.<\/p>\n","protected":false},"excerpt":{"rendered":"<p>\u201cAllez donc faire de toutes les nations des disciples, les baptisant au nom du P\u00e8re et du Fils et du Saint-Esprit, et leur apprenant \u00e0 ob\u00e9ir \u00e0 tout ce que je vous ai command\u00e9. Et s\u00fbrement, je suis avec toi toujours, jusqu&#8217;\u00e0 la fin.\u201d \u2014Matthew 28:10 African Revival Fellowship (ARF)&nbsp;est d\u00e9di\u00e9 \u00e0 fournir \u00e0 la &hellip; <a href=\"http:\/\/www.africanrevivalfellowship.org\/fr\/religious-and-charity-organization-discipleship-education-and-training\">Continue reading <span class=\"meta-nav\">&rarr;<\/span><\/a><\/p>\n","protected":false},"author":1,"featured_media":403,"parent":0,"menu_order":0,"comment_status":"closed","ping_status":"closed","template":"","meta":[],"translation":{"provider":"WPGlobus","version":"2.7.10","language":"fr","enabled_languages":["en","fr"],"languages":{"en":{"title":true,"content":true,"excerpt":false},"fr":{"title":true,"content":true,"excerpt":false}}},"yoast_head":"<!-- This site is optimized with the Yoast SEO plugin v15.9 - https:\/\/yoast.com\/wordpress\/plugins\/seo\/ -->\n<title>Discipulat, \u00e9ducation et formation | Religious &amp; Charity Organization\u00a0in North Carolina<\/title>\n<meta name=\"robots\" content=\"index, follow, max-snippet:-1, max-image-preview:large, max-video-preview:-1\" \/>\n<link rel=\"canonical\" href=\"http:\/\/www.africanrevivalfellowship.org\/religious-and-charity-organization-discipleship-education-and-training\" \/>\n<meta property=\"og:locale\" content=\"fr_FR\" \/>\n<meta property=\"og:type\" content=\"article\" \/>\n<meta property=\"og:title\" content=\"Discipulat, \u00e9ducation et formation | Religious &amp; Charity Organization\u00a0in North Carolina\" \/>\n<meta property=\"og:url\" content=\"http:\/\/www.africanrevivalfellowship.org\/religious-and-charity-organization-discipleship-education-and-training\" \/>\n<meta property=\"og:site_name\" content=\"AFRICAN REVIVAL FELLOWSHIP African Impact\" \/>\n<meta property=\"article:modified_time\" content=\"2021-08-03T08:50:24+00:00\" \/>\n<meta property=\"og:image\" content=\"http:\/\/www.africanrevivalfellowship.org\/wp-content\/uploads\/2021\/07\/nonhome-667971985.jpg\" \/>\n\t<meta property=\"og:image:width\" content=\"1920\" \/>\n\t<meta property=\"og:image:height\" content=\"500\" \/>\n<meta name=\"twitter:card\" content=\"summary_large_image\" \/>\n<meta name=\"twitter:label1\" content=\"Est. reading time\">\n\t<meta name=\"twitter:data1\" content=\"3 minutes\">\n<script type=\"application\/ld+json\" class=\"yoast-schema-graph\">{\"@context\":\"https:\/\/schema.org\",\"@graph\":[{\"@type\":\"WebSite\",\"@id\":\"http:\/\/www.africanrevivalfellowship.org\/#website\",\"url\":\"http:\/\/www.africanrevivalfellowship.org\/\",\"name\":\"AFRICAN REVIVAL FELLOWSHIP African Impact\",\"description\":\"Just another WordPress site\",\"potentialAction\":[{\"@type\":\"SearchAction\",\"target\":\"http:\/\/www.africanrevivalfellowship.org\/?s={search_term_string}\",\"query-input\":\"required name=search_term_string\"}],\"inLanguage\":\"fr-FR\"},{\"@type\":\"ImageObject\",\"@id\":\"http:\/\/www.africanrevivalfellowship.org\/religious-and-charity-organization-discipleship-education-and-training#primaryimage\",\"inLanguage\":\"fr-FR\",\"url\":\"http:\/\/www.africanrevivalfellowship.org\/wp-content\/uploads\/2021\/07\/nonhome-667971985.jpg\",\"width\":1920,\"height\":500,\"caption\":\"Schoolgirl reading at her desk in elementary school lesson\"},{\"@type\":\"WebPage\",\"@id\":\"http:\/\/www.africanrevivalfellowship.org\/religious-and-charity-organization-discipleship-education-and-training#webpage\",\"url\":\"http:\/\/www.africanrevivalfellowship.org\/religious-and-charity-organization-discipleship-education-and-training\",\"name\":\"Discipulat, \\u00e9ducation et formation | Religious & Charity Organization\\u00a0in North Carolina\",\"isPartOf\":{\"@id\":\"http:\/\/www.africanrevivalfellowship.org\/#website\"},\"primaryImageOfPage\":{\"@id\":\"http:\/\/www.africanrevivalfellowship.org\/religious-and-charity-organization-discipleship-education-and-training#primaryimage\"},\"datePublished\":\"2021-06-08T04:02:47+00:00\",\"dateModified\":\"2021-08-03T08:50:24+00:00\",\"description\":\"AFRICAN REVIVAL FELLOWSHIP African Impact is a nonprofit Christian organization in North Carolina. Visit our website for more details.\",\"breadcrumb\":{\"@id\":\"http:\/\/www.africanrevivalfellowship.org\/religious-and-charity-organization-discipleship-education-and-training#breadcrumb\"},\"inLanguage\":\"fr-FR\",\"potentialAction\":[{\"@type\":\"ReadAction\",\"target\":[\"http:\/\/www.africanrevivalfellowship.org\/religious-and-charity-organization-discipleship-education-and-training\"]}]},{\"@type\":\"BreadcrumbList\",\"@id\":\"http:\/\/www.africanrevivalfellowship.org\/religious-and-charity-organization-discipleship-education-and-training#breadcrumb\",\"itemListElement\":[{\"@type\":\"ListItem\",\"position\":1,\"item\":{\"@type\":\"WebPage\",\"@id\":\"http:\/\/www.africanrevivalfellowship.org\/\",\"url\":\"http:\/\/www.africanrevivalfellowship.org\/\",\"name\":\"Home\"}},{\"@type\":\"ListItem\",\"position\":2,\"item\":{\"@type\":\"WebPage\",\"@id\":\"http:\/\/www.africanrevivalfellowship.org\/religious-and-charity-organization-discipleship-education-and-training\",\"url\":\"http:\/\/www.africanrevivalfellowship.org\/religious-and-charity-organization-discipleship-education-and-training\",\"name\":\"Discipleship, Education, and Training\"}}]}]}<\/script>\n<!-- \/ Yoast SEO plugin. -->","_links":{"self":[{"href":"http:\/\/www.africanrevivalfellowship.org\/fr\/wp-json\/wp\/v2\/pages\/121"}],"collection":[{"href":"http:\/\/www.africanrevivalfellowship.org\/fr\/wp-json\/wp\/v2\/pages"}],"about":[{"href":"http:\/\/www.africanrevivalfellowship.org\/fr\/wp-json\/wp\/v2\/types\/page"}],"author":[{"embeddable":true,"href":"http:\/\/www.africanrevivalfellowship.org\/fr\/wp-json\/wp\/v2\/users\/1"}],"replies":[{"embeddable":true,"href":"http:\/\/www.africanrevivalfellowship.org\/fr\/wp-json\/wp\/v2\/comments?post=121"}],"version-history":[{"count":10,"href":"http:\/\/www.africanrevivalfellowship.org\/fr\/wp-json\/wp\/v2\/pages\/121\/revisions"}],"predecessor-version":[{"id":473,"href":"http:\/\/www.africanrevivalfellowship.org\/fr\/wp-json\/wp\/v2\/pages\/121\/revisions\/473"}],"wp:featuredmedia":[{"embeddable":true,"href":"http:\/\/www.africanrevivalfellowship.org\/fr\/wp-json\/wp\/v2\/media\/403"}],"wp:attachment":[{"href":"http:\/\/www.africanrevivalfellowship.org\/fr\/wp-json\/wp\/v2\/media?parent=121"}],"curies":[{"name":"wp","href":"https:\/\/api.w.org\/{rel}","templated":true}]}}