{"id":122,"date":"2021-06-08T04:02:56","date_gmt":"2021-06-08T04:02:56","guid":{"rendered":"https:\/\/w0653.proweaver.site\/?page_id=122"},"modified":"2021-08-03T09:10:28","modified_gmt":"2021-08-03T09:10:28","slug":"religious-and-charity-organization-health-care-and-medical-assistance","status":"publish","type":"page","link":"http:\/\/www.africanrevivalfellowship.org\/fr\/religious-and-charity-organization-health-care-and-medical-assistance","title":{"rendered":"Soins de sant\u00e9 et assistance m\u00e9dicale"},"content":{"rendered":"<div class=\"intro_txt\">\u201cCar je vous r\u00e9tablirai la sant\u00e9 et vous gu\u00e9rirai de vos blessures \u00bb, dit le Seigneur. \u2014J\u00e9r\u00e9mie 30:17<\/div>\n<figure><img src=\"http:\/\/www.africanrevivalfellowship.org\/wp-content\/themes\/africanrevivalan362\/images\/thumbnails\/18.jpg\" class=\"thumb_right_dd\" alt=\"large birds\"><\/figure>\n<p>ARF fournit des informations sanitaires et m\u00e9dicales qui perturbent la croissance du d\u00e9veloppement en Afrique. Tous les services fournis sont pratiques et pertinents pour les probl\u00e8mes de sant\u00e9 qui affectent les communaut\u00e9s africaines.<\/p>\n<h3>Programme de pr\u00e9vention des \u00e9pid\u00e9mies<\/h3>\n<p>Le nombre de maladies en Afrique continue de se propager \u00e0 un rythme alarmant. Des maladies telles que le paludisme et le chol\u00e9ra ont caus\u00e9 des milliers de morts. La ma\u00eetrise de ces maladies infectieuses est l&#8217;une de nos principales priorit\u00e9s. Alors que nous continuons \u00e0 lutter de mani\u00e8re agressive contre la pr\u00e9valence des maladies qui changent la vie, l&#8217;ARF sert de ressource pour fournir des m\u00e9thodes de pr\u00e9vention.<\/p>\n<h3>Programme de sant\u00e9 communautaire<\/h3>\n<p>Notre programme de sant\u00e9 communautaire a \u00e9t\u00e9 cr\u00e9\u00e9 pour promouvoir, prot\u00e9ger et am\u00e9liorer la sant\u00e9 des personnes vivant en Afrique. Dans le cadre de cette initiative, nous construisons des toilettes publiques et modernes dans les communaut\u00e9s vuln\u00e9rables et bien plus encore.<\/p>\n<h3>Programme de fournitures m\u00e9dicales<\/h3>\n<p>ARF fournit des fournitures m\u00e9dicales vitales aux praticiens et aux prestataires de soins de sant\u00e9 sur le continent. Les fournitures fournies sont utilis\u00e9es pour traiter et diagnostiquer des maladies mortelles, ce qui profite au secteur de la sant\u00e9 tout en sauvant des vies.<\/p>\n<div class=\"nh_btn\">\n<a href=\"http:\/\/www.africanrevivalfellowship.org\/religious-and-charity-organization-donate\">Faire un don<\/a><br \/>\n<a href=\"http:\/\/www.africanrevivalfellowship.org\/religious-and-charity-organization-volunteer\">\u00catre b\u00e9n\u00e9vole<\/a><\/div>\n<h3>Connecte-toi avec nous<\/h3>\n<p>Apprenez-en plus sur notre programme de formation, d&#8217;\u00e9ducation et de formation en nous envoyant un message via <a href=\"religious-and-charity-organization-contact-us\">notre formulaire de contact en ligne<\/a>.<\/p>\n","protected":false},"excerpt":{"rendered":"<p>\u201cCar je vous r\u00e9tablirai la sant\u00e9 et vous gu\u00e9rirai de vos blessures \u00bb, dit le Seigneur. \u2014J\u00e9r\u00e9mie 30:17 ARF fournit des informations sanitaires et m\u00e9dicales qui perturbent la croissance du d\u00e9veloppement en Afrique. Tous les services fournis sont pratiques et pertinents pour les probl\u00e8mes de sant\u00e9 qui affectent les communaut\u00e9s africaines. Programme de pr\u00e9vention des &hellip; <a href=\"http:\/\/www.africanrevivalfellowship.org\/fr\/religious-and-charity-organization-health-care-and-medical-assistance\">Continue reading <span class=\"meta-nav\">&rarr;<\/span><\/a><\/p>\n","protected":false},"author":1,"featured_media":310,"parent":0,"menu_order":0,"comment_status":"closed","ping_status":"closed","template":"","meta":[],"translation":{"provider":"WPGlobus","version":"2.7.10","language":"fr","enabled_languages":["en","fr"],"languages":{"en":{"title":true,"content":true,"excerpt":false},"fr":{"title":true,"content":true,"excerpt":false}}},"yoast_head":"<!-- This site is optimized with the Yoast SEO plugin v15.9 - https:\/\/yoast.com\/wordpress\/plugins\/seo\/ -->\n<title>Soins de sant\u00e9 et assistance m\u00e9dicale | Religious &amp; Charity Organization\u00a0in North Carolina<\/title>\n<meta name=\"robots\" content=\"index, follow, max-snippet:-1, max-image-preview:large, max-video-preview:-1\" \/>\n<link rel=\"canonical\" href=\"http:\/\/www.africanrevivalfellowship.org\/religious-and-charity-organization-health-care-and-medical-assistance\" \/>\n<meta property=\"og:locale\" content=\"fr_FR\" \/>\n<meta property=\"og:type\" content=\"article\" \/>\n<meta property=\"og:title\" content=\"Soins de sant\u00e9 et assistance m\u00e9dicale | Religious &amp; Charity Organization\u00a0in North Carolina\" \/>\n<meta property=\"og:url\" content=\"http:\/\/www.africanrevivalfellowship.org\/religious-and-charity-organization-health-care-and-medical-assistance\" \/>\n<meta property=\"og:site_name\" content=\"AFRICAN REVIVAL FELLOWSHIP African Impact\" \/>\n<meta property=\"article:modified_time\" content=\"2021-08-03T09:10:28+00:00\" \/>\n<meta property=\"og:image\" content=\"http:\/\/www.africanrevivalfellowship.org\/wp-content\/uploads\/2021\/07\/healthcare-nonhome-ban.png\" \/>\n\t<meta property=\"og:image:width\" content=\"1920\" \/>\n\t<meta property=\"og:image:height\" content=\"500\" \/>\n<meta name=\"twitter:card\" content=\"summary_large_image\" \/>\n<meta name=\"twitter:label1\" content=\"Est. reading time\">\n\t<meta name=\"twitter:data1\" content=\"2 minutes\">\n<script type=\"application\/ld+json\" class=\"yoast-schema-graph\">{\"@context\":\"https:\/\/schema.org\",\"@graph\":[{\"@type\":\"WebSite\",\"@id\":\"http:\/\/www.africanrevivalfellowship.org\/#website\",\"url\":\"http:\/\/www.africanrevivalfellowship.org\/\",\"name\":\"AFRICAN REVIVAL FELLOWSHIP African Impact\",\"description\":\"Just another WordPress site\",\"potentialAction\":[{\"@type\":\"SearchAction\",\"target\":\"http:\/\/www.africanrevivalfellowship.org\/?s={search_term_string}\",\"query-input\":\"required name=search_term_string\"}],\"inLanguage\":\"fr-FR\"},{\"@type\":\"ImageObject\",\"@id\":\"http:\/\/www.africanrevivalfellowship.org\/religious-and-charity-organization-health-care-and-medical-assistance#primaryimage\",\"inLanguage\":\"fr-FR\",\"url\":\"http:\/\/www.africanrevivalfellowship.org\/wp-content\/uploads\/2021\/07\/healthcare-nonhome-ban.png\",\"width\":1920,\"height\":500,\"caption\":\"patient with the nurse are talking happily\"},{\"@type\":\"WebPage\",\"@id\":\"http:\/\/www.africanrevivalfellowship.org\/religious-and-charity-organization-health-care-and-medical-assistance#webpage\",\"url\":\"http:\/\/www.africanrevivalfellowship.org\/religious-and-charity-organization-health-care-and-medical-assistance\",\"name\":\"Soins de sant\\u00e9 et assistance m\\u00e9dicale | Religious & Charity Organization\\u00a0in North Carolina\",\"isPartOf\":{\"@id\":\"http:\/\/www.africanrevivalfellowship.org\/#website\"},\"primaryImageOfPage\":{\"@id\":\"http:\/\/www.africanrevivalfellowship.org\/religious-and-charity-organization-health-care-and-medical-assistance#primaryimage\"},\"datePublished\":\"2021-06-08T04:02:56+00:00\",\"dateModified\":\"2021-08-03T09:10:28+00:00\",\"description\":\"AFRICAN REVIVAL FELLOWSHIP African Impact is a nonprofit Christian organization in North Carolina. Visit our website for more details.\",\"breadcrumb\":{\"@id\":\"http:\/\/www.africanrevivalfellowship.org\/religious-and-charity-organization-health-care-and-medical-assistance#breadcrumb\"},\"inLanguage\":\"fr-FR\",\"potentialAction\":[{\"@type\":\"ReadAction\",\"target\":[\"http:\/\/www.africanrevivalfellowship.org\/religious-and-charity-organization-health-care-and-medical-assistance\"]}]},{\"@type\":\"BreadcrumbList\",\"@id\":\"http:\/\/www.africanrevivalfellowship.org\/religious-and-charity-organization-health-care-and-medical-assistance#breadcrumb\",\"itemListElement\":[{\"@type\":\"ListItem\",\"position\":1,\"item\":{\"@type\":\"WebPage\",\"@id\":\"http:\/\/www.africanrevivalfellowship.org\/\",\"url\":\"http:\/\/www.africanrevivalfellowship.org\/\",\"name\":\"Home\"}},{\"@type\":\"ListItem\",\"position\":2,\"item\":{\"@type\":\"WebPage\",\"@id\":\"http:\/\/www.africanrevivalfellowship.org\/religious-and-charity-organization-health-care-and-medical-assistance\",\"url\":\"http:\/\/www.africanrevivalfellowship.org\/religious-and-charity-organization-health-care-and-medical-assistance\",\"name\":\"Health Care &#038; Medical Assistance\"}}]}]}<\/script>\n<!-- \/ Yoast SEO plugin. -->","_links":{"self":[{"href":"http:\/\/www.africanrevivalfellowship.org\/fr\/wp-json\/wp\/v2\/pages\/122"}],"collection":[{"href":"http:\/\/www.africanrevivalfellowship.org\/fr\/wp-json\/wp\/v2\/pages"}],"about":[{"href":"http:\/\/www.africanrevivalfellowship.org\/fr\/wp-json\/wp\/v2\/types\/page"}],"author":[{"embeddable":true,"href":"http:\/\/www.africanrevivalfellowship.org\/fr\/wp-json\/wp\/v2\/users\/1"}],"replies":[{"embeddable":true,"href":"http:\/\/www.africanrevivalfellowship.org\/fr\/wp-json\/wp\/v2\/comments?post=122"}],"version-history":[{"count":8,"href":"http:\/\/www.africanrevivalfellowship.org\/fr\/wp-json\/wp\/v2\/pages\/122\/revisions"}],"predecessor-version":[{"id":483,"href":"http:\/\/www.africanrevivalfellowship.org\/fr\/wp-json\/wp\/v2\/pages\/122\/revisions\/483"}],"wp:featuredmedia":[{"embeddable":true,"href":"http:\/\/www.africanrevivalfellowship.org\/fr\/wp-json\/wp\/v2\/media\/310"}],"wp:attachment":[{"href":"http:\/\/www.africanrevivalfellowship.org\/fr\/wp-json\/wp\/v2\/media?parent=122"}],"curies":[{"name":"wp","href":"https:\/\/api.w.org\/{rel}","templated":true}]}}