{"id":123,"date":"2021-06-08T04:03:05","date_gmt":"2021-06-08T04:03:05","guid":{"rendered":"https:\/\/w0653.proweaver.site\/?page_id=123"},"modified":"2021-08-03T08:06:36","modified_gmt":"2021-08-03T08:06:36","slug":"religious-and-charity-organization-agriculture-and-livelihoods","status":"publish","type":"page","link":"http:\/\/www.africanrevivalfellowship.org\/fr\/religious-and-charity-organization-agriculture-and-livelihoods","title":{"rendered":"Agriculture et moyens de subsistance"},"content":{"rendered":"<div class=\"intro_txt\">Il fait pousser l&#8217;herbe pour le b\u00e9tail et la v\u00e9g\u00e9tation pour le travail de l&#8217;homme afin qu&#8217;il puisse tirer de la terre de la nourriture. \u2014Psaumes104:14<\/div>\n<figure><img src=\"http:\/\/www.africanrevivalfellowship.org\/wp-content\/themes\/africanrevivalan362\/images\/thumbnails\/19.jpg\" class=\"thumb_right_dd\" alt=\"cheetah\"><\/figure>\n<p>Notre programme Agriculture et moyens de subsistance est disponible pour les communaut\u00e9s en Afrique.<\/p>\n<p>Nous proposons des formations pour am\u00e9liorer les m\u00e9thodes agricoles en mettant des semences, des outils et des ressources \u00e0 la disposition de ceux qui en ont besoin. L&#8217;objectif est de cr\u00e9er des agriculteurs et des familles dans des r\u00e9gions \u00e9loign\u00e9es qui ont assez pour cultiver de la nourriture et \u00e9lever des animaux.<\/p>\n<h3>Programme d&#8217;\u00e9levage&nbsp;<\/h3>\n<p>La production animale joue un r\u00f4le majeur dans le bien-\u00eatre \u00e9conomique des m\u00e9nages. Gr\u00e2ce \u00e0 notre initiative Agriculture et moyens de subsistance,&nbsp;ARF&nbsp;enseigne les m\u00e9thodes d&#8217;approvisionnement alimentaire de base de la communaut\u00e9 qui conduisent \u00e0 des revenus suppl\u00e9mentaires, \u00e0 l&#8217;\u00e9pargne d&#8217;actifs et \u00e0 l&#8217;emploi.<\/p>\n<h3>Ferme &amp; amp; Programme de jardin<\/h3>\n<p>Manger des fruits et l\u00e9gumes biologiques est n\u00e9cessaire pour am\u00e9liorer la sant\u00e9 des personnes vivant en Afrique. Notre nourriture &amp; Le programme de jardinage enseigne des moyens rentables et innovants pour que les gens se sentent connect\u00e9s au monde naturel.&nbsp;<\/p>\n<p>Ce programme offre une exp\u00e9rience pratique de la culture d&#8217;un jardin tout en enseignant aux familles l&#8217;intendance de leur environnement alimentaire.<\/p>\n<div class=\"nh_btn\">\n<a href=\"http:\/\/www.africanrevivalfellowship.org\/religious-and-charity-organization-donate\">Faire un don<\/a><br \/>\n<a href=\"http:\/\/www.africanrevivalfellowship.org\/religious-and-charity-organization-volunteer\">\u00catre b\u00e9n\u00e9vole<\/a><\/div>\n<h3>Connecte-toi avec nous<\/h3>\n<p>Apprenez-en plus sur notre programme de formation, d&#8217;\u00e9ducation et de formation en nous envoyant un message via <a href=\"religious-and-charity-organization-contact-us\">notre formulaire de contact en ligne<\/a>.<\/p>\n","protected":false},"excerpt":{"rendered":"<p>Il fait pousser l&#8217;herbe pour le b\u00e9tail et la v\u00e9g\u00e9tation pour le travail de l&#8217;homme afin qu&#8217;il puisse tirer de la terre de la nourriture. \u2014Psaumes104:14 Notre programme Agriculture et moyens de subsistance est disponible pour les communaut\u00e9s en Afrique. Nous proposons des formations pour am\u00e9liorer les m\u00e9thodes agricoles en mettant des semences, des outils &hellip; <a href=\"http:\/\/www.africanrevivalfellowship.org\/fr\/religious-and-charity-organization-agriculture-and-livelihoods\">Continue reading <span class=\"meta-nav\">&rarr;<\/span><\/a><\/p>\n","protected":false},"author":1,"featured_media":250,"parent":0,"menu_order":0,"comment_status":"closed","ping_status":"closed","template":"","meta":[],"translation":{"provider":"WPGlobus","version":"2.7.10","language":"fr","enabled_languages":["en","fr"],"languages":{"en":{"title":true,"content":true,"excerpt":false},"fr":{"title":true,"content":true,"excerpt":false}}},"yoast_head":"<!-- This site is optimized with the Yoast SEO plugin v15.9 - https:\/\/yoast.com\/wordpress\/plugins\/seo\/ -->\n<title>Agriculture et moyens de subsistance  | Religious &amp; Charity Organization\u00a0in North Carolina<\/title>\n<meta name=\"robots\" content=\"index, follow, max-snippet:-1, max-image-preview:large, max-video-preview:-1\" \/>\n<link rel=\"canonical\" href=\"http:\/\/www.africanrevivalfellowship.org\/religious-and-charity-organization-agriculture-and-livelihoods\" \/>\n<meta property=\"og:locale\" content=\"fr_FR\" \/>\n<meta property=\"og:type\" content=\"article\" \/>\n<meta property=\"og:title\" content=\"Agriculture et moyens de subsistance  | Religious &amp; Charity Organization\u00a0in North Carolina\" \/>\n<meta property=\"og:url\" content=\"http:\/\/www.africanrevivalfellowship.org\/religious-and-charity-organization-agriculture-and-livelihoods\" \/>\n<meta property=\"og:site_name\" content=\"AFRICAN REVIVAL FELLOWSHIP African Impact\" \/>\n<meta property=\"article:modified_time\" content=\"2021-08-03T08:06:36+00:00\" \/>\n<meta property=\"og:image\" content=\"http:\/\/www.africanrevivalfellowship.org\/wp-content\/uploads\/2021\/07\/12.png\" \/>\n\t<meta property=\"og:image:width\" content=\"1920\" \/>\n\t<meta property=\"og:image:height\" content=\"500\" \/>\n<meta name=\"twitter:card\" content=\"summary_large_image\" \/>\n<meta name=\"twitter:label1\" content=\"Est. reading time\">\n\t<meta name=\"twitter:data1\" content=\"2 minutes\">\n<script type=\"application\/ld+json\" class=\"yoast-schema-graph\">{\"@context\":\"https:\/\/schema.org\",\"@graph\":[{\"@type\":\"WebSite\",\"@id\":\"http:\/\/www.africanrevivalfellowship.org\/#website\",\"url\":\"http:\/\/www.africanrevivalfellowship.org\/\",\"name\":\"AFRICAN REVIVAL FELLOWSHIP African Impact\",\"description\":\"Just another WordPress site\",\"potentialAction\":[{\"@type\":\"SearchAction\",\"target\":\"http:\/\/www.africanrevivalfellowship.org\/?s={search_term_string}\",\"query-input\":\"required name=search_term_string\"}],\"inLanguage\":\"fr-FR\"},{\"@type\":\"ImageObject\",\"@id\":\"http:\/\/www.africanrevivalfellowship.org\/religious-and-charity-organization-agriculture-and-livelihoods#primaryimage\",\"inLanguage\":\"fr-FR\",\"url\":\"http:\/\/www.africanrevivalfellowship.org\/wp-content\/uploads\/2021\/07\/12.png\",\"width\":1920,\"height\":500,\"caption\":\"hand holding wood\"},{\"@type\":\"WebPage\",\"@id\":\"http:\/\/www.africanrevivalfellowship.org\/religious-and-charity-organization-agriculture-and-livelihoods#webpage\",\"url\":\"http:\/\/www.africanrevivalfellowship.org\/religious-and-charity-organization-agriculture-and-livelihoods\",\"name\":\"Agriculture et moyens de subsistance  | Religious & Charity Organization\\u00a0in North Carolina\",\"isPartOf\":{\"@id\":\"http:\/\/www.africanrevivalfellowship.org\/#website\"},\"primaryImageOfPage\":{\"@id\":\"http:\/\/www.africanrevivalfellowship.org\/religious-and-charity-organization-agriculture-and-livelihoods#primaryimage\"},\"datePublished\":\"2021-06-08T04:03:05+00:00\",\"dateModified\":\"2021-08-03T08:06:36+00:00\",\"description\":\"AFRICAN REVIVAL FELLOWSHIP African Impact is a nonprofit Christian organization in North Carolina. Visit our website for more details.\",\"breadcrumb\":{\"@id\":\"http:\/\/www.africanrevivalfellowship.org\/religious-and-charity-organization-agriculture-and-livelihoods#breadcrumb\"},\"inLanguage\":\"fr-FR\",\"potentialAction\":[{\"@type\":\"ReadAction\",\"target\":[\"http:\/\/www.africanrevivalfellowship.org\/religious-and-charity-organization-agriculture-and-livelihoods\"]}]},{\"@type\":\"BreadcrumbList\",\"@id\":\"http:\/\/www.africanrevivalfellowship.org\/religious-and-charity-organization-agriculture-and-livelihoods#breadcrumb\",\"itemListElement\":[{\"@type\":\"ListItem\",\"position\":1,\"item\":{\"@type\":\"WebPage\",\"@id\":\"http:\/\/www.africanrevivalfellowship.org\/\",\"url\":\"http:\/\/www.africanrevivalfellowship.org\/\",\"name\":\"Home\"}},{\"@type\":\"ListItem\",\"position\":2,\"item\":{\"@type\":\"WebPage\",\"@id\":\"http:\/\/www.africanrevivalfellowship.org\/religious-and-charity-organization-agriculture-and-livelihoods\",\"url\":\"http:\/\/www.africanrevivalfellowship.org\/religious-and-charity-organization-agriculture-and-livelihoods\",\"name\":\"Agriculture and Livelihoods\"}}]}]}<\/script>\n<!-- \/ Yoast SEO plugin. -->","_links":{"self":[{"href":"http:\/\/www.africanrevivalfellowship.org\/fr\/wp-json\/wp\/v2\/pages\/123"}],"collection":[{"href":"http:\/\/www.africanrevivalfellowship.org\/fr\/wp-json\/wp\/v2\/pages"}],"about":[{"href":"http:\/\/www.africanrevivalfellowship.org\/fr\/wp-json\/wp\/v2\/types\/page"}],"author":[{"embeddable":true,"href":"http:\/\/www.africanrevivalfellowship.org\/fr\/wp-json\/wp\/v2\/users\/1"}],"replies":[{"embeddable":true,"href":"http:\/\/www.africanrevivalfellowship.org\/fr\/wp-json\/wp\/v2\/comments?post=123"}],"version-history":[{"count":6,"href":"http:\/\/www.africanrevivalfellowship.org\/fr\/wp-json\/wp\/v2\/pages\/123\/revisions"}],"predecessor-version":[{"id":467,"href":"http:\/\/www.africanrevivalfellowship.org\/fr\/wp-json\/wp\/v2\/pages\/123\/revisions\/467"}],"wp:featuredmedia":[{"embeddable":true,"href":"http:\/\/www.africanrevivalfellowship.org\/fr\/wp-json\/wp\/v2\/media\/250"}],"wp:attachment":[{"href":"http:\/\/www.africanrevivalfellowship.org\/fr\/wp-json\/wp\/v2\/media?parent=123"}],"curies":[{"name":"wp","href":"https:\/\/api.w.org\/{rel}","templated":true}]}}