{"id":124,"date":"2021-06-08T04:03:10","date_gmt":"2021-06-08T04:03:10","guid":{"rendered":"https:\/\/w0653.proweaver.site\/?page_id=124"},"modified":"2021-08-03T08:52:22","modified_gmt":"2021-08-03T08:52:22","slug":"religious-and-charity-organization-economic-and-social-development","status":"publish","type":"page","link":"http:\/\/www.africanrevivalfellowship.org\/fr\/religious-and-charity-organization-economic-and-social-development","title":{"rendered":"D\u00e9veloppement \u00e9conomique et social"},"content":{"rendered":"<div class=\"intro_txt\">\u201cEt mon Dieu pourvoira \u00e0 tous vos besoins selon sa richesse avec gloire en J\u00e9sus-Christ. \u00bb \u2014Philippiens 4:19<\/div>\n<figure><img src=\"http:\/\/www.africanrevivalfellowship.org\/wp-content\/themes\/africanrevivalan362\/images\/thumbnails\/21.jpg\" alt=\"woman and her child\" class=\"thumb_right_dd\"><\/figure>\n<p>Notre programme de d\u00e9veloppement \u00e9conomique et social a \u00e9t\u00e9 cr\u00e9\u00e9 pour outiller les entrepreneurs et les propri\u00e9taires de petites entreprises \u00e0 cr\u00e9er des emplois qui prosp\u00e9reront dans l&#8217;\u00e9conomie d&#8217;aujourd&#8217;hui.<\/p>\n<h3>Initiative des petites entreprises de la diaspora<\/h3>\n<p>Le but de notre Diaspora Small Business Initiative est d&#8217;aider \u00e0 cr\u00e9er des emplois qui contribueront aux Africains r\u00e9sidant aux \u00c9tats-Unis. Ce cours aborde des d\u00e9fis tels que l&#8217;acc\u00e8s limit\u00e9 au capital et fournit aux participants les meilleures pratiques qui leur permettront de r\u00e9ussir en tant qu&#8217;entrepreneur et propri\u00e9taire de petite entreprise.<\/p>\n<h3>Leadership de la jeunesse africaine &amp; Programme d&#8217;entrepreneuriat<\/h3>\n<p>Notre programme de d\u00e9veloppement \u00e9conomique et social pr\u00e9pare la prochaine g\u00e9n\u00e9ration de pionniers avec des capacit\u00e9s de leadership qui les aideront \u00e0 avoir un impact \u00e9norme sur le monde. En leur offrant des cours de d\u00e9veloppement du leadership et d&#8217;entrepreneuriat d\u00e8s leur plus jeune \u00e2ge, nos dirigeants partent pr\u00eats \u00e0 affronter le monde par la force tout en r\u00e9pandant l&#8217;\u00e9vangile de J\u00e9sus-Christ.<\/p>\n<h3>Programme Africain de Micro Pr\u00eat<\/h3>\n<p>Nous comprenons l&#8217;importance croissante du d\u00e9veloppement \u00e9conomique. Le programme africain de micro-pr\u00eats fournit aux entrepreneurs et aux petites entreprises un fonds de roulement pour d\u00e9marrer leur entreprise. Nous voulons contribuer \u00e0 une plus grande libert\u00e9 financi\u00e8re en offrant des microcr\u00e9dits aux entrepreneurs et aux propri\u00e9taires de petites entreprises qui n&#8217;ont besoin que de quelques milliers de dollars pour d\u00e9marrer. ARF aide avec ce qui suit \u00e0 travers notre projet Impact Micro-Enterprise.<\/p>\n<ul class=\"bullet\">\n<li>Frais de d\u00e9marrage<\/li>\n<li>Fonds de roulement pour les stocks ou les fournitures<\/li>\n<li>\u00c9quipement<\/li>\n<\/ul>\n<div class=\"nh_btn\">\n<a href=\"http:\/\/www.africanrevivalfellowship.org\/religious-and-charity-organization-donate\">Faire un don<\/a><br \/>\n<a href=\"http:\/\/www.africanrevivalfellowship.org\/religious-and-charity-organization-volunteer\">\u00catre b\u00e9n\u00e9vole<\/a><\/div>\n<h3>Connecte-toi avec nous<\/h3>\n<p>Apprenez-en plus sur notre programme de formation, d&#8217;\u00e9ducation et de formation en nous envoyant un message via <a href=\"religious-and-charity-organization-contact-us\">notre formulaire de contact en ligne<\/a>.<\/p>\n","protected":false},"excerpt":{"rendered":"<p>\u201cEt mon Dieu pourvoira \u00e0 tous vos besoins selon sa richesse avec gloire en J\u00e9sus-Christ. \u00bb \u2014Philippiens 4:19 Notre programme de d\u00e9veloppement \u00e9conomique et social a \u00e9t\u00e9 cr\u00e9\u00e9 pour outiller les entrepreneurs et les propri\u00e9taires de petites entreprises \u00e0 cr\u00e9er des emplois qui prosp\u00e9reront dans l&#8217;\u00e9conomie d&#8217;aujourd&#8217;hui. Initiative des petites entreprises de la diaspora Le &hellip; <a href=\"http:\/\/www.africanrevivalfellowship.org\/fr\/religious-and-charity-organization-economic-and-social-development\">Continue reading <span class=\"meta-nav\">&rarr;<\/span><\/a><\/p>\n","protected":false},"author":1,"featured_media":256,"parent":0,"menu_order":0,"comment_status":"closed","ping_status":"closed","template":"","meta":[],"translation":{"provider":"WPGlobus","version":"2.7.10","language":"fr","enabled_languages":["en","fr"],"languages":{"en":{"title":true,"content":true,"excerpt":false},"fr":{"title":true,"content":true,"excerpt":false}}},"yoast_head":"<!-- This site is optimized with the Yoast SEO plugin v15.9 - https:\/\/yoast.com\/wordpress\/plugins\/seo\/ -->\n<title>D\u00e9veloppement \u00e9conomique et social | Religious &amp; Charity Organization\u00a0in North Carolina<\/title>\n<meta name=\"robots\" content=\"index, follow, max-snippet:-1, max-image-preview:large, max-video-preview:-1\" \/>\n<link rel=\"canonical\" href=\"http:\/\/www.africanrevivalfellowship.org\/religious-and-charity-organization-economic-and-social-development\" \/>\n<meta property=\"og:locale\" content=\"fr_FR\" \/>\n<meta property=\"og:type\" content=\"article\" \/>\n<meta property=\"og:title\" content=\"D\u00e9veloppement \u00e9conomique et social | Religious &amp; Charity Organization\u00a0in North Carolina\" \/>\n<meta property=\"og:url\" content=\"http:\/\/www.africanrevivalfellowship.org\/religious-and-charity-organization-economic-and-social-development\" \/>\n<meta property=\"og:site_name\" content=\"AFRICAN REVIVAL FELLOWSHIP African Impact\" \/>\n<meta property=\"article:modified_time\" content=\"2021-08-03T08:52:22+00:00\" \/>\n<meta property=\"og:image\" content=\"http:\/\/www.africanrevivalfellowship.org\/wp-content\/uploads\/2021\/07\/20.png\" \/>\n\t<meta property=\"og:image:width\" content=\"1920\" \/>\n\t<meta property=\"og:image:height\" content=\"500\" \/>\n<meta name=\"twitter:card\" content=\"summary_large_image\" \/>\n<meta name=\"twitter:label1\" content=\"Est. reading time\">\n\t<meta name=\"twitter:data1\" content=\"2 minutes\">\n<script type=\"application\/ld+json\" class=\"yoast-schema-graph\">{\"@context\":\"https:\/\/schema.org\",\"@graph\":[{\"@type\":\"WebSite\",\"@id\":\"http:\/\/www.africanrevivalfellowship.org\/#website\",\"url\":\"http:\/\/www.africanrevivalfellowship.org\/\",\"name\":\"AFRICAN REVIVAL FELLOWSHIP African Impact\",\"description\":\"Just another WordPress site\",\"potentialAction\":[{\"@type\":\"SearchAction\",\"target\":\"http:\/\/www.africanrevivalfellowship.org\/?s={search_term_string}\",\"query-input\":\"required name=search_term_string\"}],\"inLanguage\":\"fr-FR\"},{\"@type\":\"ImageObject\",\"@id\":\"http:\/\/www.africanrevivalfellowship.org\/religious-and-charity-organization-economic-and-social-development#primaryimage\",\"inLanguage\":\"fr-FR\",\"url\":\"http:\/\/www.africanrevivalfellowship.org\/wp-content\/uploads\/2021\/07\/20.png\",\"width\":1920,\"height\":500,\"caption\":\"happy family\"},{\"@type\":\"WebPage\",\"@id\":\"http:\/\/www.africanrevivalfellowship.org\/religious-and-charity-organization-economic-and-social-development#webpage\",\"url\":\"http:\/\/www.africanrevivalfellowship.org\/religious-and-charity-organization-economic-and-social-development\",\"name\":\"D\\u00e9veloppement \\u00e9conomique et social | Religious & Charity Organization\\u00a0in North Carolina\",\"isPartOf\":{\"@id\":\"http:\/\/www.africanrevivalfellowship.org\/#website\"},\"primaryImageOfPage\":{\"@id\":\"http:\/\/www.africanrevivalfellowship.org\/religious-and-charity-organization-economic-and-social-development#primaryimage\"},\"datePublished\":\"2021-06-08T04:03:10+00:00\",\"dateModified\":\"2021-08-03T08:52:22+00:00\",\"description\":\"AFRICAN REVIVAL FELLOWSHIP African Impact is a nonprofit Christian organization in North Carolina. Visit our website for more details.\",\"breadcrumb\":{\"@id\":\"http:\/\/www.africanrevivalfellowship.org\/religious-and-charity-organization-economic-and-social-development#breadcrumb\"},\"inLanguage\":\"fr-FR\",\"potentialAction\":[{\"@type\":\"ReadAction\",\"target\":[\"http:\/\/www.africanrevivalfellowship.org\/religious-and-charity-organization-economic-and-social-development\"]}]},{\"@type\":\"BreadcrumbList\",\"@id\":\"http:\/\/www.africanrevivalfellowship.org\/religious-and-charity-organization-economic-and-social-development#breadcrumb\",\"itemListElement\":[{\"@type\":\"ListItem\",\"position\":1,\"item\":{\"@type\":\"WebPage\",\"@id\":\"http:\/\/www.africanrevivalfellowship.org\/\",\"url\":\"http:\/\/www.africanrevivalfellowship.org\/\",\"name\":\"Home\"}},{\"@type\":\"ListItem\",\"position\":2,\"item\":{\"@type\":\"WebPage\",\"@id\":\"http:\/\/www.africanrevivalfellowship.org\/religious-and-charity-organization-economic-and-social-development\",\"url\":\"http:\/\/www.africanrevivalfellowship.org\/religious-and-charity-organization-economic-and-social-development\",\"name\":\"Economic and Social Development\"}}]}]}<\/script>\n<!-- \/ Yoast SEO plugin. -->","_links":{"self":[{"href":"http:\/\/www.africanrevivalfellowship.org\/fr\/wp-json\/wp\/v2\/pages\/124"}],"collection":[{"href":"http:\/\/www.africanrevivalfellowship.org\/fr\/wp-json\/wp\/v2\/pages"}],"about":[{"href":"http:\/\/www.africanrevivalfellowship.org\/fr\/wp-json\/wp\/v2\/types\/page"}],"author":[{"embeddable":true,"href":"http:\/\/www.africanrevivalfellowship.org\/fr\/wp-json\/wp\/v2\/users\/1"}],"replies":[{"embeddable":true,"href":"http:\/\/www.africanrevivalfellowship.org\/fr\/wp-json\/wp\/v2\/comments?post=124"}],"version-history":[{"count":8,"href":"http:\/\/www.africanrevivalfellowship.org\/fr\/wp-json\/wp\/v2\/pages\/124\/revisions"}],"predecessor-version":[{"id":476,"href":"http:\/\/www.africanrevivalfellowship.org\/fr\/wp-json\/wp\/v2\/pages\/124\/revisions\/476"}],"wp:featuredmedia":[{"embeddable":true,"href":"http:\/\/www.africanrevivalfellowship.org\/fr\/wp-json\/wp\/v2\/media\/256"}],"wp:attachment":[{"href":"http:\/\/www.africanrevivalfellowship.org\/fr\/wp-json\/wp\/v2\/media?parent=124"}],"curies":[{"name":"wp","href":"https:\/\/api.w.org\/{rel}","templated":true}]}}