{"id":125,"date":"2021-06-08T04:03:16","date_gmt":"2021-06-08T04:03:16","guid":{"rendered":"https:\/\/w0653.proweaver.site\/?page_id=125"},"modified":"2021-08-03T09:30:54","modified_gmt":"2021-08-03T09:30:54","slug":"religious-and-charity-organization-refugees-and-immigrants-assistance","status":"publish","type":"page","link":"http:\/\/www.africanrevivalfellowship.org\/fr\/religious-and-charity-organization-refugees-and-immigrants-assistance","title":{"rendered":"Aide aux r\u00e9fugi\u00e9s et aux immigrants"},"content":{"rendered":"<div class=\"intro_txt\">Rahab avait cach\u00e9 les deux hommes, mais elle a r\u00e9pondu: &#8220;Oui, les hommes \u00e9taient ici plus t\u00f4t, mais je ne savais pas d&#8217;o\u00f9 ils venaient.&#8221; \u2014Josu\u00e9 2:4<\/div>\n<figure><img src=\"http:\/\/www.africanrevivalfellowship.org\/wp-content\/themes\/africanrevivalan362\/images\/thumbnails\/24.jpg\" alt=\"girl pointing on something\" class=\"thumb_right_dd\"><\/figure>\n<p>Beaucoup de nos fr\u00e8res et s\u0153urs en Christ ont migr\u00e9 du continent vers les \u00c9tats-Unis. Nous avons \u00e9galement des membres de la communaut\u00e9 chr\u00e9tienne aux \u00c9tats-Unis d&#8217;autres pays et avons besoin de nos services.<\/p>\n<h3>Programme de cours d&#8217;anglais<\/h3>\n<p>Notre programme de cours d&#8217;anglais est dot\u00e9 des comp\u00e9tences de base et interpersonnelles n\u00e9cessaires pour \u00e9tablir la ma\u00eetrise de la langue. Les membres de cette classe deviennent comp\u00e9tents en lecture, \u00e9criture, expression orale et \u00e9coute.<\/p>\n<h3>Citoyennet\u00e9 &amp; Cours de naturalisation&nbsp;<\/h3>\n<p>Notre cours de citoyennet\u00e9 et de naturalisation pr\u00e9pare les \u00e9tudiants immigrants \u00e0 remplir les exigences \u00e9tablies par le Congr\u00e8s dans le cadre de l&#8217;Immigration &amp; Loi sur la nationalit\u00e9. Les participants au programme sont guid\u00e9s \u00e0 travers le processus fastidieux de devenir citoyen des \u00c9tats-Unis.<\/p>\n<h3>Comp\u00e9tences financi\u00e8res&nbsp;<\/h3>\n<p>En tant qu&#8217;immigrant ou r\u00e9fugi\u00e9, il est extr\u00eamement important d&#8217;avoir les connaissances et les comp\u00e9tences n\u00e9cessaires pour g\u00e9rer les finances. Nos cours de litt\u00e9ratie financi\u00e8re fournissent aux immigrants et aux r\u00e9fugi\u00e9s les ressources et les informations n\u00e9cessaires pour d\u00e9velopper et maintenir leurs finances en toute confiance.<\/p>\n<div class=\"nh_btn\">\n<a href=\"http:\/\/www.africanrevivalfellowship.org\/religious-and-charity-organization-donate\">Faire un don<\/a><br \/>\n<a href=\"http:\/\/www.africanrevivalfellowship.org\/religious-and-charity-organization-volunteer\">\u00catre b\u00e9n\u00e9vole<\/a><\/div>\n<h3>Connecte-toi avec nous<\/h3>\n<p>Apprenez-en plus sur notre programme de formation, d&#8217;\u00e9ducation et de formation en nous envoyant un message via <a href=\"religious-and-charity-organization-contact-us\">notre formulaire de contact en ligne<\/a>.<\/p>\n","protected":false},"excerpt":{"rendered":"<p>Rahab avait cach\u00e9 les deux hommes, mais elle a r\u00e9pondu: &#8220;Oui, les hommes \u00e9taient ici plus t\u00f4t, mais je ne savais pas d&#8217;o\u00f9 ils venaient.&#8221; \u2014Josu\u00e9 2:4 Beaucoup de nos fr\u00e8res et s\u0153urs en Christ ont migr\u00e9 du continent vers les \u00c9tats-Unis. Nous avons \u00e9galement des membres de la communaut\u00e9 chr\u00e9tienne aux \u00c9tats-Unis d&#8217;autres pays &hellip; <a href=\"http:\/\/www.africanrevivalfellowship.org\/fr\/religious-and-charity-organization-refugees-and-immigrants-assistance\">Continue reading <span class=\"meta-nav\">&rarr;<\/span><\/a><\/p>\n","protected":false},"author":1,"featured_media":259,"parent":0,"menu_order":0,"comment_status":"closed","ping_status":"closed","template":"","meta":[],"translation":{"provider":"WPGlobus","version":"2.7.10","language":"fr","enabled_languages":["en","fr"],"languages":{"en":{"title":true,"content":true,"excerpt":false},"fr":{"title":true,"content":true,"excerpt":false}}},"yoast_head":"<!-- This site is optimized with the Yoast SEO plugin v15.9 - https:\/\/yoast.com\/wordpress\/plugins\/seo\/ -->\n<title>Aide aux r\u00e9fugi\u00e9s et aux immigrants | Religious &amp; Charity Organization\u00a0in North Carolina<\/title>\n<meta name=\"robots\" content=\"index, follow, max-snippet:-1, max-image-preview:large, max-video-preview:-1\" \/>\n<link rel=\"canonical\" href=\"http:\/\/www.africanrevivalfellowship.org\/religious-and-charity-organization-refugees-and-immigrants-assistance\" \/>\n<meta property=\"og:locale\" content=\"fr_FR\" \/>\n<meta property=\"og:type\" content=\"article\" \/>\n<meta property=\"og:title\" content=\"Aide aux r\u00e9fugi\u00e9s et aux immigrants | Religious &amp; Charity Organization\u00a0in North Carolina\" \/>\n<meta property=\"og:url\" content=\"http:\/\/www.africanrevivalfellowship.org\/religious-and-charity-organization-refugees-and-immigrants-assistance\" \/>\n<meta property=\"og:site_name\" content=\"AFRICAN REVIVAL FELLOWSHIP African Impact\" \/>\n<meta property=\"article:modified_time\" content=\"2021-08-03T09:30:54+00:00\" \/>\n<meta property=\"og:image\" content=\"http:\/\/www.africanrevivalfellowship.org\/wp-content\/uploads\/2021\/07\/23.png\" \/>\n\t<meta property=\"og:image:width\" content=\"1920\" \/>\n\t<meta property=\"og:image:height\" content=\"500\" \/>\n<meta name=\"twitter:card\" content=\"summary_large_image\" \/>\n<meta name=\"twitter:label1\" content=\"Est. reading time\">\n\t<meta name=\"twitter:data1\" content=\"2 minutes\">\n<script type=\"application\/ld+json\" class=\"yoast-schema-graph\">{\"@context\":\"https:\/\/schema.org\",\"@graph\":[{\"@type\":\"WebSite\",\"@id\":\"http:\/\/www.africanrevivalfellowship.org\/#website\",\"url\":\"http:\/\/www.africanrevivalfellowship.org\/\",\"name\":\"AFRICAN REVIVAL FELLOWSHIP African Impact\",\"description\":\"Just another WordPress site\",\"potentialAction\":[{\"@type\":\"SearchAction\",\"target\":\"http:\/\/www.africanrevivalfellowship.org\/?s={search_term_string}\",\"query-input\":\"required name=search_term_string\"}],\"inLanguage\":\"fr-FR\"},{\"@type\":\"ImageObject\",\"@id\":\"http:\/\/www.africanrevivalfellowship.org\/religious-and-charity-organization-refugees-and-immigrants-assistance#primaryimage\",\"inLanguage\":\"fr-FR\",\"url\":\"http:\/\/www.africanrevivalfellowship.org\/wp-content\/uploads\/2021\/07\/23.png\",\"width\":1920,\"height\":500,\"caption\":\"three happy kids\"},{\"@type\":\"WebPage\",\"@id\":\"http:\/\/www.africanrevivalfellowship.org\/religious-and-charity-organization-refugees-and-immigrants-assistance#webpage\",\"url\":\"http:\/\/www.africanrevivalfellowship.org\/religious-and-charity-organization-refugees-and-immigrants-assistance\",\"name\":\"Aide aux r\\u00e9fugi\\u00e9s et aux immigrants | Religious & Charity Organization\\u00a0in North Carolina\",\"isPartOf\":{\"@id\":\"http:\/\/www.africanrevivalfellowship.org\/#website\"},\"primaryImageOfPage\":{\"@id\":\"http:\/\/www.africanrevivalfellowship.org\/religious-and-charity-organization-refugees-and-immigrants-assistance#primaryimage\"},\"datePublished\":\"2021-06-08T04:03:16+00:00\",\"dateModified\":\"2021-08-03T09:30:54+00:00\",\"description\":\"AFRICAN REVIVAL FELLOWSHIP African Impact is a nonprofit Christian organization in North Carolina. Visit our website for more details.\",\"breadcrumb\":{\"@id\":\"http:\/\/www.africanrevivalfellowship.org\/religious-and-charity-organization-refugees-and-immigrants-assistance#breadcrumb\"},\"inLanguage\":\"fr-FR\",\"potentialAction\":[{\"@type\":\"ReadAction\",\"target\":[\"http:\/\/www.africanrevivalfellowship.org\/religious-and-charity-organization-refugees-and-immigrants-assistance\"]}]},{\"@type\":\"BreadcrumbList\",\"@id\":\"http:\/\/www.africanrevivalfellowship.org\/religious-and-charity-organization-refugees-and-immigrants-assistance#breadcrumb\",\"itemListElement\":[{\"@type\":\"ListItem\",\"position\":1,\"item\":{\"@type\":\"WebPage\",\"@id\":\"http:\/\/www.africanrevivalfellowship.org\/\",\"url\":\"http:\/\/www.africanrevivalfellowship.org\/\",\"name\":\"Home\"}},{\"@type\":\"ListItem\",\"position\":2,\"item\":{\"@type\":\"WebPage\",\"@id\":\"http:\/\/www.africanrevivalfellowship.org\/religious-and-charity-organization-refugees-and-immigrants-assistance\",\"url\":\"http:\/\/www.africanrevivalfellowship.org\/religious-and-charity-organization-refugees-and-immigrants-assistance\",\"name\":\"Refugees and Immigrant\\u2019s Assistance\"}}]}]}<\/script>\n<!-- \/ Yoast SEO plugin. -->","_links":{"self":[{"href":"http:\/\/www.africanrevivalfellowship.org\/fr\/wp-json\/wp\/v2\/pages\/125"}],"collection":[{"href":"http:\/\/www.africanrevivalfellowship.org\/fr\/wp-json\/wp\/v2\/pages"}],"about":[{"href":"http:\/\/www.africanrevivalfellowship.org\/fr\/wp-json\/wp\/v2\/types\/page"}],"author":[{"embeddable":true,"href":"http:\/\/www.africanrevivalfellowship.org\/fr\/wp-json\/wp\/v2\/users\/1"}],"replies":[{"embeddable":true,"href":"http:\/\/www.africanrevivalfellowship.org\/fr\/wp-json\/wp\/v2\/comments?post=125"}],"version-history":[{"count":6,"href":"http:\/\/www.africanrevivalfellowship.org\/fr\/wp-json\/wp\/v2\/pages\/125\/revisions"}],"predecessor-version":[{"id":503,"href":"http:\/\/www.africanrevivalfellowship.org\/fr\/wp-json\/wp\/v2\/pages\/125\/revisions\/503"}],"wp:featuredmedia":[{"embeddable":true,"href":"http:\/\/www.africanrevivalfellowship.org\/fr\/wp-json\/wp\/v2\/media\/259"}],"wp:attachment":[{"href":"http:\/\/www.africanrevivalfellowship.org\/fr\/wp-json\/wp\/v2\/media?parent=125"}],"curies":[{"name":"wp","href":"https:\/\/api.w.org\/{rel}","templated":true}]}}