{"id":126,"date":"2021-06-08T04:03:21","date_gmt":"2021-06-08T04:03:21","guid":{"rendered":"https:\/\/w0653.proweaver.site\/?page_id=126"},"modified":"2021-08-03T09:19:12","modified_gmt":"2021-08-03T09:19:12","slug":"religious-and-charity-organization-media-and-radio-ministries","status":"publish","type":"page","link":"http:\/\/www.africanrevivalfellowship.org\/fr\/religious-and-charity-organization-media-and-radio-ministries","title":{"rendered":"Media and Radio Ministries"},"content":{"rendered":"<div class=\"intro_txt\">\u201cEt il leur dit : \u2018Allez par tout le monde et pr\u00eachez l\u2019\u00e9vangile \u00e0 toute cr\u00e9ature.\u2019 \u00bb \u2014 Marc 16<\/div>\n<figure><img src=\"http:\/\/www.africanrevivalfellowship.org\/wp-content\/themes\/africanrevivalan362\/images\/thumbnails\/40.jpg\" alt=\"microphone in a radio station\" class=\"thumb_right_dd\"><\/figure>\n<p>\u00catre un \u00e9vang\u00e9liste pour le Christ va au-del\u00e0 du discipulat de porte \u00e0 porte.<\/p>\n<h3>African Revival Radio \u2013 \u00c9tats-Unis&nbsp;<\/h3>\n<p>Depuis plus de sept ans, notre station fait la promotion de la parole de J\u00e9sus-Christ dans diverses villes des \u00c9tats-Unis. L&#8217;African Revival Radio enflamme de v\u00e9ritables mouvements de renouveau parmi les immigr\u00e9s africains \u00e0 travers le monde. Pour plus d&#8217;informations, visitez <a href=\"https:\/\/www.africanrevivalradio.com\" target=\"_blank\" rel=\"noopener\">www.africanrevivalradio.com<\/a>.<\/p>\n<h3>Agence Christian Media &#8211; Afrique&nbsp;<\/h3>\n<p>L&#8217;Agence Christian Media est un centre de diffusion et de production de Radio Africaine de Renouveau bas\u00e9 au Togo. Ce centre fournit du contenu audio et des programmes \u00e0 African Revival Radio.<\/p>\n<h3>Centre africain de formation aux m\u00e9dias&nbsp;<\/h3>\n<p>Le Centre africain de formation aux m\u00e9dias est con\u00e7u pour former des radiodiffuseurs et des techniciens de la radio \u00e0 la radiodiffusion et au journalisme. Le caract\u00e8re unique de ce programme aide \u00e0 \u00e9lever les voix africaines dans les m\u00e9dias tout en leur fournissant les outils n\u00e9cessaires pour r\u00e9ussir sur le terrain.<\/p>\n<div class=\"nh_btn\">\n<a href=\"http:\/\/www.africanrevivalfellowship.org\/religious-and-charity-organization-donate\">Faire un don<\/a><br \/>\n<a href=\"http:\/\/www.africanrevivalfellowship.org\/religious-and-charity-organization-volunteer\">\u00catre b\u00e9n\u00e9vole<\/a><\/div>\n<div class=\"nh_cont\">\n<script id=\"subsplash-embed-d3fa\" type=\"text\/javascript\">var target = document.getElementById(\"subsplash-embed-d3fa\");var script = document.createElement(\"script\");script.type = \"text\/javascript\";script.onload = function() {subsplashEmbed(\"+d3fa\/ap\",\"https:\/\/subsplash.com\/\",\"subsplash-embed-d3fa\");};script.src = \"https:\/\/dashboard.static.subsplash.com\/production\/web-client\/external\/embed-1.1.0.js\";target.parentElement.insertBefore(script, target);<\/script><\/div>\n<h3>Connecte-toi avec nous<\/h3>\n<p>Apprenez-en plus sur notre programme de formation, d&#8217;\u00e9ducation et de formation en nous envoyant un message via <a href=\"religious-and-charity-organization-contact-us\">notre formulaire de contact en ligne<\/a>.<\/p>\n","protected":false},"excerpt":{"rendered":"<p>\u201cEt il leur dit : \u2018Allez par tout le monde et pr\u00eachez l\u2019\u00e9vangile \u00e0 toute cr\u00e9ature.\u2019 \u00bb \u2014 Marc 16 \u00catre un \u00e9vang\u00e9liste pour le Christ va au-del\u00e0 du discipulat de porte \u00e0 porte. African Revival Radio \u2013 \u00c9tats-Unis&nbsp; Depuis plus de sept ans, notre station fait la promotion de la parole de J\u00e9sus-Christ dans &hellip; <a href=\"http:\/\/www.africanrevivalfellowship.org\/fr\/religious-and-charity-organization-media-and-radio-ministries\">Continue reading <span class=\"meta-nav\">&rarr;<\/span><\/a><\/p>\n","protected":false},"author":1,"featured_media":264,"parent":0,"menu_order":0,"comment_status":"closed","ping_status":"closed","template":"","meta":[],"translation":{"provider":"WPGlobus","version":"2.7.10","language":"fr","enabled_languages":["en","fr"],"languages":{"en":{"title":true,"content":true,"excerpt":false},"fr":{"title":true,"content":true,"excerpt":false}}},"yoast_head":"<!-- This site is optimized with the Yoast SEO plugin v15.9 - https:\/\/yoast.com\/wordpress\/plugins\/seo\/ -->\n<title>Media and Radio Ministries | Religious &amp; Charity Organization\u00a0in North Carolina<\/title>\n<meta name=\"robots\" content=\"index, follow, max-snippet:-1, max-image-preview:large, max-video-preview:-1\" \/>\n<link rel=\"canonical\" href=\"http:\/\/www.africanrevivalfellowship.org\/religious-and-charity-organization-media-and-radio-ministries\" \/>\n<meta property=\"og:locale\" content=\"fr_FR\" \/>\n<meta property=\"og:type\" content=\"article\" \/>\n<meta property=\"og:title\" content=\"Media and Radio Ministries | Religious &amp; Charity Organization\u00a0in North Carolina\" \/>\n<meta property=\"og:url\" content=\"http:\/\/www.africanrevivalfellowship.org\/religious-and-charity-organization-media-and-radio-ministries\" \/>\n<meta property=\"og:site_name\" content=\"AFRICAN REVIVAL FELLOWSHIP African Impact\" \/>\n<meta property=\"article:modified_time\" content=\"2021-08-03T09:19:12+00:00\" \/>\n<meta property=\"og:image\" content=\"http:\/\/www.africanrevivalfellowship.org\/wp-content\/uploads\/2021\/07\/39.png\" \/>\n\t<meta property=\"og:image:width\" content=\"1920\" \/>\n\t<meta property=\"og:image:height\" content=\"500\" \/>\n<meta name=\"twitter:card\" content=\"summary_large_image\" \/>\n<meta name=\"twitter:label1\" content=\"Est. reading time\">\n\t<meta name=\"twitter:data1\" content=\"2 minutes\">\n<script type=\"application\/ld+json\" class=\"yoast-schema-graph\">{\"@context\":\"https:\/\/schema.org\",\"@graph\":[{\"@type\":\"WebSite\",\"@id\":\"http:\/\/www.africanrevivalfellowship.org\/#website\",\"url\":\"http:\/\/www.africanrevivalfellowship.org\/\",\"name\":\"AFRICAN REVIVAL FELLOWSHIP African Impact\",\"description\":\"Just another WordPress site\",\"potentialAction\":[{\"@type\":\"SearchAction\",\"target\":\"http:\/\/www.africanrevivalfellowship.org\/?s={search_term_string}\",\"query-input\":\"required name=search_term_string\"}],\"inLanguage\":\"fr-FR\"},{\"@type\":\"ImageObject\",\"@id\":\"http:\/\/www.africanrevivalfellowship.org\/religious-and-charity-organization-media-and-radio-ministries#primaryimage\",\"inLanguage\":\"fr-FR\",\"url\":\"http:\/\/www.africanrevivalfellowship.org\/wp-content\/uploads\/2021\/07\/39.png\",\"width\":1920,\"height\":500,\"caption\":\"headphone\"},{\"@type\":\"WebPage\",\"@id\":\"http:\/\/www.africanrevivalfellowship.org\/religious-and-charity-organization-media-and-radio-ministries#webpage\",\"url\":\"http:\/\/www.africanrevivalfellowship.org\/religious-and-charity-organization-media-and-radio-ministries\",\"name\":\"Media and Radio Ministries | Religious & Charity Organization\\u00a0in North Carolina\",\"isPartOf\":{\"@id\":\"http:\/\/www.africanrevivalfellowship.org\/#website\"},\"primaryImageOfPage\":{\"@id\":\"http:\/\/www.africanrevivalfellowship.org\/religious-and-charity-organization-media-and-radio-ministries#primaryimage\"},\"datePublished\":\"2021-06-08T04:03:21+00:00\",\"dateModified\":\"2021-08-03T09:19:12+00:00\",\"description\":\"AFRICAN REVIVAL FELLOWSHIP African Impact is a nonprofit Christian organization in North Carolina. Visit our website for more details.\",\"breadcrumb\":{\"@id\":\"http:\/\/www.africanrevivalfellowship.org\/religious-and-charity-organization-media-and-radio-ministries#breadcrumb\"},\"inLanguage\":\"fr-FR\",\"potentialAction\":[{\"@type\":\"ReadAction\",\"target\":[\"http:\/\/www.africanrevivalfellowship.org\/religious-and-charity-organization-media-and-radio-ministries\"]}]},{\"@type\":\"BreadcrumbList\",\"@id\":\"http:\/\/www.africanrevivalfellowship.org\/religious-and-charity-organization-media-and-radio-ministries#breadcrumb\",\"itemListElement\":[{\"@type\":\"ListItem\",\"position\":1,\"item\":{\"@type\":\"WebPage\",\"@id\":\"http:\/\/www.africanrevivalfellowship.org\/\",\"url\":\"http:\/\/www.africanrevivalfellowship.org\/\",\"name\":\"Home\"}},{\"@type\":\"ListItem\",\"position\":2,\"item\":{\"@type\":\"WebPage\",\"@id\":\"http:\/\/www.africanrevivalfellowship.org\/religious-and-charity-organization-media-and-radio-ministries\",\"url\":\"http:\/\/www.africanrevivalfellowship.org\/religious-and-charity-organization-media-and-radio-ministries\",\"name\":\"Media and Radio Ministries\"}}]}]}<\/script>\n<!-- \/ Yoast SEO plugin. -->","_links":{"self":[{"href":"http:\/\/www.africanrevivalfellowship.org\/fr\/wp-json\/wp\/v2\/pages\/126"}],"collection":[{"href":"http:\/\/www.africanrevivalfellowship.org\/fr\/wp-json\/wp\/v2\/pages"}],"about":[{"href":"http:\/\/www.africanrevivalfellowship.org\/fr\/wp-json\/wp\/v2\/types\/page"}],"author":[{"embeddable":true,"href":"http:\/\/www.africanrevivalfellowship.org\/fr\/wp-json\/wp\/v2\/users\/1"}],"replies":[{"embeddable":true,"href":"http:\/\/www.africanrevivalfellowship.org\/fr\/wp-json\/wp\/v2\/comments?post=126"}],"version-history":[{"count":12,"href":"http:\/\/www.africanrevivalfellowship.org\/fr\/wp-json\/wp\/v2\/pages\/126\/revisions"}],"predecessor-version":[{"id":492,"href":"http:\/\/www.africanrevivalfellowship.org\/fr\/wp-json\/wp\/v2\/pages\/126\/revisions\/492"}],"wp:featuredmedia":[{"embeddable":true,"href":"http:\/\/www.africanrevivalfellowship.org\/fr\/wp-json\/wp\/v2\/media\/264"}],"wp:attachment":[{"href":"http:\/\/www.africanrevivalfellowship.org\/fr\/wp-json\/wp\/v2\/media?parent=126"}],"curies":[{"name":"wp","href":"https:\/\/api.w.org\/{rel}","templated":true}]}}