{"id":127,"date":"2021-06-08T04:03:27","date_gmt":"2021-06-08T04:03:27","guid":{"rendered":"https:\/\/w0653.proweaver.site\/?page_id=127"},"modified":"2021-08-03T09:12:25","modified_gmt":"2021-08-03T09:12:25","slug":"religious-and-charity-organization-life-assistance-program","status":"publish","type":"page","link":"http:\/\/www.africanrevivalfellowship.org\/fr\/religious-and-charity-organization-life-assistance-program","title":{"rendered":"Programme d&#8217;aide \u00e0 la vie"},"content":{"rendered":"<div class=\"intro_txt\">Que ta lumi\u00e8re brille devant les autres, afin qu&#8217;ils voient tes bonnes actions et glorifient ton P\u00e8re c\u00e9leste. \u2014Matthieu 5:16<\/div>\n<figure><img src=\"http:\/\/www.africanrevivalfellowship.org\/wp-content\/themes\/africanrevivalan362\/images\/thumbnails\/26.jpg\" alt=\"chili\" class=\"thumb_right_dd\"><\/figure>\n<p>Le c\u0153ur de notre \u00eatre est centr\u00e9 sur le fait d&#8217;\u00eatre au service des enfants de Dieu. En subvenant aux besoins de ceux qui en ont besoin, nous illustrons les qualit\u00e9s de J\u00e9sus-Christ.<\/p>\n<h3>Programme Alimentation et Eau \u2013 Afrique&nbsp;<\/h3>\n<p>De nombreux pays d&#8217;Afrique souffrent depuis des ann\u00e9es d&#8217;une grave p\u00e9nurie de nourriture et d&#8217;eau. Nous pensons avoir la r\u00e9ponse pour r\u00e9soudre ce probl\u00e8me.&nbsp;ARF&nbsp; s&#8217;attaque de mani\u00e8re agressive \u00e0 la crise alimentaire et hydrique en Afrique en fournissant de l&#8217;eau potable et de la nourriture dans les zones n\u00e9cessaires.<\/p>\n<h3>Assainissement scolaire \u2013 Afrique<\/h3>\n<p>Selon l&#8217;UNICEF, le manque d&#8217;acc\u00e8s \u00e0 l&#8217;eau et aux installations sanitaires et les pratiques d&#8217;hygi\u00e8ne dangereuses sont les principales causes de diarrh\u00e9e, l&#8217;un des plus grands tueurs d&#8217;enfants dans le monde. L&#8217;ARF est \u00e0 l&#8217;avant-garde de ce probl\u00e8me. Nous avons cr\u00e9\u00e9 un chemin pour que les enfants de Dieu apprennent et s&#8217;\u00e9panouissent dans un environnement sain en \u00e9tant \u00e0 l&#8217;avant-garde de ce probl\u00e8me.<\/p>\n<div class=\"nh_btn\">\n<a href=\"http:\/\/www.africanrevivalfellowship.org\/religious-and-charity-organization-donate\">Faire un don<\/a><br \/>\n<a href=\"http:\/\/www.africanrevivalfellowship.org\/religious-and-charity-organization-volunteer\">\u00catre b\u00e9n\u00e9vole<\/a><\/div>\n<h3>Connecte-toi avec nous<\/h3>\n<p>Apprenez-en plus sur notre programme de formation, d&#8217;\u00e9ducation et de formation en nous envoyant un message via <a href=\"religious-and-charity-organization-contact-us\">notre formulaire de contact en ligne<\/a>.<\/p>\n","protected":false},"excerpt":{"rendered":"<p>Que ta lumi\u00e8re brille devant les autres, afin qu&#8217;ils voient tes bonnes actions et glorifient ton P\u00e8re c\u00e9leste. \u2014Matthieu 5:16 Le c\u0153ur de notre \u00eatre est centr\u00e9 sur le fait d&#8217;\u00eatre au service des enfants de Dieu. En subvenant aux besoins de ceux qui en ont besoin, nous illustrons les qualit\u00e9s de J\u00e9sus-Christ. Programme Alimentation &hellip; <a href=\"http:\/\/www.africanrevivalfellowship.org\/fr\/religious-and-charity-organization-life-assistance-program\">Continue reading <span class=\"meta-nav\">&rarr;<\/span><\/a><\/p>\n","protected":false},"author":1,"featured_media":245,"parent":0,"menu_order":0,"comment_status":"closed","ping_status":"closed","template":"","meta":[],"translation":{"provider":"WPGlobus","version":"2.7.10","language":"fr","enabled_languages":["en","fr"],"languages":{"en":{"title":true,"content":true,"excerpt":false},"fr":{"title":true,"content":true,"excerpt":false}}},"yoast_head":"<!-- This site is optimized with the Yoast SEO plugin v15.9 - https:\/\/yoast.com\/wordpress\/plugins\/seo\/ -->\n<title>Programme d&#039;aide \u00e0 la vie | Religious &amp; Charity Organization\u00a0in North Carolina<\/title>\n<meta name=\"robots\" content=\"index, follow, max-snippet:-1, max-image-preview:large, max-video-preview:-1\" \/>\n<link rel=\"canonical\" href=\"http:\/\/www.africanrevivalfellowship.org\/religious-and-charity-organization-life-assistance-program\" \/>\n<meta property=\"og:locale\" content=\"fr_FR\" \/>\n<meta property=\"og:type\" content=\"article\" \/>\n<meta property=\"og:title\" content=\"Programme d&#039;aide \u00e0 la vie | Religious &amp; Charity Organization\u00a0in North Carolina\" \/>\n<meta property=\"og:url\" content=\"http:\/\/www.africanrevivalfellowship.org\/religious-and-charity-organization-life-assistance-program\" \/>\n<meta property=\"og:site_name\" content=\"AFRICAN REVIVAL FELLOWSHIP African Impact\" \/>\n<meta property=\"article:modified_time\" content=\"2021-08-03T09:12:25+00:00\" \/>\n<meta property=\"og:image\" content=\"http:\/\/www.africanrevivalfellowship.org\/wp-content\/uploads\/2021\/07\/25.png\" \/>\n\t<meta property=\"og:image:width\" content=\"1920\" \/>\n\t<meta property=\"og:image:height\" content=\"500\" \/>\n<meta name=\"twitter:card\" content=\"summary_large_image\" \/>\n<meta name=\"twitter:label1\" content=\"Est. reading time\">\n\t<meta name=\"twitter:data1\" content=\"2 minutes\">\n<script type=\"application\/ld+json\" class=\"yoast-schema-graph\">{\"@context\":\"https:\/\/schema.org\",\"@graph\":[{\"@type\":\"WebSite\",\"@id\":\"http:\/\/www.africanrevivalfellowship.org\/#website\",\"url\":\"http:\/\/www.africanrevivalfellowship.org\/\",\"name\":\"AFRICAN REVIVAL FELLOWSHIP African Impact\",\"description\":\"Just another WordPress site\",\"potentialAction\":[{\"@type\":\"SearchAction\",\"target\":\"http:\/\/www.africanrevivalfellowship.org\/?s={search_term_string}\",\"query-input\":\"required name=search_term_string\"}],\"inLanguage\":\"fr-FR\"},{\"@type\":\"ImageObject\",\"@id\":\"http:\/\/www.africanrevivalfellowship.org\/religious-and-charity-organization-life-assistance-program#primaryimage\",\"inLanguage\":\"fr-FR\",\"url\":\"http:\/\/www.africanrevivalfellowship.org\/wp-content\/uploads\/2021\/07\/25.png\",\"width\":1920,\"height\":500,\"caption\":\"man smiling\"},{\"@type\":\"WebPage\",\"@id\":\"http:\/\/www.africanrevivalfellowship.org\/religious-and-charity-organization-life-assistance-program#webpage\",\"url\":\"http:\/\/www.africanrevivalfellowship.org\/religious-and-charity-organization-life-assistance-program\",\"name\":\"Programme d'aide \\u00e0 la vie | Religious & Charity Organization\\u00a0in North Carolina\",\"isPartOf\":{\"@id\":\"http:\/\/www.africanrevivalfellowship.org\/#website\"},\"primaryImageOfPage\":{\"@id\":\"http:\/\/www.africanrevivalfellowship.org\/religious-and-charity-organization-life-assistance-program#primaryimage\"},\"datePublished\":\"2021-06-08T04:03:27+00:00\",\"dateModified\":\"2021-08-03T09:12:25+00:00\",\"description\":\"AFRICAN REVIVAL FELLOWSHIP African Impact is a nonprofit Christian organization in North Carolina. Visit our website for more details.\",\"breadcrumb\":{\"@id\":\"http:\/\/www.africanrevivalfellowship.org\/religious-and-charity-organization-life-assistance-program#breadcrumb\"},\"inLanguage\":\"fr-FR\",\"potentialAction\":[{\"@type\":\"ReadAction\",\"target\":[\"http:\/\/www.africanrevivalfellowship.org\/religious-and-charity-organization-life-assistance-program\"]}]},{\"@type\":\"BreadcrumbList\",\"@id\":\"http:\/\/www.africanrevivalfellowship.org\/religious-and-charity-organization-life-assistance-program#breadcrumb\",\"itemListElement\":[{\"@type\":\"ListItem\",\"position\":1,\"item\":{\"@type\":\"WebPage\",\"@id\":\"http:\/\/www.africanrevivalfellowship.org\/\",\"url\":\"http:\/\/www.africanrevivalfellowship.org\/\",\"name\":\"Home\"}},{\"@type\":\"ListItem\",\"position\":2,\"item\":{\"@type\":\"WebPage\",\"@id\":\"http:\/\/www.africanrevivalfellowship.org\/religious-and-charity-organization-life-assistance-program\",\"url\":\"http:\/\/www.africanrevivalfellowship.org\/religious-and-charity-organization-life-assistance-program\",\"name\":\"Life Assistance Program\"}}]}]}<\/script>\n<!-- \/ Yoast SEO plugin. -->","_links":{"self":[{"href":"http:\/\/www.africanrevivalfellowship.org\/fr\/wp-json\/wp\/v2\/pages\/127"}],"collection":[{"href":"http:\/\/www.africanrevivalfellowship.org\/fr\/wp-json\/wp\/v2\/pages"}],"about":[{"href":"http:\/\/www.africanrevivalfellowship.org\/fr\/wp-json\/wp\/v2\/types\/page"}],"author":[{"embeddable":true,"href":"http:\/\/www.africanrevivalfellowship.org\/fr\/wp-json\/wp\/v2\/users\/1"}],"replies":[{"embeddable":true,"href":"http:\/\/www.africanrevivalfellowship.org\/fr\/wp-json\/wp\/v2\/comments?post=127"}],"version-history":[{"count":7,"href":"http:\/\/www.africanrevivalfellowship.org\/fr\/wp-json\/wp\/v2\/pages\/127\/revisions"}],"predecessor-version":[{"id":485,"href":"http:\/\/www.africanrevivalfellowship.org\/fr\/wp-json\/wp\/v2\/pages\/127\/revisions\/485"}],"wp:featuredmedia":[{"embeddable":true,"href":"http:\/\/www.africanrevivalfellowship.org\/fr\/wp-json\/wp\/v2\/media\/245"}],"wp:attachment":[{"href":"http:\/\/www.africanrevivalfellowship.org\/fr\/wp-json\/wp\/v2\/media?parent=127"}],"curies":[{"name":"wp","href":"https:\/\/api.w.org\/{rel}","templated":true}]}}