{"id":128,"date":"2021-06-08T04:03:32","date_gmt":"2021-06-08T04:03:32","guid":{"rendered":"https:\/\/w0653.proweaver.site\/?page_id=128"},"modified":"2021-08-03T08:41:00","modified_gmt":"2021-08-03T08:41:00","slug":"religious-and-charity-organization-childrens-ministries","status":"publish","type":"page","link":"http:\/\/www.africanrevivalfellowship.org\/fr\/religious-and-charity-organization-childrens-ministries","title":{"rendered":"Minist\u00e8res de l&#8217;enfance"},"content":{"rendered":"<div class=\"intro_txt\">\u201cLes enfants sont un h\u00e9ritage du Seigneur, les descendants une r\u00e9compense de sa part. Comme les fl\u00e8ches dans les mains d&#8217;un guerrier sont les enfants n\u00e9s dans sa jeunesse. \u2014Psaumes 137 : 3-4<\/div>\n<figure><img src=\"http:\/\/www.africanrevivalfellowship.org\/wp-content\/themes\/africanrevivalan362\/images\/thumbnails\/20.jpg\" alt=\"kids playing seesaw\" class=\"thumb_right_dd\"><\/figure>\n<h3>Programme apr\u00e8s l&#8217;\u00e9cole \u2014 Africa<\/h3>\n<p>Notre programme apr\u00e8s l&#8217;\u00e9cole est une alternative s\u00fbre pour impliquer les enfants apr\u00e8s l&#8217;\u00e9cole. Incarnant la mission et la vision de mobiliser la diaspora africaine, nous avons cr\u00e9\u00e9 un programme et un curriculum centr\u00e9s sur le Christ qui englobent un large \u00e9ventail de domaines d&#8217;intervention, notamment&nbsp;:<\/p>\n<ul class=\"bullet col2\">\n<li>Soutien acad\u00e9mique<\/li>\n<li>Mentorat<\/li>\n<li>D\u00e9veloppement de la jeunesse<\/li>\n<li>Arts<\/li>\n<li>Sports &amp; des loisirs<\/li>\n<\/ul>\n<h3>Camp d&#8217;\u00e9t\u00e9 pour enfants de la diaspora \u2014 \u00c9tats-Unis<\/h3>\n<p>Le camp Diaspora Kids est un \u00e9v\u00e9nement de quatre jours pour les enfants \u00e2g\u00e9s de 5 \u00e0 17 ans. Pendant ce temps, nos jeunes participent \u00e0 des activit\u00e9s d&#8217;enrichissement d&#8217;origine africaine tout en apprenant l&#8217;\u00c9vangile de J\u00e9sus-Christ. Les camps pr\u00e9c\u00e9dents ont eu lieu \u00e0 Indianapolis, Indiana, Dallas, Texas et Moline, Illinois. Notre prochain camp est pr\u00e9vu pour 2019 et aura lieu \u00e0 Columbus, Ohio.<\/p>\n<h3>The Journey \u2014 Kids Bible Study, \u00c9tats-Unis<\/h3>\n<p>Rien ne nous excite plus que de cr\u00e9er de jeunes disciples pour le Christ. L&#8217;\u00e9tude biblique Journey Kids utilise des m\u00e9thodes d&#8217;enseignement interactives pour fournir aux enfants une richesse de connaissances bibliques.<\/p>\n<p>Les enfants impliqu\u00e9s d\u00e9velopperont une relation avec le Christ ind\u00e9pendamment de leurs parents. \u00c0 la fin de chaque \u00e9tude biblique, ils partent avec une passion pour le Christ et la capacit\u00e9 de citer les \u00c9critures et de les appliquer directement \u00e0 leur vie.<\/p>\n<div class=\"nh_btn\">\n<a href=\"http:\/\/www.africanrevivalfellowship.org\/religious-and-charity-organization-donate\">Faire un don<\/a><br \/>\n<a href=\"http:\/\/www.africanrevivalfellowship.org\/religious-and-charity-organization-volunteer\">\u00catre b\u00e9n\u00e9vole<\/a><\/div>\n<h3>Connecte-toi avec nous<\/h3>\n<p>Apprenez-en plus sur notre programme de formation, d&#8217;\u00e9ducation et de formation en nous envoyant un message via <a href=\"religious-and-charity-organization-contact-us\">notre formulaire de contact en ligne<\/a>.<\/p>\n","protected":false},"excerpt":{"rendered":"<p>\u201cLes enfants sont un h\u00e9ritage du Seigneur, les descendants une r\u00e9compense de sa part. Comme les fl\u00e8ches dans les mains d&#8217;un guerrier sont les enfants n\u00e9s dans sa jeunesse. \u2014Psaumes 137 : 3-4 Programme apr\u00e8s l&#8217;\u00e9cole \u2014 Africa Notre programme apr\u00e8s l&#8217;\u00e9cole est une alternative s\u00fbre pour impliquer les enfants apr\u00e8s l&#8217;\u00e9cole. Incarnant la mission &hellip; <a href=\"http:\/\/www.africanrevivalfellowship.org\/fr\/religious-and-charity-organization-childrens-ministries\">Continue reading <span class=\"meta-nav\">&rarr;<\/span><\/a><\/p>\n","protected":false},"author":1,"featured_media":268,"parent":0,"menu_order":0,"comment_status":"closed","ping_status":"closed","template":"","meta":[],"translation":{"provider":"WPGlobus","version":"2.7.10","language":"fr","enabled_languages":["en","fr"],"languages":{"en":{"title":true,"content":true,"excerpt":false},"fr":{"title":true,"content":true,"excerpt":false}}},"yoast_head":"<!-- This site is optimized with the Yoast SEO plugin v15.9 - https:\/\/yoast.com\/wordpress\/plugins\/seo\/ -->\n<title>Minist\u00e8res de l&#039;enfance  | Religious &amp; Charity Organization\u00a0in North Carolina<\/title>\n<meta name=\"robots\" content=\"index, follow, max-snippet:-1, max-image-preview:large, max-video-preview:-1\" \/>\n<link rel=\"canonical\" href=\"http:\/\/www.africanrevivalfellowship.org\/religious-and-charity-organization-childrens-ministries\" \/>\n<meta property=\"og:locale\" content=\"fr_FR\" \/>\n<meta property=\"og:type\" content=\"article\" \/>\n<meta property=\"og:title\" content=\"Minist\u00e8res de l&#039;enfance  | Religious &amp; Charity Organization\u00a0in North Carolina\" \/>\n<meta property=\"og:url\" content=\"http:\/\/www.africanrevivalfellowship.org\/religious-and-charity-organization-childrens-ministries\" \/>\n<meta property=\"og:site_name\" content=\"AFRICAN REVIVAL FELLOWSHIP African Impact\" \/>\n<meta property=\"article:modified_time\" content=\"2021-08-03T08:41:00+00:00\" \/>\n<meta property=\"og:image\" content=\"http:\/\/www.africanrevivalfellowship.org\/wp-content\/uploads\/2021\/07\/35.png\" \/>\n\t<meta property=\"og:image:width\" content=\"1920\" \/>\n\t<meta property=\"og:image:height\" content=\"500\" \/>\n<meta name=\"twitter:card\" content=\"summary_large_image\" \/>\n<meta name=\"twitter:label1\" content=\"Est. reading time\">\n\t<meta name=\"twitter:data1\" content=\"2 minutes\">\n<script type=\"application\/ld+json\" class=\"yoast-schema-graph\">{\"@context\":\"https:\/\/schema.org\",\"@graph\":[{\"@type\":\"WebSite\",\"@id\":\"http:\/\/www.africanrevivalfellowship.org\/#website\",\"url\":\"http:\/\/www.africanrevivalfellowship.org\/\",\"name\":\"AFRICAN REVIVAL FELLOWSHIP African Impact\",\"description\":\"Just another WordPress site\",\"potentialAction\":[{\"@type\":\"SearchAction\",\"target\":\"http:\/\/www.africanrevivalfellowship.org\/?s={search_term_string}\",\"query-input\":\"required name=search_term_string\"}],\"inLanguage\":\"fr-FR\"},{\"@type\":\"ImageObject\",\"@id\":\"http:\/\/www.africanrevivalfellowship.org\/religious-and-charity-organization-childrens-ministries#primaryimage\",\"inLanguage\":\"fr-FR\",\"url\":\"http:\/\/www.africanrevivalfellowship.org\/wp-content\/uploads\/2021\/07\/35.png\",\"width\":1920,\"height\":500,\"caption\":\"kids drawing\"},{\"@type\":\"WebPage\",\"@id\":\"http:\/\/www.africanrevivalfellowship.org\/religious-and-charity-organization-childrens-ministries#webpage\",\"url\":\"http:\/\/www.africanrevivalfellowship.org\/religious-and-charity-organization-childrens-ministries\",\"name\":\"Minist\\u00e8res de l'enfance  | Religious & Charity Organization\\u00a0in North Carolina\",\"isPartOf\":{\"@id\":\"http:\/\/www.africanrevivalfellowship.org\/#website\"},\"primaryImageOfPage\":{\"@id\":\"http:\/\/www.africanrevivalfellowship.org\/religious-and-charity-organization-childrens-ministries#primaryimage\"},\"datePublished\":\"2021-06-08T04:03:32+00:00\",\"dateModified\":\"2021-08-03T08:41:00+00:00\",\"description\":\"AFRICAN REVIVAL FELLOWSHIP African Impact is a nonprofit Christian organization in North Carolina. Visit our website for more details.\",\"breadcrumb\":{\"@id\":\"http:\/\/www.africanrevivalfellowship.org\/religious-and-charity-organization-childrens-ministries#breadcrumb\"},\"inLanguage\":\"fr-FR\",\"potentialAction\":[{\"@type\":\"ReadAction\",\"target\":[\"http:\/\/www.africanrevivalfellowship.org\/religious-and-charity-organization-childrens-ministries\"]}]},{\"@type\":\"BreadcrumbList\",\"@id\":\"http:\/\/www.africanrevivalfellowship.org\/religious-and-charity-organization-childrens-ministries#breadcrumb\",\"itemListElement\":[{\"@type\":\"ListItem\",\"position\":1,\"item\":{\"@type\":\"WebPage\",\"@id\":\"http:\/\/www.africanrevivalfellowship.org\/\",\"url\":\"http:\/\/www.africanrevivalfellowship.org\/\",\"name\":\"Home\"}},{\"@type\":\"ListItem\",\"position\":2,\"item\":{\"@type\":\"WebPage\",\"@id\":\"http:\/\/www.africanrevivalfellowship.org\/religious-and-charity-organization-childrens-ministries\",\"url\":\"http:\/\/www.africanrevivalfellowship.org\/religious-and-charity-organization-childrens-ministries\",\"name\":\"Children&#8217;s Ministries\"}}]}]}<\/script>\n<!-- \/ Yoast SEO plugin. -->","_links":{"self":[{"href":"http:\/\/www.africanrevivalfellowship.org\/fr\/wp-json\/wp\/v2\/pages\/128"}],"collection":[{"href":"http:\/\/www.africanrevivalfellowship.org\/fr\/wp-json\/wp\/v2\/pages"}],"about":[{"href":"http:\/\/www.africanrevivalfellowship.org\/fr\/wp-json\/wp\/v2\/types\/page"}],"author":[{"embeddable":true,"href":"http:\/\/www.africanrevivalfellowship.org\/fr\/wp-json\/wp\/v2\/users\/1"}],"replies":[{"embeddable":true,"href":"http:\/\/www.africanrevivalfellowship.org\/fr\/wp-json\/wp\/v2\/comments?post=128"}],"version-history":[{"count":6,"href":"http:\/\/www.africanrevivalfellowship.org\/fr\/wp-json\/wp\/v2\/pages\/128\/revisions"}],"predecessor-version":[{"id":469,"href":"http:\/\/www.africanrevivalfellowship.org\/fr\/wp-json\/wp\/v2\/pages\/128\/revisions\/469"}],"wp:featuredmedia":[{"embeddable":true,"href":"http:\/\/www.africanrevivalfellowship.org\/fr\/wp-json\/wp\/v2\/media\/268"}],"wp:attachment":[{"href":"http:\/\/www.africanrevivalfellowship.org\/fr\/wp-json\/wp\/v2\/media?parent=128"}],"curies":[{"name":"wp","href":"https:\/\/api.w.org\/{rel}","templated":true}]}}