{"id":129,"date":"2021-06-08T04:03:39","date_gmt":"2021-06-08T04:03:39","guid":{"rendered":"https:\/\/w0653.proweaver.site\/?page_id=129"},"modified":"2021-08-03T08:54:01","modified_gmt":"2021-08-03T08:54:01","slug":"religious-and-charity-organization-fellowship-and-networking-program","status":"publish","type":"page","link":"http:\/\/www.africanrevivalfellowship.org\/fr\/religious-and-charity-organization-fellowship-and-networking-program","title":{"rendered":"Programme de bourses et de r\u00e9seautage"},"content":{"rendered":"<div class=\"intro_txt\">\u201cMais si nous marchons dans la Lumi\u00e8re comme Lui-m\u00eame est dans la Lumi\u00e8re, nous sommes en communion les uns avec les autres, et le sang de J\u00e9sus, Son Fils, nous purifie de tout p\u00e9ch\u00e9.\u201d&nbsp;\u20141 John: 7<\/div>\n<figure><img src=\"http:\/\/www.africanrevivalfellowship.org\/wp-content\/themes\/africanrevivalan362\/images\/thumbnails\/30.jpg\" alt=\"woman smiling\" class=\"thumb_right_dd\"><\/figure>\n<p>Gr\u00e2ce \u00e0 la fraternit\u00e9 chr\u00e9tienne et au r\u00e9seautage, les individus peuvent se sentir connect\u00e9s \u00e0 un syst\u00e8me de soutien qui leur permet d&#8217;apprendre, de s&#8217;\u00e9panouir et de se renforcer.<\/p>\n<h3>Programme d&#8217;adoption du minist\u00e8re&nbsp;<\/h3>\n<p>ARF&nbsp;a cr\u00e9\u00e9 un vaste r\u00e9seau de minist\u00e8res en Afrique qui travaillent dans divers domaines, tels que le minist\u00e8re des prisons, le minist\u00e8re des femmes et l&#8217;implantation d&#8217;\u00e9glises. Notre objectif est d&#8217;aider les minist\u00e8res locaux \u00e0 r\u00e9aliser leur vision donn\u00e9e par Dieu en leur fournissant un financement par le biais de subventions, de formations ou de fournitures.<\/p>\n<h3>Programme de d\u00e9veloppement du leadership&nbsp;<\/h3>\n<p>Notre programme de d\u00e9veloppement du leadership donne aux leaders les comp\u00e9tences, les capacit\u00e9s et la confiance n\u00e9cessaires pour diriger efficacement un groupe, une communaut\u00e9 ou une organisation. Le programme et le curriculum interactifs permettent aux dirigeants de d\u00e9couvrir leur style de leadership tout en les pr\u00e9parant \u00e0 fa\u00e7onner l&#8217;avenir et \u00e0 influencer la culture africaine.<\/p>\n<h3>Impact mutuel de la diaspora chr\u00e9tienne<\/h3>\n<p>L&#8217;Impact mutuel de la diaspora chr\u00e9tienne assiste la diaspora en cas d&#8217;\u00e9v\u00e9nements li\u00e9s \u00e0 l&#8217;urgence tels que la mort ou la maladie. En cas de d\u00e9c\u00e8s d&#8217;un membre de la famille, l&#8217;impact mutuel fournit \u00e0 un b\u00e9n\u00e9ficiaire jusqu&#8217;\u00e0 10 000 $ pour aider aux frais d&#8217;inhumation ou au transport du corps des \u00c9tats-Unis vers l&#8217;Afrique.<\/p>\n<div class=\"nh_btn\">\n<a href=\"http:\/\/www.africanrevivalfellowship.org\/religious-and-charity-organization-donate\">Faire un don<\/a><br \/>\n<a href=\"http:\/\/www.africanrevivalfellowship.org\/religious-and-charity-organization-volunteer\">\u00catre b\u00e9n\u00e9vole<\/a><\/div>\n<h3>Connecte-toi avec nous<\/h3>\n<p>Apprenez-en plus sur notre programme de formation, d&#8217;\u00e9ducation et de formation en nous envoyant un message via <a href=\"religious-and-charity-organization-contact-us\">notre formulaire de contact en ligne<\/a>.<\/p>\n","protected":false},"excerpt":{"rendered":"<p>\u201cMais si nous marchons dans la Lumi\u00e8re comme Lui-m\u00eame est dans la Lumi\u00e8re, nous sommes en communion les uns avec les autres, et le sang de J\u00e9sus, Son Fils, nous purifie de tout p\u00e9ch\u00e9.\u201d&nbsp;\u20141 John: 7 Gr\u00e2ce \u00e0 la fraternit\u00e9 chr\u00e9tienne et au r\u00e9seautage, les individus peuvent se sentir connect\u00e9s \u00e0 un syst\u00e8me de soutien &hellip; <a href=\"http:\/\/www.africanrevivalfellowship.org\/fr\/religious-and-charity-organization-fellowship-and-networking-program\">Continue reading <span class=\"meta-nav\">&rarr;<\/span><\/a><\/p>\n","protected":false},"author":1,"featured_media":271,"parent":0,"menu_order":0,"comment_status":"closed","ping_status":"closed","template":"","meta":[],"translation":{"provider":"WPGlobus","version":"2.7.10","language":"fr","enabled_languages":["en","fr"],"languages":{"en":{"title":true,"content":true,"excerpt":false},"fr":{"title":true,"content":true,"excerpt":false}}},"yoast_head":"<!-- This site is optimized with the Yoast SEO plugin v15.9 - https:\/\/yoast.com\/wordpress\/plugins\/seo\/ -->\n<title>Programme de bourses et de r\u00e9seautage | Religious &amp; Charity Organization\u00a0in North Carolina<\/title>\n<meta name=\"robots\" content=\"index, follow, max-snippet:-1, max-image-preview:large, max-video-preview:-1\" \/>\n<link rel=\"canonical\" href=\"http:\/\/www.africanrevivalfellowship.org\/religious-and-charity-organization-fellowship-and-networking-program\" \/>\n<meta property=\"og:locale\" content=\"fr_FR\" \/>\n<meta property=\"og:type\" content=\"article\" \/>\n<meta property=\"og:title\" content=\"Programme de bourses et de r\u00e9seautage | Religious &amp; Charity Organization\u00a0in North Carolina\" \/>\n<meta property=\"og:url\" content=\"http:\/\/www.africanrevivalfellowship.org\/religious-and-charity-organization-fellowship-and-networking-program\" \/>\n<meta property=\"og:site_name\" content=\"AFRICAN REVIVAL FELLOWSHIP African Impact\" \/>\n<meta property=\"article:modified_time\" content=\"2021-08-03T08:54:01+00:00\" \/>\n<meta property=\"og:image\" content=\"http:\/\/www.africanrevivalfellowship.org\/wp-content\/uploads\/2021\/07\/28.png\" \/>\n\t<meta property=\"og:image:width\" content=\"1920\" \/>\n\t<meta property=\"og:image:height\" content=\"500\" \/>\n<meta name=\"twitter:card\" content=\"summary_large_image\" \/>\n<meta name=\"twitter:label1\" content=\"Est. reading time\">\n\t<meta name=\"twitter:data1\" content=\"2 minutes\">\n<script type=\"application\/ld+json\" class=\"yoast-schema-graph\">{\"@context\":\"https:\/\/schema.org\",\"@graph\":[{\"@type\":\"WebSite\",\"@id\":\"http:\/\/www.africanrevivalfellowship.org\/#website\",\"url\":\"http:\/\/www.africanrevivalfellowship.org\/\",\"name\":\"AFRICAN REVIVAL FELLOWSHIP African Impact\",\"description\":\"Just another WordPress site\",\"potentialAction\":[{\"@type\":\"SearchAction\",\"target\":\"http:\/\/www.africanrevivalfellowship.org\/?s={search_term_string}\",\"query-input\":\"required name=search_term_string\"}],\"inLanguage\":\"fr-FR\"},{\"@type\":\"ImageObject\",\"@id\":\"http:\/\/www.africanrevivalfellowship.org\/religious-and-charity-organization-fellowship-and-networking-program#primaryimage\",\"inLanguage\":\"fr-FR\",\"url\":\"http:\/\/www.africanrevivalfellowship.org\/wp-content\/uploads\/2021\/07\/28.png\",\"width\":1920,\"height\":500,\"caption\":\"women smiling\"},{\"@type\":\"WebPage\",\"@id\":\"http:\/\/www.africanrevivalfellowship.org\/religious-and-charity-organization-fellowship-and-networking-program#webpage\",\"url\":\"http:\/\/www.africanrevivalfellowship.org\/religious-and-charity-organization-fellowship-and-networking-program\",\"name\":\"Programme de bourses et de r\\u00e9seautage | Religious & Charity Organization\\u00a0in North Carolina\",\"isPartOf\":{\"@id\":\"http:\/\/www.africanrevivalfellowship.org\/#website\"},\"primaryImageOfPage\":{\"@id\":\"http:\/\/www.africanrevivalfellowship.org\/religious-and-charity-organization-fellowship-and-networking-program#primaryimage\"},\"datePublished\":\"2021-06-08T04:03:39+00:00\",\"dateModified\":\"2021-08-03T08:54:01+00:00\",\"description\":\"AFRICAN REVIVAL FELLOWSHIP African Impact is a nonprofit Christian organization in North Carolina. Visit our website for more details.\",\"breadcrumb\":{\"@id\":\"http:\/\/www.africanrevivalfellowship.org\/religious-and-charity-organization-fellowship-and-networking-program#breadcrumb\"},\"inLanguage\":\"fr-FR\",\"potentialAction\":[{\"@type\":\"ReadAction\",\"target\":[\"http:\/\/www.africanrevivalfellowship.org\/religious-and-charity-organization-fellowship-and-networking-program\"]}]},{\"@type\":\"BreadcrumbList\",\"@id\":\"http:\/\/www.africanrevivalfellowship.org\/religious-and-charity-organization-fellowship-and-networking-program#breadcrumb\",\"itemListElement\":[{\"@type\":\"ListItem\",\"position\":1,\"item\":{\"@type\":\"WebPage\",\"@id\":\"http:\/\/www.africanrevivalfellowship.org\/\",\"url\":\"http:\/\/www.africanrevivalfellowship.org\/\",\"name\":\"Home\"}},{\"@type\":\"ListItem\",\"position\":2,\"item\":{\"@type\":\"WebPage\",\"@id\":\"http:\/\/www.africanrevivalfellowship.org\/religious-and-charity-organization-fellowship-and-networking-program\",\"url\":\"http:\/\/www.africanrevivalfellowship.org\/religious-and-charity-organization-fellowship-and-networking-program\",\"name\":\"Fellowship and Networking Program\"}}]}]}<\/script>\n<!-- \/ Yoast SEO plugin. -->","_links":{"self":[{"href":"http:\/\/www.africanrevivalfellowship.org\/fr\/wp-json\/wp\/v2\/pages\/129"}],"collection":[{"href":"http:\/\/www.africanrevivalfellowship.org\/fr\/wp-json\/wp\/v2\/pages"}],"about":[{"href":"http:\/\/www.africanrevivalfellowship.org\/fr\/wp-json\/wp\/v2\/types\/page"}],"author":[{"embeddable":true,"href":"http:\/\/www.africanrevivalfellowship.org\/fr\/wp-json\/wp\/v2\/users\/1"}],"replies":[{"embeddable":true,"href":"http:\/\/www.africanrevivalfellowship.org\/fr\/wp-json\/wp\/v2\/comments?post=129"}],"version-history":[{"count":8,"href":"http:\/\/www.africanrevivalfellowship.org\/fr\/wp-json\/wp\/v2\/pages\/129\/revisions"}],"predecessor-version":[{"id":478,"href":"http:\/\/www.africanrevivalfellowship.org\/fr\/wp-json\/wp\/v2\/pages\/129\/revisions\/478"}],"wp:featuredmedia":[{"embeddable":true,"href":"http:\/\/www.africanrevivalfellowship.org\/fr\/wp-json\/wp\/v2\/media\/271"}],"wp:attachment":[{"href":"http:\/\/www.africanrevivalfellowship.org\/fr\/wp-json\/wp\/v2\/media?parent=129"}],"curies":[{"name":"wp","href":"https:\/\/api.w.org\/{rel}","templated":true}]}}