{"id":69,"date":"2021-06-08T03:31:13","date_gmt":"2021-06-08T03:31:13","guid":{"rendered":"https:\/\/w0653.proweaver.site\/?page_id=69"},"modified":"2021-08-03T07:59:24","modified_gmt":"2021-08-03T07:59:24","slug":"religious-and-charity-organization-who-we-are","status":"publish","type":"page","link":"http:\/\/www.africanrevivalfellowship.org\/fr\/religious-and-charity-organization-who-we-are","title":{"rendered":"Qui nous sommes"},"content":{"rendered":"<div class=\"intro_txt\">Apprenez-en plus sur notre fraternit\u00e9 et comment nous nous effor\u00e7ons de combler le foss\u00e9 de la foi entre nous.<\/div>\n<figure><img src=\"http:\/\/www.africanrevivalfellowship.org\/wp-content\/themes\/africanrevivalan362\/images\/thumbnails\/thumb-549441793.jpg\" alt=\"homme adulte\" class=\"thumb_right_dd\"><\/figure>\n<p>African Revival Fellowship (ARF) est une organisation chr\u00e9tienne \u00e0 but non lucratif 501 (c3) depuis 2011 avec un bureau principal \u00e0 Raleigh, Caroline du Nord, \u00c9tats-Unis. Nous op\u00e9rons en Afrique en tant que &#8220;African Impact&#8221;.<\/p>\n<p>ARF est organis\u00e9 comme une organisation d&#8217;\u00e9vang\u00e9lisation dans le but de faire conna\u00eetre le Christ parmi les groupes ethniques africains aux \u00c9tats-Unis et dans le monde.<\/p>\n<p>La fraternit\u00e9 s&#8217;est engag\u00e9e \u00e0 mobiliser la diaspora africaine pour la moisson spirituelle \u00e0 travers des \u0153uvres de compassion et de gr\u00e2ce.<\/p>\n<p>Les recherches de la mission ont r\u00e9v\u00e9l\u00e9 que la diaspora africaine est un immense champ de mission. Ainsi, nous pensons que sa n\u00e9gligence sera trop co\u00fbteuse. Donc, African Revival Fellowship veut utiliser les outils de communication et de technologie \u00e9mergents pour atteindre le plus grand nombre possible, peu importe o\u00f9 ils vivent.<\/p>\n<p>L&#8217;Union africaine (UA) estime que la diaspora africaine compte environ 39,2 millions de personnes en Am\u00e9rique du Nord (\u00c9tats-Unis et Canada). Il est \u00e9galement \u00e9vident que le nombre augmente chaque jour.<\/p>\n<p>La recherche montre que les immigrants africains vivant loin de leur pays d&#8217;origine et de leurs \u00e9glises d&#8217;origine sont confront\u00e9s \u00e0 d&#8217;innombrables d\u00e9fis pour maintenir leur foi. Nous concentrons notre mission sur le groupe ethnique africain au sein de la diaspora dans leurs propres langues et dialectes. Notre objectif est de les atteindre un \u00e0 la fois pour \u00eatre spirituellement reproductifs et pouvoir enseigner aux autres \u00e0 faire de m\u00eame.<\/p>\n<p>Pour remplir cette mission aupr\u00e8s de nos publics cibles, African Revival Fellowship a d\u00e9ploy\u00e9 plusieurs minist\u00e8res et programmes (services) de base, chacun dot\u00e9 d&#8217;une mission sp\u00e9cifique.<\/p>\n<h3>Connecte-toi avec nous<\/h3>\n<p>Apprenez-en plus sur nous en nous envoyant un message via notre <a href=\"\/fr\/religious-and-charity-organization-contact-us\">formulaire de contact en ligne.<\/a><\/p>\n","protected":false},"excerpt":{"rendered":"<p>Apprenez-en plus sur notre fraternit\u00e9 et comment nous nous effor\u00e7ons de combler le foss\u00e9 de la foi entre nous. African Revival Fellowship (ARF) est une organisation chr\u00e9tienne \u00e0 but non lucratif 501 (c3) depuis 2011 avec un bureau principal \u00e0 Raleigh, Caroline du Nord, \u00c9tats-Unis. Nous op\u00e9rons en Afrique en tant que &#8220;African Impact&#8221;. ARF &hellip; <a href=\"http:\/\/www.africanrevivalfellowship.org\/fr\/religious-and-charity-organization-who-we-are\">Continue reading <span class=\"meta-nav\">&rarr;<\/span><\/a><\/p>\n","protected":false},"author":1,"featured_media":158,"parent":0,"menu_order":0,"comment_status":"closed","ping_status":"closed","template":"","meta":[],"translation":{"provider":"WPGlobus","version":"2.7.10","language":"fr","enabled_languages":["en","fr"],"languages":{"en":{"title":true,"content":true,"excerpt":false},"fr":{"title":true,"content":true,"excerpt":false}}},"yoast_head":"<!-- This site is optimized with the Yoast SEO plugin v15.9 - https:\/\/yoast.com\/wordpress\/plugins\/seo\/ -->\n<title>Qui nous sommes | Religious &amp; Charity Organization\u00a0in North Carolina<\/title>\n<meta name=\"robots\" content=\"index, follow, max-snippet:-1, max-image-preview:large, max-video-preview:-1\" \/>\n<link rel=\"canonical\" href=\"http:\/\/www.africanrevivalfellowship.org\/religious-and-charity-organization-who-we-are\" \/>\n<meta property=\"og:locale\" content=\"fr_FR\" \/>\n<meta property=\"og:type\" content=\"article\" \/>\n<meta property=\"og:title\" content=\"Qui nous sommes | Religious &amp; Charity Organization\u00a0in North Carolina\" \/>\n<meta property=\"og:url\" content=\"http:\/\/www.africanrevivalfellowship.org\/religious-and-charity-organization-who-we-are\" \/>\n<meta property=\"og:site_name\" content=\"AFRICAN REVIVAL FELLOWSHIP African Impact\" \/>\n<meta property=\"article:modified_time\" content=\"2021-08-03T07:59:24+00:00\" \/>\n<meta property=\"og:image\" content=\"http:\/\/www.africanrevivalfellowship.org\/wp-content\/uploads\/2021\/06\/thumb-50342914.jpg\" \/>\n\t<meta property=\"og:image:width\" content=\"1920\" \/>\n\t<meta property=\"og:image:height\" content=\"500\" \/>\n<meta name=\"twitter:card\" content=\"summary_large_image\" \/>\n<meta name=\"twitter:label1\" content=\"Est. reading time\">\n\t<meta name=\"twitter:data1\" content=\"2 minutes\">\n<script type=\"application\/ld+json\" class=\"yoast-schema-graph\">{\"@context\":\"https:\/\/schema.org\",\"@graph\":[{\"@type\":\"WebSite\",\"@id\":\"http:\/\/www.africanrevivalfellowship.org\/#website\",\"url\":\"http:\/\/www.africanrevivalfellowship.org\/\",\"name\":\"AFRICAN REVIVAL FELLOWSHIP African Impact\",\"description\":\"Just another WordPress site\",\"potentialAction\":[{\"@type\":\"SearchAction\",\"target\":\"http:\/\/www.africanrevivalfellowship.org\/?s={search_term_string}\",\"query-input\":\"required name=search_term_string\"}],\"inLanguage\":\"fr-FR\"},{\"@type\":\"ImageObject\",\"@id\":\"http:\/\/www.africanrevivalfellowship.org\/religious-and-charity-organization-who-we-are#primaryimage\",\"inLanguage\":\"fr-FR\",\"url\":\"http:\/\/www.africanrevivalfellowship.org\/wp-content\/uploads\/2021\/06\/thumb-50342914.jpg\",\"width\":1920,\"height\":500,\"caption\":\"group of men smiling\"},{\"@type\":\"WebPage\",\"@id\":\"http:\/\/www.africanrevivalfellowship.org\/religious-and-charity-organization-who-we-are#webpage\",\"url\":\"http:\/\/www.africanrevivalfellowship.org\/religious-and-charity-organization-who-we-are\",\"name\":\"Qui nous sommes | Religious & Charity Organization\\u00a0in North Carolina\",\"isPartOf\":{\"@id\":\"http:\/\/www.africanrevivalfellowship.org\/#website\"},\"primaryImageOfPage\":{\"@id\":\"http:\/\/www.africanrevivalfellowship.org\/religious-and-charity-organization-who-we-are#primaryimage\"},\"datePublished\":\"2021-06-08T03:31:13+00:00\",\"dateModified\":\"2021-08-03T07:59:24+00:00\",\"description\":\"AFRICAN REVIVAL FELLOWSHIP African Impact is a nonprofit Christian organization in North Carolina. Visit our website for more details.\",\"breadcrumb\":{\"@id\":\"http:\/\/www.africanrevivalfellowship.org\/religious-and-charity-organization-who-we-are#breadcrumb\"},\"inLanguage\":\"fr-FR\",\"potentialAction\":[{\"@type\":\"ReadAction\",\"target\":[\"http:\/\/www.africanrevivalfellowship.org\/religious-and-charity-organization-who-we-are\"]}]},{\"@type\":\"BreadcrumbList\",\"@id\":\"http:\/\/www.africanrevivalfellowship.org\/religious-and-charity-organization-who-we-are#breadcrumb\",\"itemListElement\":[{\"@type\":\"ListItem\",\"position\":1,\"item\":{\"@type\":\"WebPage\",\"@id\":\"http:\/\/www.africanrevivalfellowship.org\/\",\"url\":\"http:\/\/www.africanrevivalfellowship.org\/\",\"name\":\"Home\"}},{\"@type\":\"ListItem\",\"position\":2,\"item\":{\"@type\":\"WebPage\",\"@id\":\"http:\/\/www.africanrevivalfellowship.org\/religious-and-charity-organization-who-we-are\",\"url\":\"http:\/\/www.africanrevivalfellowship.org\/religious-and-charity-organization-who-we-are\",\"name\":\"Who We Are\"}}]}]}<\/script>\n<!-- \/ Yoast SEO plugin. -->","_links":{"self":[{"href":"http:\/\/www.africanrevivalfellowship.org\/fr\/wp-json\/wp\/v2\/pages\/69"}],"collection":[{"href":"http:\/\/www.africanrevivalfellowship.org\/fr\/wp-json\/wp\/v2\/pages"}],"about":[{"href":"http:\/\/www.africanrevivalfellowship.org\/fr\/wp-json\/wp\/v2\/types\/page"}],"author":[{"embeddable":true,"href":"http:\/\/www.africanrevivalfellowship.org\/fr\/wp-json\/wp\/v2\/users\/1"}],"replies":[{"embeddable":true,"href":"http:\/\/www.africanrevivalfellowship.org\/fr\/wp-json\/wp\/v2\/comments?post=69"}],"version-history":[{"count":6,"href":"http:\/\/www.africanrevivalfellowship.org\/fr\/wp-json\/wp\/v2\/pages\/69\/revisions"}],"predecessor-version":[{"id":463,"href":"http:\/\/www.africanrevivalfellowship.org\/fr\/wp-json\/wp\/v2\/pages\/69\/revisions\/463"}],"wp:featuredmedia":[{"embeddable":true,"href":"http:\/\/www.africanrevivalfellowship.org\/fr\/wp-json\/wp\/v2\/media\/158"}],"wp:attachment":[{"href":"http:\/\/www.africanrevivalfellowship.org\/fr\/wp-json\/wp\/v2\/media?parent=69"}],"curies":[{"name":"wp","href":"https:\/\/api.w.org\/{rel}","templated":true}]}}