{"id":7,"date":"2021-06-05T10:02:21","date_gmt":"2021-06-05T10:02:21","guid":{"rendered":"http:\/\/localhost\/africanrevivalan362\/?page_id=7"},"modified":"2021-08-19T04:24:29","modified_gmt":"2021-08-19T04:24:29","slug":"religious-and-charity-organization-donate","status":"publish","type":"page","link":"http:\/\/www.africanrevivalfellowship.org\/fr\/religious-and-charity-organization-donate","title":{"rendered":"Faire un don"},"content":{"rendered":"<p>African Revival Fellowship\u00a0veut s&#8217;appuyer sur la bonne volont\u00e9 de personnes comme vous qui s&#8217;associent pour remplir notre mission. Votre soutien nous permet de changer des vies partout dans le monde. Il existe diff\u00e9rentes mani\u00e8res de soutenir la mission de l&#8217;African Revival Fellowship.<\/p>\n<p><span class=\"comingsoon\" style=\"display: none;\">Lien de don ici&#8230;<\/span><\/p>\n<h3>Donner mensuellement<\/h3>\n<p>African Revival Radio offre aux auditeurs un moyen pratique d&#8217;offrir des cadeaux mensuels r\u00e9currents par carte de cr\u00e9dit ou compte courant. Bon nombre de nos partenaires minist\u00e9riels ont trouv\u00e9 qu&#8217;il est plus facile de budg\u00e9tiser leurs dons avec un don mensuel automatis\u00e9, \u00e9liminant ainsi le besoin de r\u00e9diger un ch\u00e8que et de l&#8217;envoyer par la poste. Vos dons r\u00e9currents continueront jusqu&#8217;\u00e0 ce que vous demandiez \u00e0 l&#8217;African Revival Fellowship de suspendre vos transferts de dons.<\/p>\n<h3>Don en nature<\/h3>\n<p>Les dons en nature sont des dons de biens qui sont volontairement transf\u00e9r\u00e9s par un donateur \u00e0 l&#8217;African Revival Fellowship sans compensation. Ces dons peuvent inclure de l&#8217;\u00e9quipement, des v\u00e9hicules, des mat\u00e9riaux, des fournitures, des \u0153uvres d&#8217;art et d&#8217;autres biens personnels qu&#8217;un donateur pourrait donner \u00e0 l&#8217;ARF pour une utilisation dans le cadre de sa mission et de ses programmes.<\/p>\n<p><script type=\"text\/javascript\" src=\"https:\/\/donate-usa.keela.co\/js\/iframeResizer.min.js\" onload=\"iFrameResize({checkOrigin: false, heightCalculationMethod: 'taggedElement'}, '#keela_kEmTvhTJxbQJ5MaPh')\" async=\"\"><\/script><iframe id=\"keela_kEmTvhTJxbQJ5MaPh\" style=\"width: 100%; min-height: 500px;\" src=\"https:\/\/donate-usa.keela.co\/embed\/donation15\" frameborder=\"0\"><\/iframe><\/p>\n\n\n<p><\/p>\n","protected":false},"excerpt":{"rendered":"<p>African Revival Fellowship\u00a0veut s&#8217;appuyer sur la bonne volont\u00e9 de personnes comme vous qui s&#8217;associent pour remplir notre mission. Votre soutien nous permet de changer des vies partout dans le monde. Il existe diff\u00e9rentes mani\u00e8res de soutenir la mission de l&#8217;African Revival Fellowship. Lien de don ici&#8230; Donner mensuellement African Revival Radio offre aux auditeurs un &hellip; <a href=\"http:\/\/www.africanrevivalfellowship.org\/fr\/religious-and-charity-organization-donate\">Continue reading <span class=\"meta-nav\">&rarr;<\/span><\/a><\/p>\n","protected":false},"author":1,"featured_media":57,"parent":0,"menu_order":0,"comment_status":"closed","ping_status":"closed","template":"","meta":[],"translation":{"provider":"WPGlobus","version":"2.7.10","language":"fr","enabled_languages":["en","fr"],"languages":{"en":{"title":true,"content":true,"excerpt":false},"fr":{"title":true,"content":true,"excerpt":false}}},"yoast_head":"<!-- This site is optimized with the Yoast SEO plugin v15.9 - https:\/\/yoast.com\/wordpress\/plugins\/seo\/ -->\n<title>Faire un don | Religious &amp; Charity Organization\u00a0in North Carolina<\/title>\n<meta name=\"robots\" content=\"index, follow, max-snippet:-1, max-image-preview:large, max-video-preview:-1\" \/>\n<link rel=\"canonical\" href=\"http:\/\/www.africanrevivalfellowship.org\/religious-and-charity-organization-donate\" \/>\n<meta property=\"og:locale\" content=\"fr_FR\" \/>\n<meta property=\"og:type\" content=\"article\" \/>\n<meta property=\"og:title\" content=\"Faire un don | Religious &amp; Charity Organization\u00a0in North Carolina\" \/>\n<meta property=\"og:url\" content=\"http:\/\/www.africanrevivalfellowship.org\/religious-and-charity-organization-donate\" \/>\n<meta property=\"og:site_name\" content=\"AFRICAN REVIVAL FELLOWSHIP African Impact\" \/>\n<meta property=\"article:modified_time\" content=\"2021-08-19T04:24:29+00:00\" \/>\n<meta property=\"og:image\" content=\"http:\/\/www.africanrevivalfellowship.org\/wp-content\/uploads\/2021\/06\/thumb-138069912.jpg\" \/>\n\t<meta property=\"og:image:width\" content=\"1920\" \/>\n\t<meta property=\"og:image:height\" content=\"500\" \/>\n<meta name=\"twitter:card\" content=\"summary_large_image\" \/>\n<meta name=\"twitter:label1\" content=\"Est. reading time\">\n\t<meta name=\"twitter:data1\" content=\"1 minute\">\n<script type=\"application\/ld+json\" class=\"yoast-schema-graph\">{\"@context\":\"https:\/\/schema.org\",\"@graph\":[{\"@type\":\"WebSite\",\"@id\":\"http:\/\/www.africanrevivalfellowship.org\/#website\",\"url\":\"http:\/\/www.africanrevivalfellowship.org\/\",\"name\":\"AFRICAN REVIVAL FELLOWSHIP African Impact\",\"description\":\"Just another WordPress site\",\"potentialAction\":[{\"@type\":\"SearchAction\",\"target\":\"http:\/\/www.africanrevivalfellowship.org\/?s={search_term_string}\",\"query-input\":\"required name=search_term_string\"}],\"inLanguage\":\"fr-FR\"},{\"@type\":\"ImageObject\",\"@id\":\"http:\/\/www.africanrevivalfellowship.org\/religious-and-charity-organization-donate#primaryimage\",\"inLanguage\":\"fr-FR\",\"url\":\"http:\/\/www.africanrevivalfellowship.org\/wp-content\/uploads\/2021\/06\/thumb-138069912.jpg\",\"width\":1920,\"height\":500,\"caption\":\"doncation concept\"},{\"@type\":\"WebPage\",\"@id\":\"http:\/\/www.africanrevivalfellowship.org\/religious-and-charity-organization-donate#webpage\",\"url\":\"http:\/\/www.africanrevivalfellowship.org\/religious-and-charity-organization-donate\",\"name\":\"Faire un don | Religious & Charity Organization\\u00a0in North Carolina\",\"isPartOf\":{\"@id\":\"http:\/\/www.africanrevivalfellowship.org\/#website\"},\"primaryImageOfPage\":{\"@id\":\"http:\/\/www.africanrevivalfellowship.org\/religious-and-charity-organization-donate#primaryimage\"},\"datePublished\":\"2021-06-05T10:02:21+00:00\",\"dateModified\":\"2021-08-19T04:24:29+00:00\",\"description\":\"AFRICAN REVIVAL FELLOWSHIP African Impact is a nonprofit Christian organization in North Carolina. Visit our website for more details.\",\"breadcrumb\":{\"@id\":\"http:\/\/www.africanrevivalfellowship.org\/religious-and-charity-organization-donate#breadcrumb\"},\"inLanguage\":\"fr-FR\",\"potentialAction\":[{\"@type\":\"ReadAction\",\"target\":[\"http:\/\/www.africanrevivalfellowship.org\/religious-and-charity-organization-donate\"]}]},{\"@type\":\"BreadcrumbList\",\"@id\":\"http:\/\/www.africanrevivalfellowship.org\/religious-and-charity-organization-donate#breadcrumb\",\"itemListElement\":[{\"@type\":\"ListItem\",\"position\":1,\"item\":{\"@type\":\"WebPage\",\"@id\":\"http:\/\/www.africanrevivalfellowship.org\/\",\"url\":\"http:\/\/www.africanrevivalfellowship.org\/\",\"name\":\"Home\"}},{\"@type\":\"ListItem\",\"position\":2,\"item\":{\"@type\":\"WebPage\",\"@id\":\"http:\/\/www.africanrevivalfellowship.org\/religious-and-charity-organization-donate\",\"url\":\"http:\/\/www.africanrevivalfellowship.org\/religious-and-charity-organization-donate\",\"name\":\"Donate\"}}]}]}<\/script>\n<!-- \/ Yoast SEO plugin. -->","_links":{"self":[{"href":"http:\/\/www.africanrevivalfellowship.org\/fr\/wp-json\/wp\/v2\/pages\/7"}],"collection":[{"href":"http:\/\/www.africanrevivalfellowship.org\/fr\/wp-json\/wp\/v2\/pages"}],"about":[{"href":"http:\/\/www.africanrevivalfellowship.org\/fr\/wp-json\/wp\/v2\/types\/page"}],"author":[{"embeddable":true,"href":"http:\/\/www.africanrevivalfellowship.org\/fr\/wp-json\/wp\/v2\/users\/1"}],"replies":[{"embeddable":true,"href":"http:\/\/www.africanrevivalfellowship.org\/fr\/wp-json\/wp\/v2\/comments?post=7"}],"version-history":[{"count":21,"href":"http:\/\/www.africanrevivalfellowship.org\/fr\/wp-json\/wp\/v2\/pages\/7\/revisions"}],"predecessor-version":[{"id":542,"href":"http:\/\/www.africanrevivalfellowship.org\/fr\/wp-json\/wp\/v2\/pages\/7\/revisions\/542"}],"wp:featuredmedia":[{"embeddable":true,"href":"http:\/\/www.africanrevivalfellowship.org\/fr\/wp-json\/wp\/v2\/media\/57"}],"wp:attachment":[{"href":"http:\/\/www.africanrevivalfellowship.org\/fr\/wp-json\/wp\/v2\/media?parent=7"}],"curies":[{"name":"wp","href":"https:\/\/api.w.org\/{rel}","templated":true}]}}