{"id":70,"date":"2021-06-08T03:31:51","date_gmt":"2021-06-08T03:31:51","guid":{"rendered":"https:\/\/w0653.proweaver.site\/?page_id=70"},"modified":"2021-08-03T09:36:22","modified_gmt":"2021-08-03T09:36:22","slug":"religious-and-charity-organization-statement-of-faith","status":"publish","type":"page","link":"http:\/\/www.africanrevivalfellowship.org\/fr\/religious-and-charity-organization-statement-of-faith","title":{"rendered":"D\u00e9claration de foi"},"content":{"rendered":"<div class=\"intro_txt\">Nous croyons en Christ et suivons ses enseignements.<\/div>\n<figure><img src=\"http:\/\/www.africanrevivalfellowship.org\/wp-content\/themes\/africanrevivalan362\/images\/thumbnails\/statement-of-faith.jpg\" alt=\"woman smiling\" class=\"thumb_right_dd\"><\/figure>\n<p>1. Nous croyons en un seul Dieu, Cr\u00e9ateur et Seigneur de l&#8217;univers, existant \u00e9ternellement en trois personnes : P\u00e8re, Fils et Saint-Esprit.<\/p>\n<p>Nous croyons que la Bible, \u00e0 la fois l&#8217;Ancien et le Nouveau Testament, est la Parole inspir\u00e9e et faisant autorit\u00e9 de Dieu. Il est sans erreur dans tous ses enseignements, y compris la cr\u00e9ation, l&#8217;histoire, ses propres origines et le salut. C&#8217;est l&#8217;autorit\u00e9 supr\u00eame et finale dans toutes les questions de croyance et de conduite.<\/p>\n<p>3. Nous croyons que J\u00e9sus-Christ, le Fils de Dieu, a \u00e9t\u00e9 con\u00e7u par le Saint-Esprit, est n\u00e9 de la vierge Marie, a v\u00e9cu une vie sans p\u00e9ch\u00e9, est mort d&#8217;une mort expiatoire substitutive sur la croix, est ressuscit\u00e9<br \/>\ncorporellement d&#8217;entre les morts, et est mont\u00e9 au ciel, alors que vraiment Dieu et vraiment homme, Il est le seul m\u00e9diateur entre Dieu et l&#8217;homme.<\/p>\n<p>4. Nous croyons en la n\u00e9cessit\u00e9 de l&#8217;\u0153uvre du Saint-Esprit pour la nouvelle naissance et la croissance de l&#8217;individu jusqu&#8217;\u00e0 la maturit\u00e9 et pour le renouvellement constant de l&#8217;\u00c9glise dans la v\u00e9rit\u00e9, la sagesse, la foi, la saintet\u00e9, l&#8217;amour, la puissance et la mission. Chaque croyant est appel\u00e9 \u00e0 vivre et \u00e0 marcher dans la puissance du Saint-Esprit qui l&#8217;habite afin qu&#8217;il porte du fruit \u00e0 la gloire de Dieu et qu&#8217;il n&#8217;accomplisse pas les convoitises de la chair.<\/p>\n<p>5. Nous croyons que tous les gens sont des p\u00e9cheurs perdus et ne peuvent voir le royaume de Dieu, sauf \u00e0 travers la nouvelle naissance, qui a lieu par la repentance du p\u00e9ch\u00e9 et la foi envers Dieu. La justification est par la gr\u00e2ce par la foi en J\u00e9sus-Christ seul.<\/p>\n<p>Nous croyons que J\u00e9sus-Christ est le Chef de l&#8217;\u00c9glise, qui est compos\u00e9e de tous les croyants du monde entier, et que localement, l&#8217;\u00c9glise est un groupe de croyants baptis\u00e9s qui sont organis\u00e9s pour faire la volont\u00e9 de Dieu. Sa vocation est d&#8217;adorer Dieu et de t\u00e9moigner de son Chef, J\u00e9sus-Christ, de pr\u00eacher l&#8217;\u00c9vangile parmi toutes les nations et de d\u00e9montrer son engagement par un service compatissant aux besoins des \u00eatres humains et par la promotion de la droiture et de la justice.<\/p>\n<p>Nous croyons que J\u00e9sus-Christ reviendra personnellement et visiblement dans la gloire pour ressusciter les morts et achever le salut et le jugement. Dieu manifestera pleinement son royaume lorsqu&#8217;il \u00e9tablira un nouveau ciel et une nouvelle terre, dans lesquels il sera glorifi\u00e9 pour toujours et exclura tout mal, souffrance et mort.<\/p>\n<h3>Connectez-vous avec nous<\/h3>\n<p>Apprenez-en plus sur nous en nous envoyant un message via notre <a href=\"religious-and-charity-organization-contact-us\">formulaire de contact en ligne<\/a>.<\/p>\n","protected":false},"excerpt":{"rendered":"<p>Nous croyons en Christ et suivons ses enseignements. 1. Nous croyons en un seul Dieu, Cr\u00e9ateur et Seigneur de l&#8217;univers, existant \u00e9ternellement en trois personnes : P\u00e8re, Fils et Saint-Esprit. Nous croyons que la Bible, \u00e0 la fois l&#8217;Ancien et le Nouveau Testament, est la Parole inspir\u00e9e et faisant autorit\u00e9 de Dieu. Il est sans &hellip; <a href=\"http:\/\/www.africanrevivalfellowship.org\/fr\/religious-and-charity-organization-statement-of-faith\">Continue reading <span class=\"meta-nav\">&rarr;<\/span><\/a><\/p>\n","protected":false},"author":1,"featured_media":239,"parent":0,"menu_order":0,"comment_status":"closed","ping_status":"closed","template":"","meta":[],"translation":{"provider":"WPGlobus","version":"2.7.10","language":"fr","enabled_languages":["en","fr"],"languages":{"en":{"title":true,"content":true,"excerpt":false},"fr":{"title":true,"content":true,"excerpt":false}}},"yoast_head":"<!-- This site is optimized with the Yoast SEO plugin v15.9 - https:\/\/yoast.com\/wordpress\/plugins\/seo\/ -->\n<title>D\u00e9claration de foi | Religious &amp; Charity Organization\u00a0in North Carolina<\/title>\n<meta name=\"robots\" content=\"index, follow, max-snippet:-1, max-image-preview:large, max-video-preview:-1\" \/>\n<link rel=\"canonical\" href=\"http:\/\/www.africanrevivalfellowship.org\/religious-and-charity-organization-statement-of-faith\" \/>\n<meta property=\"og:locale\" content=\"fr_FR\" \/>\n<meta property=\"og:type\" content=\"article\" \/>\n<meta property=\"og:title\" content=\"D\u00e9claration de foi | Religious &amp; Charity Organization\u00a0in North Carolina\" \/>\n<meta property=\"og:url\" content=\"http:\/\/www.africanrevivalfellowship.org\/religious-and-charity-organization-statement-of-faith\" \/>\n<meta property=\"og:site_name\" content=\"AFRICAN REVIVAL FELLOWSHIP African Impact\" \/>\n<meta property=\"article:modified_time\" content=\"2021-08-03T09:36:22+00:00\" \/>\n<meta property=\"og:image\" content=\"http:\/\/www.africanrevivalfellowship.org\/wp-content\/uploads\/2021\/07\/3.png\" \/>\n\t<meta property=\"og:image:width\" content=\"1920\" \/>\n\t<meta property=\"og:image:height\" content=\"500\" \/>\n<meta name=\"twitter:card\" content=\"summary_large_image\" \/>\n<meta name=\"twitter:label1\" content=\"Est. reading time\">\n\t<meta name=\"twitter:data1\" content=\"3 minutes\">\n<script type=\"application\/ld+json\" class=\"yoast-schema-graph\">{\"@context\":\"https:\/\/schema.org\",\"@graph\":[{\"@type\":\"WebSite\",\"@id\":\"http:\/\/www.africanrevivalfellowship.org\/#website\",\"url\":\"http:\/\/www.africanrevivalfellowship.org\/\",\"name\":\"AFRICAN REVIVAL FELLOWSHIP African Impact\",\"description\":\"Just another WordPress site\",\"potentialAction\":[{\"@type\":\"SearchAction\",\"target\":\"http:\/\/www.africanrevivalfellowship.org\/?s={search_term_string}\",\"query-input\":\"required name=search_term_string\"}],\"inLanguage\":\"fr-FR\"},{\"@type\":\"ImageObject\",\"@id\":\"http:\/\/www.africanrevivalfellowship.org\/religious-and-charity-organization-statement-of-faith#primaryimage\",\"inLanguage\":\"fr-FR\",\"url\":\"http:\/\/www.africanrevivalfellowship.org\/wp-content\/uploads\/2021\/07\/3.png\",\"width\":1920,\"height\":500},{\"@type\":\"WebPage\",\"@id\":\"http:\/\/www.africanrevivalfellowship.org\/religious-and-charity-organization-statement-of-faith#webpage\",\"url\":\"http:\/\/www.africanrevivalfellowship.org\/religious-and-charity-organization-statement-of-faith\",\"name\":\"D\\u00e9claration de foi | Religious & Charity Organization\\u00a0in North Carolina\",\"isPartOf\":{\"@id\":\"http:\/\/www.africanrevivalfellowship.org\/#website\"},\"primaryImageOfPage\":{\"@id\":\"http:\/\/www.africanrevivalfellowship.org\/religious-and-charity-organization-statement-of-faith#primaryimage\"},\"datePublished\":\"2021-06-08T03:31:51+00:00\",\"dateModified\":\"2021-08-03T09:36:22+00:00\",\"description\":\"AFRICAN REVIVAL FELLOWSHIP African Impact is a nonprofit Christian organization in North Carolina. Visit our website for more details.\",\"breadcrumb\":{\"@id\":\"http:\/\/www.africanrevivalfellowship.org\/religious-and-charity-organization-statement-of-faith#breadcrumb\"},\"inLanguage\":\"fr-FR\",\"potentialAction\":[{\"@type\":\"ReadAction\",\"target\":[\"http:\/\/www.africanrevivalfellowship.org\/religious-and-charity-organization-statement-of-faith\"]}]},{\"@type\":\"BreadcrumbList\",\"@id\":\"http:\/\/www.africanrevivalfellowship.org\/religious-and-charity-organization-statement-of-faith#breadcrumb\",\"itemListElement\":[{\"@type\":\"ListItem\",\"position\":1,\"item\":{\"@type\":\"WebPage\",\"@id\":\"http:\/\/www.africanrevivalfellowship.org\/\",\"url\":\"http:\/\/www.africanrevivalfellowship.org\/\",\"name\":\"Home\"}},{\"@type\":\"ListItem\",\"position\":2,\"item\":{\"@type\":\"WebPage\",\"@id\":\"http:\/\/www.africanrevivalfellowship.org\/religious-and-charity-organization-statement-of-faith\",\"url\":\"http:\/\/www.africanrevivalfellowship.org\/religious-and-charity-organization-statement-of-faith\",\"name\":\"Statement of Faith\"}}]}]}<\/script>\n<!-- \/ Yoast SEO plugin. -->","_links":{"self":[{"href":"http:\/\/www.africanrevivalfellowship.org\/fr\/wp-json\/wp\/v2\/pages\/70"}],"collection":[{"href":"http:\/\/www.africanrevivalfellowship.org\/fr\/wp-json\/wp\/v2\/pages"}],"about":[{"href":"http:\/\/www.africanrevivalfellowship.org\/fr\/wp-json\/wp\/v2\/types\/page"}],"author":[{"embeddable":true,"href":"http:\/\/www.africanrevivalfellowship.org\/fr\/wp-json\/wp\/v2\/users\/1"}],"replies":[{"embeddable":true,"href":"http:\/\/www.africanrevivalfellowship.org\/fr\/wp-json\/wp\/v2\/comments?post=70"}],"version-history":[{"count":7,"href":"http:\/\/www.africanrevivalfellowship.org\/fr\/wp-json\/wp\/v2\/pages\/70\/revisions"}],"predecessor-version":[{"id":512,"href":"http:\/\/www.africanrevivalfellowship.org\/fr\/wp-json\/wp\/v2\/pages\/70\/revisions\/512"}],"wp:featuredmedia":[{"embeddable":true,"href":"http:\/\/www.africanrevivalfellowship.org\/fr\/wp-json\/wp\/v2\/media\/239"}],"wp:attachment":[{"href":"http:\/\/www.africanrevivalfellowship.org\/fr\/wp-json\/wp\/v2\/media?parent=70"}],"curies":[{"name":"wp","href":"https:\/\/api.w.org\/{rel}","templated":true}]}}