{"id":71,"date":"2021-06-08T03:32:01","date_gmt":"2021-06-08T03:32:01","guid":{"rendered":"https:\/\/w0653.proweaver.site\/?page_id=71"},"modified":"2021-08-03T09:21:51","modified_gmt":"2021-08-03T09:21:51","slug":"religious-and-charity-organization-mission-statement","status":"publish","type":"page","link":"http:\/\/www.africanrevivalfellowship.org\/fr\/religious-and-charity-organization-mission-statement","title":{"rendered":"\u00c9nonc\u00e9 de mission"},"content":{"rendered":"<div class=\"intro_txt\">Notre engagement est centr\u00e9 sur le Christ et notre foi en Lui.<\/div>\n<div class=\"v_m_statement\">\n<p>African Revival Fellowship existe pour faire conna\u00eetre le Christ parmi les groupes ethniques africains aux \u00c9tats-Unis et dans le monde et pour mobiliser la diaspora africaine pour la moisson spirituelle \u00e0 travers des \u0153uvres de compassion et de gr\u00e2ce.<\/p>\n<\/div>\n<h3>Connecte-toi avec nous<\/h3>\n<p>Apprenez-en plus sur nous en nous envoyant un message via notre <a href=\"religious-and-charity-organization-contact-us\">formulaire de contact en ligne<\/a>.<\/p>\n","protected":false},"excerpt":{"rendered":"<p>Notre engagement est centr\u00e9 sur le Christ et notre foi en Lui. African Revival Fellowship existe pour faire conna\u00eetre le Christ parmi les groupes ethniques africains aux \u00c9tats-Unis et dans le monde et pour mobiliser la diaspora africaine pour la moisson spirituelle \u00e0 travers des \u0153uvres de compassion et de gr\u00e2ce. Connecte-toi avec nous Apprenez-en &hellip; <a href=\"http:\/\/www.africanrevivalfellowship.org\/fr\/religious-and-charity-organization-mission-statement\">Continue reading <span class=\"meta-nav\">&rarr;<\/span><\/a><\/p>\n","protected":false},"author":1,"featured_media":242,"parent":0,"menu_order":0,"comment_status":"closed","ping_status":"closed","template":"","meta":[],"translation":{"provider":"WPGlobus","version":"2.7.10","language":"fr","enabled_languages":["en","fr"],"languages":{"en":{"title":true,"content":true,"excerpt":false},"fr":{"title":true,"content":true,"excerpt":false}}},"yoast_head":"<!-- This site is optimized with the Yoast SEO plugin v15.9 - https:\/\/yoast.com\/wordpress\/plugins\/seo\/ -->\n<title>\u00c9nonc\u00e9 de mission | Religious &amp; Charity Organization\u00a0in North Carolina<\/title>\n<meta name=\"robots\" content=\"index, follow, max-snippet:-1, max-image-preview:large, max-video-preview:-1\" \/>\n<link rel=\"canonical\" href=\"http:\/\/www.africanrevivalfellowship.org\/religious-and-charity-organization-mission-statement\" \/>\n<meta property=\"og:locale\" content=\"fr_FR\" \/>\n<meta property=\"og:type\" content=\"article\" \/>\n<meta property=\"og:title\" content=\"\u00c9nonc\u00e9 de mission | Religious &amp; Charity Organization\u00a0in North Carolina\" \/>\n<meta property=\"og:url\" content=\"http:\/\/www.africanrevivalfellowship.org\/religious-and-charity-organization-mission-statement\" \/>\n<meta property=\"og:site_name\" content=\"AFRICAN REVIVAL FELLOWSHIP African Impact\" \/>\n<meta property=\"article:modified_time\" content=\"2021-08-03T09:21:51+00:00\" \/>\n<meta property=\"og:image\" content=\"http:\/\/www.africanrevivalfellowship.org\/wp-content\/uploads\/2021\/07\/5.png\" \/>\n\t<meta property=\"og:image:width\" content=\"1920\" \/>\n\t<meta property=\"og:image:height\" content=\"500\" \/>\n<meta name=\"twitter:card\" content=\"summary_large_image\" \/>\n<meta name=\"twitter:label1\" content=\"Est. reading time\">\n\t<meta name=\"twitter:data1\" content=\"1 minute\">\n<script type=\"application\/ld+json\" class=\"yoast-schema-graph\">{\"@context\":\"https:\/\/schema.org\",\"@graph\":[{\"@type\":\"WebSite\",\"@id\":\"http:\/\/www.africanrevivalfellowship.org\/#website\",\"url\":\"http:\/\/www.africanrevivalfellowship.org\/\",\"name\":\"AFRICAN REVIVAL FELLOWSHIP African Impact\",\"description\":\"Just another WordPress site\",\"potentialAction\":[{\"@type\":\"SearchAction\",\"target\":\"http:\/\/www.africanrevivalfellowship.org\/?s={search_term_string}\",\"query-input\":\"required name=search_term_string\"}],\"inLanguage\":\"fr-FR\"},{\"@type\":\"ImageObject\",\"@id\":\"http:\/\/www.africanrevivalfellowship.org\/religious-and-charity-organization-mission-statement#primaryimage\",\"inLanguage\":\"fr-FR\",\"url\":\"http:\/\/www.africanrevivalfellowship.org\/wp-content\/uploads\/2021\/07\/5.png\",\"width\":1920,\"height\":500,\"caption\":\"man smiling\"},{\"@type\":\"WebPage\",\"@id\":\"http:\/\/www.africanrevivalfellowship.org\/religious-and-charity-organization-mission-statement#webpage\",\"url\":\"http:\/\/www.africanrevivalfellowship.org\/religious-and-charity-organization-mission-statement\",\"name\":\"\\u00c9nonc\\u00e9 de mission | Religious & Charity Organization\\u00a0in North Carolina\",\"isPartOf\":{\"@id\":\"http:\/\/www.africanrevivalfellowship.org\/#website\"},\"primaryImageOfPage\":{\"@id\":\"http:\/\/www.africanrevivalfellowship.org\/religious-and-charity-organization-mission-statement#primaryimage\"},\"datePublished\":\"2021-06-08T03:32:01+00:00\",\"dateModified\":\"2021-08-03T09:21:51+00:00\",\"description\":\"AFRICAN REVIVAL FELLOWSHIP African Impact is a nonprofit Christian organization in North Carolina. Visit our website for more details.\",\"breadcrumb\":{\"@id\":\"http:\/\/www.africanrevivalfellowship.org\/religious-and-charity-organization-mission-statement#breadcrumb\"},\"inLanguage\":\"fr-FR\",\"potentialAction\":[{\"@type\":\"ReadAction\",\"target\":[\"http:\/\/www.africanrevivalfellowship.org\/religious-and-charity-organization-mission-statement\"]}]},{\"@type\":\"BreadcrumbList\",\"@id\":\"http:\/\/www.africanrevivalfellowship.org\/religious-and-charity-organization-mission-statement#breadcrumb\",\"itemListElement\":[{\"@type\":\"ListItem\",\"position\":1,\"item\":{\"@type\":\"WebPage\",\"@id\":\"http:\/\/www.africanrevivalfellowship.org\/\",\"url\":\"http:\/\/www.africanrevivalfellowship.org\/\",\"name\":\"Home\"}},{\"@type\":\"ListItem\",\"position\":2,\"item\":{\"@type\":\"WebPage\",\"@id\":\"http:\/\/www.africanrevivalfellowship.org\/religious-and-charity-organization-mission-statement\",\"url\":\"http:\/\/www.africanrevivalfellowship.org\/religious-and-charity-organization-mission-statement\",\"name\":\"Mission Statement\"}}]}]}<\/script>\n<!-- \/ Yoast SEO plugin. -->","_links":{"self":[{"href":"http:\/\/www.africanrevivalfellowship.org\/fr\/wp-json\/wp\/v2\/pages\/71"}],"collection":[{"href":"http:\/\/www.africanrevivalfellowship.org\/fr\/wp-json\/wp\/v2\/pages"}],"about":[{"href":"http:\/\/www.africanrevivalfellowship.org\/fr\/wp-json\/wp\/v2\/types\/page"}],"author":[{"embeddable":true,"href":"http:\/\/www.africanrevivalfellowship.org\/fr\/wp-json\/wp\/v2\/users\/1"}],"replies":[{"embeddable":true,"href":"http:\/\/www.africanrevivalfellowship.org\/fr\/wp-json\/wp\/v2\/comments?post=71"}],"version-history":[{"count":5,"href":"http:\/\/www.africanrevivalfellowship.org\/fr\/wp-json\/wp\/v2\/pages\/71\/revisions"}],"predecessor-version":[{"id":496,"href":"http:\/\/www.africanrevivalfellowship.org\/fr\/wp-json\/wp\/v2\/pages\/71\/revisions\/496"}],"wp:featuredmedia":[{"embeddable":true,"href":"http:\/\/www.africanrevivalfellowship.org\/fr\/wp-json\/wp\/v2\/media\/242"}],"wp:attachment":[{"href":"http:\/\/www.africanrevivalfellowship.org\/fr\/wp-json\/wp\/v2\/media?parent=71"}],"curies":[{"name":"wp","href":"https:\/\/api.w.org\/{rel}","templated":true}]}}