{"id":73,"date":"2021-06-08T03:32:05","date_gmt":"2021-06-08T03:32:05","guid":{"rendered":"https:\/\/w0653.proweaver.site\/?page_id=73"},"modified":"2021-08-03T09:26:55","modified_gmt":"2021-08-03T09:26:55","slug":"religious-and-charity-organization-our-core-values","status":"publish","type":"page","link":"http:\/\/www.africanrevivalfellowship.org\/fr\/religious-and-charity-organization-our-core-values","title":{"rendered":"Nos valeurs fondamentales"},"content":{"rendered":"<div class=\"intro_txt\">Nos valeurs renforcent notre foi et nous poussent \u00e0 conduire les autres vers une vie centr\u00e9e sur le Christ.<\/div>\n<figure><img src=\"http:\/\/www.africanrevivalfellowship.org\/wp-content\/themes\/africanrevivalan362\/images\/thumbnails\/our-core-values.jpg\" alt=\"woman smiling\" class=\"thumb_right_dd\"><\/figure>\n<p>Les valeurs fondamentales sont l&#8217;ADN qui d\u00e9finit qui nous sommes et ce que nous sommes dans l&#8217;enfance et la grandeur.<\/p>\n<p>Qu&#8217;est-ce que Dieu nous a appel\u00e9s \u00e0 \u00eatre ? Ce ne sont pas seulement des croyances sur une plaque ou des notes dans un livre quelque part. Ils sont l&#8217;essence de qui nous sommes.<\/p>\n<p>Ces sept (7) valeurs fondamentales sont le fondement de l&#8217;African Revival Fellowship et de ses minist\u00e8res. En tant que dirigeants, travailleurs et b\u00e9n\u00e9voles, nous nous engageons \u00e0 adopter ces valeurs fondamentales dans le cadre de la fondation de notre minist\u00e8re et de notre vie.<\/p>\n<ul class=\"bullet col2\">\n<li>Personnage&nbsp;<\/li>\n<li>Centr\u00e9 sur Dieu<\/li>\n<li>Excellence&nbsp;<\/li>\n<li>Famille&nbsp;<\/li>\n<li>Int\u00e9grit\u00e9&nbsp;<\/li>\n<li>Amour&nbsp;<\/li>\n<li>Pri\u00e8re&nbsp;<\/li>\n<\/ul>\n<h3>Notre devise<\/h3>\n<p>&#8220;Combler le foss\u00e9 ensemble&#8221;<\/p>\n<h3>Connectez-vous avec nous<\/h3>\n<p>Apprenez-en plus sur nous en nous envoyant un message via notre <a href=\"religious-and-charity-organization-contact-us\">formulaire de contact en ligne<\/a>.<\/p>\n","protected":false},"excerpt":{"rendered":"<p>Nos valeurs renforcent notre foi et nous poussent \u00e0 conduire les autres vers une vie centr\u00e9e sur le Christ. Les valeurs fondamentales sont l&#8217;ADN qui d\u00e9finit qui nous sommes et ce que nous sommes dans l&#8217;enfance et la grandeur. Qu&#8217;est-ce que Dieu nous a appel\u00e9s \u00e0 \u00eatre ? Ce ne sont pas seulement des croyances &hellip; <a href=\"http:\/\/www.africanrevivalfellowship.org\/fr\/religious-and-charity-organization-our-core-values\">Continue reading <span class=\"meta-nav\">&rarr;<\/span><\/a><\/p>\n","protected":false},"author":1,"featured_media":243,"parent":0,"menu_order":0,"comment_status":"closed","ping_status":"closed","template":"","meta":[],"translation":{"provider":"WPGlobus","version":"2.7.10","language":"fr","enabled_languages":["en","fr"],"languages":{"en":{"title":true,"content":true,"excerpt":false},"fr":{"title":true,"content":true,"excerpt":false}}},"yoast_head":"<!-- This site is optimized with the Yoast SEO plugin v15.9 - https:\/\/yoast.com\/wordpress\/plugins\/seo\/ -->\n<title>Nos valeurs fondamentales | Religious &amp; Charity Organization\u00a0in North Carolina<\/title>\n<meta name=\"robots\" content=\"index, follow, max-snippet:-1, max-image-preview:large, max-video-preview:-1\" \/>\n<link rel=\"canonical\" href=\"http:\/\/www.africanrevivalfellowship.org\/religious-and-charity-organization-our-core-values\" \/>\n<meta property=\"og:locale\" content=\"fr_FR\" \/>\n<meta property=\"og:type\" content=\"article\" \/>\n<meta property=\"og:title\" content=\"Nos valeurs fondamentales | Religious &amp; Charity Organization\u00a0in North Carolina\" \/>\n<meta property=\"og:url\" content=\"http:\/\/www.africanrevivalfellowship.org\/religious-and-charity-organization-our-core-values\" \/>\n<meta property=\"og:site_name\" content=\"AFRICAN REVIVAL FELLOWSHIP African Impact\" \/>\n<meta property=\"article:modified_time\" content=\"2021-08-03T09:26:55+00:00\" \/>\n<meta property=\"og:image\" content=\"http:\/\/www.africanrevivalfellowship.org\/wp-content\/uploads\/2021\/07\/7.png\" \/>\n\t<meta property=\"og:image:width\" content=\"1920\" \/>\n\t<meta property=\"og:image:height\" content=\"500\" \/>\n<meta name=\"twitter:card\" content=\"summary_large_image\" \/>\n<meta name=\"twitter:label1\" content=\"Est. reading time\">\n\t<meta name=\"twitter:data1\" content=\"1 minute\">\n<script type=\"application\/ld+json\" class=\"yoast-schema-graph\">{\"@context\":\"https:\/\/schema.org\",\"@graph\":[{\"@type\":\"WebSite\",\"@id\":\"http:\/\/www.africanrevivalfellowship.org\/#website\",\"url\":\"http:\/\/www.africanrevivalfellowship.org\/\",\"name\":\"AFRICAN REVIVAL FELLOWSHIP African Impact\",\"description\":\"Just another WordPress site\",\"potentialAction\":[{\"@type\":\"SearchAction\",\"target\":\"http:\/\/www.africanrevivalfellowship.org\/?s={search_term_string}\",\"query-input\":\"required name=search_term_string\"}],\"inLanguage\":\"fr-FR\"},{\"@type\":\"ImageObject\",\"@id\":\"http:\/\/www.africanrevivalfellowship.org\/religious-and-charity-organization-our-core-values#primaryimage\",\"inLanguage\":\"fr-FR\",\"url\":\"http:\/\/www.africanrevivalfellowship.org\/wp-content\/uploads\/2021\/07\/7.png\",\"width\":1920,\"height\":500,\"caption\":\"person holding baby's hand\"},{\"@type\":\"WebPage\",\"@id\":\"http:\/\/www.africanrevivalfellowship.org\/religious-and-charity-organization-our-core-values#webpage\",\"url\":\"http:\/\/www.africanrevivalfellowship.org\/religious-and-charity-organization-our-core-values\",\"name\":\"Nos valeurs fondamentales | Religious & Charity Organization\\u00a0in North Carolina\",\"isPartOf\":{\"@id\":\"http:\/\/www.africanrevivalfellowship.org\/#website\"},\"primaryImageOfPage\":{\"@id\":\"http:\/\/www.africanrevivalfellowship.org\/religious-and-charity-organization-our-core-values#primaryimage\"},\"datePublished\":\"2021-06-08T03:32:05+00:00\",\"dateModified\":\"2021-08-03T09:26:55+00:00\",\"description\":\"AFRICAN REVIVAL FELLOWSHIP African Impact is a nonprofit Christian organization in North Carolina. Visit our website for more details.\",\"breadcrumb\":{\"@id\":\"http:\/\/www.africanrevivalfellowship.org\/religious-and-charity-organization-our-core-values#breadcrumb\"},\"inLanguage\":\"fr-FR\",\"potentialAction\":[{\"@type\":\"ReadAction\",\"target\":[\"http:\/\/www.africanrevivalfellowship.org\/religious-and-charity-organization-our-core-values\"]}]},{\"@type\":\"BreadcrumbList\",\"@id\":\"http:\/\/www.africanrevivalfellowship.org\/religious-and-charity-organization-our-core-values#breadcrumb\",\"itemListElement\":[{\"@type\":\"ListItem\",\"position\":1,\"item\":{\"@type\":\"WebPage\",\"@id\":\"http:\/\/www.africanrevivalfellowship.org\/\",\"url\":\"http:\/\/www.africanrevivalfellowship.org\/\",\"name\":\"Home\"}},{\"@type\":\"ListItem\",\"position\":2,\"item\":{\"@type\":\"WebPage\",\"@id\":\"http:\/\/www.africanrevivalfellowship.org\/religious-and-charity-organization-our-core-values\",\"url\":\"http:\/\/www.africanrevivalfellowship.org\/religious-and-charity-organization-our-core-values\",\"name\":\"Our Core Values\"}}]}]}<\/script>\n<!-- \/ Yoast SEO plugin. -->","_links":{"self":[{"href":"http:\/\/www.africanrevivalfellowship.org\/fr\/wp-json\/wp\/v2\/pages\/73"}],"collection":[{"href":"http:\/\/www.africanrevivalfellowship.org\/fr\/wp-json\/wp\/v2\/pages"}],"about":[{"href":"http:\/\/www.africanrevivalfellowship.org\/fr\/wp-json\/wp\/v2\/types\/page"}],"author":[{"embeddable":true,"href":"http:\/\/www.africanrevivalfellowship.org\/fr\/wp-json\/wp\/v2\/users\/1"}],"replies":[{"embeddable":true,"href":"http:\/\/www.africanrevivalfellowship.org\/fr\/wp-json\/wp\/v2\/comments?post=73"}],"version-history":[{"count":6,"href":"http:\/\/www.africanrevivalfellowship.org\/fr\/wp-json\/wp\/v2\/pages\/73\/revisions"}],"predecessor-version":[{"id":499,"href":"http:\/\/www.africanrevivalfellowship.org\/fr\/wp-json\/wp\/v2\/pages\/73\/revisions\/499"}],"wp:featuredmedia":[{"embeddable":true,"href":"http:\/\/www.africanrevivalfellowship.org\/fr\/wp-json\/wp\/v2\/media\/243"}],"wp:attachment":[{"href":"http:\/\/www.africanrevivalfellowship.org\/fr\/wp-json\/wp\/v2\/media?parent=73"}],"curies":[{"name":"wp","href":"https:\/\/api.w.org\/{rel}","templated":true}]}}