{"id":74,"date":"2021-06-08T03:32:11","date_gmt":"2021-06-08T03:32:11","guid":{"rendered":"https:\/\/w0653.proweaver.site\/?page_id=74"},"modified":"2021-08-03T07:57:59","modified_gmt":"2021-08-03T07:57:59","slug":"religious-and-charity-organization-leadership-and-staff","status":"publish","type":"page","link":"http:\/\/www.africanrevivalfellowship.org\/fr\/religious-and-charity-organization-leadership-and-staff","title":{"rendered":"Direction et personnel"},"content":{"rendered":"<div class=\"intro_txt\">Apprenez-en plus sur les personnes derri\u00e8re cette fraternit\u00e9.<\/div>\n<p>African Revival Fellowship est attach\u00e9 \u00e0 sa mission. Notre \u00e9quipe de direction et nos b\u00e9n\u00e9voles d\u00e9vou\u00e9s parmi la diaspora africaine aux \u00c9tats-Unis et dans le monde sont nos atouts les plus importants.<\/p>\n<p>African Revival Fellowship estime qu&#8217;une structure de leadership d\u00e9centralis\u00e9e augmentera l&#8217;innovation et la libert\u00e9 d&#8217;esprit dans notre organisation. African Revival Fellowship s&#8217;efforce de se concentrer sur le d\u00e9veloppement du leadership afin que les membres individuels puissent accomplir la mission avec succ\u00e8s.<\/p>\n<div class=\"leader_page\">\n<section>\n<figure><img src=\"http:\/\/www.africanrevivalfellowship.org\/wp-content\/themes\/africanrevivalan362\/images\/thumbnails\/koudifo.jpg\" alt=\"Jean-Pierre Koudifo&nbsp;\"><\/figure>\n<h5>Jean-Pierre Koudifo&nbsp;<\/h5>\n<h4>Pr\u00e9sident &amp; CEO&nbsp;<\/h4>\n<p><span>Raleigh, NC, USA&nbsp;<\/span><br \/>\n<\/section>\n<section>\n<figure><img src=\"http:\/\/www.africanrevivalfellowship.org\/wp-content\/themes\/africanrevivalan362\/images\/thumbnails\/adrien.jpg\" alt=\"Adrien Lossou Kponon-Eklou\"><\/figure>\n<h5>Adrien Lossou Kponon-Eklou<\/h5>\n<h4>Secr\u00e9taire &amp; Chef des Op\u00e9rations Africa&nbsp;<\/h4>\n<p><span>Dallas, TX USA<\/span><br \/>\n<\/section>\n<section>\n<figure><img src=\"http:\/\/www.africanrevivalfellowship.org\/wp-content\/themes\/africanrevivalan362\/images\/thumbnails\/christian.jpg\" alt=\"Kossi Todze\"><\/figure>\n<h5>Christian Todze&nbsp;<\/h5>\n<h4>Vice Pr\u00e9sident&nbsp;<\/h4>\n<p><span>Richmond, Virginia, USA&nbsp;<\/span><br \/>\n<\/section>\n<section>\n<figure><img src=\"http:\/\/www.africanrevivalfellowship.org\/wp-content\/themes\/africanrevivalan362\/images\/thumbnails\/emma.jpg\" alt=\"Emma Ebia&nbsp;\"><\/figure>\n<h5>Emma Ebia&nbsp;<\/h5>\n<h4>Membre d&#8217;\u00e9quipage &amp; Responsable du programme enfants<\/h4>\n<p><span>Dallas, TX, USA&nbsp;<\/span><br \/>\n<\/section>\n<section>\n<figure><img src=\"http:\/\/www.africanrevivalfellowship.org\/wp-content\/themes\/africanrevivalan362\/images\/thumbnails\/djanita.jpg\" alt=\"Djanita Amevi Kponon Eklou&nbsp;\"><\/figure>\n<h5>Djanita Amevi Kponon Eklou&nbsp;<\/h5>\n<h4>Tr\u00e9sori\u00e8re<\/h4>\n<p><span>Dallas, TX, USA&nbsp;<\/span><br \/>\n<\/section>\n<section>\n<figure><img src=\"http:\/\/www.africanrevivalfellowship.org\/wp-content\/themes\/africanrevivalan362\/images\/thumbnails\/simon.jpg\" alt=\"Simon Yawo Adjanou\"><\/figure>\n<h5>Simon Yawo Adjanou&nbsp;<\/h5>\n<h4>Coordonnateur national Africa&nbsp;<\/h4>\n<p><span>Lome, Togo, Africa<\/span><br \/>\n<\/section>\n<section>\n<figure><img src=\"http:\/\/www.africanrevivalfellowship.org\/wp-content\/themes\/africanrevivalan362\/images\/thumbnails\/serge.jpg\" alt=\"Serge Agbelenko Setodji&nbsp;\"><\/figure>\n<h5>Serge Agbelenko Setodji&nbsp;<\/h5>\n<h4>Directeur des op\u00e9rations Africa&nbsp;<\/h4>\n<p><span>Lome, Togo, Africa&nbsp;<\/span><br \/>\n<\/section>\n<\/div>\n<h3>Connecte-toi avec nous<\/h3>\n<p>Apprenez-en plus sur nous en nous envoyant un message via <a href=\"religious-and-charity-organization-contact-us\">notre formulaire de contact en ligne<\/a>.<\/p>\n","protected":false},"excerpt":{"rendered":"<p>Apprenez-en plus sur les personnes derri\u00e8re cette fraternit\u00e9. African Revival Fellowship est attach\u00e9 \u00e0 sa mission. Notre \u00e9quipe de direction et nos b\u00e9n\u00e9voles d\u00e9vou\u00e9s parmi la diaspora africaine aux \u00c9tats-Unis et dans le monde sont nos atouts les plus importants. African Revival Fellowship estime qu&#8217;une structure de leadership d\u00e9centralis\u00e9e augmentera l&#8217;innovation et la libert\u00e9 d&#8217;esprit &hellip; <a href=\"http:\/\/www.africanrevivalfellowship.org\/fr\/religious-and-charity-organization-leadership-and-staff\">Continue reading <span class=\"meta-nav\">&rarr;<\/span><\/a><\/p>\n","protected":false},"author":1,"featured_media":246,"parent":0,"menu_order":0,"comment_status":"closed","ping_status":"closed","template":"","meta":[],"translation":{"provider":"WPGlobus","version":"2.7.10","language":"fr","enabled_languages":["en","fr"],"languages":{"en":{"title":true,"content":true,"excerpt":false},"fr":{"title":true,"content":true,"excerpt":false}}},"yoast_head":"<!-- This site is optimized with the Yoast SEO plugin v15.9 - https:\/\/yoast.com\/wordpress\/plugins\/seo\/ -->\n<title>Direction et personnel | Religious &amp; Charity Organization\u00a0in North Carolina<\/title>\n<meta name=\"robots\" content=\"index, follow, max-snippet:-1, max-image-preview:large, max-video-preview:-1\" \/>\n<link rel=\"canonical\" href=\"http:\/\/www.africanrevivalfellowship.org\/religious-and-charity-organization-leadership-and-staff\" \/>\n<meta property=\"og:locale\" content=\"fr_FR\" \/>\n<meta property=\"og:type\" content=\"article\" \/>\n<meta property=\"og:title\" content=\"Direction et personnel | Religious &amp; Charity Organization\u00a0in North Carolina\" \/>\n<meta property=\"og:url\" content=\"http:\/\/www.africanrevivalfellowship.org\/religious-and-charity-organization-leadership-and-staff\" \/>\n<meta property=\"og:site_name\" content=\"AFRICAN REVIVAL FELLOWSHIP African Impact\" \/>\n<meta property=\"article:modified_time\" content=\"2021-08-03T07:57:59+00:00\" \/>\n<meta property=\"og:image\" content=\"http:\/\/www.africanrevivalfellowship.org\/wp-content\/uploads\/2021\/07\/9.png\" \/>\n\t<meta property=\"og:image:width\" content=\"1920\" \/>\n\t<meta property=\"og:image:height\" content=\"500\" \/>\n<meta name=\"twitter:card\" content=\"summary_large_image\" \/>\n<meta name=\"twitter:label1\" content=\"Est. reading time\">\n\t<meta name=\"twitter:data1\" content=\"3 minutes\">\n<script type=\"application\/ld+json\" class=\"yoast-schema-graph\">{\"@context\":\"https:\/\/schema.org\",\"@graph\":[{\"@type\":\"WebSite\",\"@id\":\"http:\/\/www.africanrevivalfellowship.org\/#website\",\"url\":\"http:\/\/www.africanrevivalfellowship.org\/\",\"name\":\"AFRICAN REVIVAL FELLOWSHIP African Impact\",\"description\":\"Just another WordPress site\",\"potentialAction\":[{\"@type\":\"SearchAction\",\"target\":\"http:\/\/www.africanrevivalfellowship.org\/?s={search_term_string}\",\"query-input\":\"required name=search_term_string\"}],\"inLanguage\":\"fr-FR\"},{\"@type\":\"ImageObject\",\"@id\":\"http:\/\/www.africanrevivalfellowship.org\/religious-and-charity-organization-leadership-and-staff#primaryimage\",\"inLanguage\":\"fr-FR\",\"url\":\"http:\/\/www.africanrevivalfellowship.org\/wp-content\/uploads\/2021\/07\/9.png\",\"width\":1920,\"height\":500,\"caption\":\"woman carrying a baby\"},{\"@type\":\"WebPage\",\"@id\":\"http:\/\/www.africanrevivalfellowship.org\/religious-and-charity-organization-leadership-and-staff#webpage\",\"url\":\"http:\/\/www.africanrevivalfellowship.org\/religious-and-charity-organization-leadership-and-staff\",\"name\":\"Direction et personnel | Religious & Charity Organization\\u00a0in North Carolina\",\"isPartOf\":{\"@id\":\"http:\/\/www.africanrevivalfellowship.org\/#website\"},\"primaryImageOfPage\":{\"@id\":\"http:\/\/www.africanrevivalfellowship.org\/religious-and-charity-organization-leadership-and-staff#primaryimage\"},\"datePublished\":\"2021-06-08T03:32:11+00:00\",\"dateModified\":\"2021-08-03T07:57:59+00:00\",\"description\":\"AFRICAN REVIVAL FELLOWSHIP African Impact is a nonprofit Christian organization in North Carolina. Visit our website for more details.\",\"breadcrumb\":{\"@id\":\"http:\/\/www.africanrevivalfellowship.org\/religious-and-charity-organization-leadership-and-staff#breadcrumb\"},\"inLanguage\":\"fr-FR\",\"potentialAction\":[{\"@type\":\"ReadAction\",\"target\":[\"http:\/\/www.africanrevivalfellowship.org\/religious-and-charity-organization-leadership-and-staff\"]}]},{\"@type\":\"BreadcrumbList\",\"@id\":\"http:\/\/www.africanrevivalfellowship.org\/religious-and-charity-organization-leadership-and-staff#breadcrumb\",\"itemListElement\":[{\"@type\":\"ListItem\",\"position\":1,\"item\":{\"@type\":\"WebPage\",\"@id\":\"http:\/\/www.africanrevivalfellowship.org\/\",\"url\":\"http:\/\/www.africanrevivalfellowship.org\/\",\"name\":\"Home\"}},{\"@type\":\"ListItem\",\"position\":2,\"item\":{\"@type\":\"WebPage\",\"@id\":\"http:\/\/www.africanrevivalfellowship.org\/religious-and-charity-organization-leadership-and-staff\",\"url\":\"http:\/\/www.africanrevivalfellowship.org\/religious-and-charity-organization-leadership-and-staff\",\"name\":\"Leadership and Staff\"}}]}]}<\/script>\n<!-- \/ Yoast SEO plugin. -->","_links":{"self":[{"href":"http:\/\/www.africanrevivalfellowship.org\/fr\/wp-json\/wp\/v2\/pages\/74"}],"collection":[{"href":"http:\/\/www.africanrevivalfellowship.org\/fr\/wp-json\/wp\/v2\/pages"}],"about":[{"href":"http:\/\/www.africanrevivalfellowship.org\/fr\/wp-json\/wp\/v2\/types\/page"}],"author":[{"embeddable":true,"href":"http:\/\/www.africanrevivalfellowship.org\/fr\/wp-json\/wp\/v2\/users\/1"}],"replies":[{"embeddable":true,"href":"http:\/\/www.africanrevivalfellowship.org\/fr\/wp-json\/wp\/v2\/comments?post=74"}],"version-history":[{"count":11,"href":"http:\/\/www.africanrevivalfellowship.org\/fr\/wp-json\/wp\/v2\/pages\/74\/revisions"}],"predecessor-version":[{"id":462,"href":"http:\/\/www.africanrevivalfellowship.org\/fr\/wp-json\/wp\/v2\/pages\/74\/revisions\/462"}],"wp:featuredmedia":[{"embeddable":true,"href":"http:\/\/www.africanrevivalfellowship.org\/fr\/wp-json\/wp\/v2\/media\/246"}],"wp:attachment":[{"href":"http:\/\/www.africanrevivalfellowship.org\/fr\/wp-json\/wp\/v2\/media?parent=74"}],"curies":[{"name":"wp","href":"https:\/\/api.w.org\/{rel}","templated":true}]}}