{"id":75,"date":"2021-06-08T03:32:16","date_gmt":"2021-06-08T03:32:16","guid":{"rendered":"https:\/\/w0653.proweaver.site\/?page_id=75"},"modified":"2021-08-03T09:41:27","modified_gmt":"2021-08-03T09:41:27","slug":"religious-and-charity-organization-the-presidents-corner","status":"publish","type":"page","link":"http:\/\/www.africanrevivalfellowship.org\/fr\/religious-and-charity-organization-the-presidents-corner","title":{"rendered":"Le coin du pr\u00e9sident"},"content":{"rendered":"<div class=\"intro_txt\">Bienvenue dans le coin du pr\u00e9sident!<\/div>\n<figure class=\"president_img\"><img src=\"http:\/\/www.africanrevivalfellowship.org\/wp-content\/themes\/africanrevivalan362\/images\/thumbnails\/koudifo.jpg\" alt=\"Jean-Pierre Koudifo\"><\/figure>\n<p>Je suis heureux que vous soyez l\u00e0. Cette page est con\u00e7ue pour vous encourager dans votre marche dans le Seigneur. Tout d&#8217;abord, permettez-moi de me pr\u00e9senter.<\/p>\n<p>Je m&#8217;appelle Jean-Pierre Koudifo, Pr\u00e9sident de l&#8217;African Revival Fellowship. Dans ce r\u00f4le, je m&#8217;efforce de r\u00e9aliser la vision de l&#8217;organisation en fixant et en dirigeant les buts et objectifs de la mission et en offrant leadership et soutien au personnel et aux b\u00e9n\u00e9voles. Je travaille en \u00e9troite collaboration avec mon \u00e9quipe de minist\u00e8re pour cr\u00e9er une organisation qui m\u00e8ne des efforts de changements spirituels et socio-\u00e9conomiques au sein des groupes ethniques africains aux \u00c9tats-Unis et dans le monde.<\/p>\n<p>Je suis titulaire d&#8217;un MBA avec concentration en administration publique de la Keller Graduate School of Management (DeVry University) et d&#8217;une ma\u00eetrise \u00e8s sciences en conception organisationnelle et leadership strat\u00e9gique de l&#8217;Universit\u00e9 d&#8217;Indianapolis. J&#8217;ai servi dans l&#8217;arm\u00e9e am\u00e9ricaine et j&#8217;ai travaill\u00e9 pour et soutenu des agences militaires et gouvernementales \u00e0 Colorado Springs, CO ; Chambersburg, Pennsylvanie ; Indianapolis, IN ; Raleigh, Caroline du Nord, o\u00f9 je vis actuellement avec ma femme Claire et nos trois enfants. Je suis dans le minist\u00e8re depuis plus d&#8217;une d\u00e9cennie. Ma vie a \u00e9t\u00e9 profond\u00e9ment transform\u00e9e par l&#8217;Amour de Dieu, et je sers le Seigneur avec passion depuis plus de 25 ans. En tant qu&#8217;immigrant moi-m\u00eame, je sais ce que signifie vivre loin de sa famille et de ses proches en raison des barri\u00e8res linguistiques, des changements de culture et du stress de la vie, entre autres d\u00e9fis.<\/p>\n<p>African Revival Fellowship s&#8217;efforce de connecter les immigrants africains \u00e0 nos programmes.<\/p>\n<p>Merci d&#8217;avoir visit\u00e9 notre site Web. Soyez encourag\u00e9 aujourd&#8217;hui!<\/p>\n","protected":false},"excerpt":{"rendered":"<p>Bienvenue dans le coin du pr\u00e9sident! Je suis heureux que vous soyez l\u00e0. Cette page est con\u00e7ue pour vous encourager dans votre marche dans le Seigneur. Tout d&#8217;abord, permettez-moi de me pr\u00e9senter. Je m&#8217;appelle Jean-Pierre Koudifo, Pr\u00e9sident de l&#8217;African Revival Fellowship. Dans ce r\u00f4le, je m&#8217;efforce de r\u00e9aliser la vision de l&#8217;organisation en fixant et &hellip; <a href=\"http:\/\/www.africanrevivalfellowship.org\/fr\/religious-and-charity-organization-the-presidents-corner\">Continue reading <span class=\"meta-nav\">&rarr;<\/span><\/a><\/p>\n","protected":false},"author":1,"featured_media":161,"parent":0,"menu_order":0,"comment_status":"closed","ping_status":"closed","template":"","meta":[],"translation":{"provider":"WPGlobus","version":"2.7.10","language":"fr","enabled_languages":["en","fr"],"languages":{"en":{"title":true,"content":true,"excerpt":false},"fr":{"title":true,"content":true,"excerpt":false}}},"yoast_head":"<!-- This site is optimized with the Yoast SEO plugin v15.9 - https:\/\/yoast.com\/wordpress\/plugins\/seo\/ -->\n<title>Le coin du pr\u00e9sident | Religious &amp; Charity Organization\u00a0in North Carolina<\/title>\n<meta name=\"robots\" content=\"index, follow, max-snippet:-1, max-image-preview:large, max-video-preview:-1\" \/>\n<link rel=\"canonical\" href=\"http:\/\/www.africanrevivalfellowship.org\/religious-and-charity-organization-the-presidents-corner\" \/>\n<meta property=\"og:locale\" content=\"fr_FR\" \/>\n<meta property=\"og:type\" content=\"article\" \/>\n<meta property=\"og:title\" content=\"Le coin du pr\u00e9sident | Religious &amp; Charity Organization\u00a0in North Carolina\" \/>\n<meta property=\"og:url\" content=\"http:\/\/www.africanrevivalfellowship.org\/religious-and-charity-organization-the-presidents-corner\" \/>\n<meta property=\"og:site_name\" content=\"AFRICAN REVIVAL FELLOWSHIP African Impact\" \/>\n<meta property=\"article:modified_time\" content=\"2021-08-03T09:41:27+00:00\" \/>\n<meta property=\"og:image\" content=\"http:\/\/www.africanrevivalfellowship.org\/wp-content\/uploads\/2021\/06\/nh-default.jpg\" \/>\n\t<meta property=\"og:image:width\" content=\"1920\" \/>\n\t<meta property=\"og:image:height\" content=\"500\" \/>\n<meta name=\"twitter:card\" content=\"summary_large_image\" \/>\n<meta name=\"twitter:label1\" content=\"Est. reading time\">\n\t<meta name=\"twitter:data1\" content=\"2 minutes\">\n<script type=\"application\/ld+json\" class=\"yoast-schema-graph\">{\"@context\":\"https:\/\/schema.org\",\"@graph\":[{\"@type\":\"WebSite\",\"@id\":\"http:\/\/www.africanrevivalfellowship.org\/#website\",\"url\":\"http:\/\/www.africanrevivalfellowship.org\/\",\"name\":\"AFRICAN REVIVAL FELLOWSHIP African Impact\",\"description\":\"Just another WordPress site\",\"potentialAction\":[{\"@type\":\"SearchAction\",\"target\":\"http:\/\/www.africanrevivalfellowship.org\/?s={search_term_string}\",\"query-input\":\"required name=search_term_string\"}],\"inLanguage\":\"fr-FR\"},{\"@type\":\"ImageObject\",\"@id\":\"http:\/\/www.africanrevivalfellowship.org\/religious-and-charity-organization-the-presidents-corner#primaryimage\",\"inLanguage\":\"fr-FR\",\"url\":\"http:\/\/www.africanrevivalfellowship.org\/wp-content\/uploads\/2021\/06\/nh-default.jpg\",\"width\":1920,\"height\":500,\"caption\":\"bible reading concept\"},{\"@type\":\"WebPage\",\"@id\":\"http:\/\/www.africanrevivalfellowship.org\/religious-and-charity-organization-the-presidents-corner#webpage\",\"url\":\"http:\/\/www.africanrevivalfellowship.org\/religious-and-charity-organization-the-presidents-corner\",\"name\":\"Le coin du pr\\u00e9sident | Religious & Charity Organization\\u00a0in North Carolina\",\"isPartOf\":{\"@id\":\"http:\/\/www.africanrevivalfellowship.org\/#website\"},\"primaryImageOfPage\":{\"@id\":\"http:\/\/www.africanrevivalfellowship.org\/religious-and-charity-organization-the-presidents-corner#primaryimage\"},\"datePublished\":\"2021-06-08T03:32:16+00:00\",\"dateModified\":\"2021-08-03T09:41:27+00:00\",\"description\":\"AFRICAN REVIVAL FELLOWSHIP African Impact is a nonprofit Christian organization in North Carolina. Visit our website for more details.\",\"breadcrumb\":{\"@id\":\"http:\/\/www.africanrevivalfellowship.org\/religious-and-charity-organization-the-presidents-corner#breadcrumb\"},\"inLanguage\":\"fr-FR\",\"potentialAction\":[{\"@type\":\"ReadAction\",\"target\":[\"http:\/\/www.africanrevivalfellowship.org\/religious-and-charity-organization-the-presidents-corner\"]}]},{\"@type\":\"BreadcrumbList\",\"@id\":\"http:\/\/www.africanrevivalfellowship.org\/religious-and-charity-organization-the-presidents-corner#breadcrumb\",\"itemListElement\":[{\"@type\":\"ListItem\",\"position\":1,\"item\":{\"@type\":\"WebPage\",\"@id\":\"http:\/\/www.africanrevivalfellowship.org\/\",\"url\":\"http:\/\/www.africanrevivalfellowship.org\/\",\"name\":\"Home\"}},{\"@type\":\"ListItem\",\"position\":2,\"item\":{\"@type\":\"WebPage\",\"@id\":\"http:\/\/www.africanrevivalfellowship.org\/religious-and-charity-organization-the-presidents-corner\",\"url\":\"http:\/\/www.africanrevivalfellowship.org\/religious-and-charity-organization-the-presidents-corner\",\"name\":\"The President\\u2019s Corner\"}}]}]}<\/script>\n<!-- \/ Yoast SEO plugin. -->","_links":{"self":[{"href":"http:\/\/www.africanrevivalfellowship.org\/fr\/wp-json\/wp\/v2\/pages\/75"}],"collection":[{"href":"http:\/\/www.africanrevivalfellowship.org\/fr\/wp-json\/wp\/v2\/pages"}],"about":[{"href":"http:\/\/www.africanrevivalfellowship.org\/fr\/wp-json\/wp\/v2\/types\/page"}],"author":[{"embeddable":true,"href":"http:\/\/www.africanrevivalfellowship.org\/fr\/wp-json\/wp\/v2\/users\/1"}],"replies":[{"embeddable":true,"href":"http:\/\/www.africanrevivalfellowship.org\/fr\/wp-json\/wp\/v2\/comments?post=75"}],"version-history":[{"count":8,"href":"http:\/\/www.africanrevivalfellowship.org\/fr\/wp-json\/wp\/v2\/pages\/75\/revisions"}],"predecessor-version":[{"id":516,"href":"http:\/\/www.africanrevivalfellowship.org\/fr\/wp-json\/wp\/v2\/pages\/75\/revisions\/516"}],"wp:featuredmedia":[{"embeddable":true,"href":"http:\/\/www.africanrevivalfellowship.org\/fr\/wp-json\/wp\/v2\/media\/161"}],"wp:attachment":[{"href":"http:\/\/www.africanrevivalfellowship.org\/fr\/wp-json\/wp\/v2\/media?parent=75"}],"curies":[{"name":"wp","href":"https:\/\/api.w.org\/{rel}","templated":true}]}}