{"id":76,"date":"2021-06-08T03:32:22","date_gmt":"2021-06-08T03:32:22","guid":{"rendered":"https:\/\/w0653.proweaver.site\/?page_id=76"},"modified":"2021-08-03T09:08:43","modified_gmt":"2021-08-03T09:08:43","slug":"religious-and-charity-organization-financial-accountability","status":"publish","type":"page","link":"http:\/\/www.africanrevivalfellowship.org\/fr\/religious-and-charity-organization-financial-accountability","title":{"rendered":"Responsabilit\u00e9 financi\u00e8re"},"content":{"rendered":"<div class=\"intro_txt\">\u201cEt mon Dieu pourvoira \u00e0 tous vos besoins selon sa richesse avec gloire en J\u00e9sus-Christ. \u00bb -Philippiens 4:19<\/div>\n<figure><img src=\"http:\/\/www.africanrevivalfellowship.org\/wp-content\/themes\/africanrevivalan362\/images\/thumbnails\/thumb-344629028.jpg\" alt=\"financial accountants smiling\" class=\"thumb_right_dd\"><\/figure>\n<p>L&#8217;African Revival Fellowship et les membres de son conseil d&#8217;administration se sont engag\u00e9s \u00e0 assurer la durabilit\u00e9 \u00e0 long terme de notre minist\u00e8re. Alors que nous regardons Dieu comme notre source de provision dans ce que nous faisons, il est \u00e9galement important pour nous en tant qu&#8217;organisation \u00e0 but non lucratif que nous cherchions une nouvelle fa\u00e7on d&#8217;assurer le financement de notre mission.<\/p>\n<p>African Revival Fellowship s&#8217;efforcera de g\u00e9rer et de g\u00e9rer toutes les sources de financement des minist\u00e8res et programmes conform\u00e9ment aux lois, \u00e0 la comptabilit\u00e9, aux normes de l&#8217;industrie, \u00e0 la responsabilit\u00e9 sociale et \u00e0 des rendements optimaux et durables.<\/p>\n<h3>Objectifs de la politique financi\u00e8re<\/h3>\n<p>1. African Revival Fellowship d\u00e9veloppera, mettra en \u0153uvre et g\u00e9rera une strat\u00e9gie de collecte de fonds rigoureuse.<br \/>\n2. Engager tous les membres du conseil d&#8217;administration et le personnel \u00e0 soutenir sa strat\u00e9gie de collecte de fonds<br \/>\n3. Soyez financi\u00e8rement responsable.<br \/>\n4. Gardez les d\u00e9penses administratives au minimum.<br \/>\n5. Efforcez-vous d&#8217;\u00eatre une organisation cr\u00e9dible, digne de confiance et int\u00e8gre.<\/p>\n","protected":false},"excerpt":{"rendered":"<p>\u201cEt mon Dieu pourvoira \u00e0 tous vos besoins selon sa richesse avec gloire en J\u00e9sus-Christ. \u00bb -Philippiens 4:19 L&#8217;African Revival Fellowship et les membres de son conseil d&#8217;administration se sont engag\u00e9s \u00e0 assurer la durabilit\u00e9 \u00e0 long terme de notre minist\u00e8re. Alors que nous regardons Dieu comme notre source de provision dans ce que nous &hellip; <a href=\"http:\/\/www.africanrevivalfellowship.org\/fr\/religious-and-charity-organization-financial-accountability\">Continue reading <span class=\"meta-nav\">&rarr;<\/span><\/a><\/p>\n","protected":false},"author":1,"featured_media":247,"parent":0,"menu_order":0,"comment_status":"closed","ping_status":"closed","template":"","meta":[],"translation":{"provider":"WPGlobus","version":"2.7.10","language":"fr","enabled_languages":["en","fr"],"languages":{"en":{"title":true,"content":true,"excerpt":false},"fr":{"title":true,"content":true,"excerpt":false}}},"yoast_head":"<!-- This site is optimized with the Yoast SEO plugin v15.9 - https:\/\/yoast.com\/wordpress\/plugins\/seo\/ -->\n<title>Responsabilit\u00e9 financi\u00e8re | Religious &amp; Charity Organization\u00a0in North Carolina<\/title>\n<meta name=\"robots\" content=\"index, follow, max-snippet:-1, max-image-preview:large, max-video-preview:-1\" \/>\n<link rel=\"canonical\" href=\"http:\/\/www.africanrevivalfellowship.org\/religious-and-charity-organization-financial-accountability\" \/>\n<meta property=\"og:locale\" content=\"fr_FR\" \/>\n<meta property=\"og:type\" content=\"article\" \/>\n<meta property=\"og:title\" content=\"Responsabilit\u00e9 financi\u00e8re | Religious &amp; Charity Organization\u00a0in North Carolina\" \/>\n<meta property=\"og:url\" content=\"http:\/\/www.africanrevivalfellowship.org\/religious-and-charity-organization-financial-accountability\" \/>\n<meta property=\"og:site_name\" content=\"AFRICAN REVIVAL FELLOWSHIP African Impact\" \/>\n<meta property=\"article:modified_time\" content=\"2021-08-03T09:08:43+00:00\" \/>\n<meta property=\"og:image\" content=\"http:\/\/www.africanrevivalfellowship.org\/wp-content\/uploads\/2021\/07\/10.png\" \/>\n\t<meta property=\"og:image:width\" content=\"1920\" \/>\n\t<meta property=\"og:image:height\" content=\"500\" \/>\n<meta name=\"twitter:card\" content=\"summary_large_image\" \/>\n<meta name=\"twitter:label1\" content=\"Est. reading time\">\n\t<meta name=\"twitter:data1\" content=\"1 minute\">\n<script type=\"application\/ld+json\" class=\"yoast-schema-graph\">{\"@context\":\"https:\/\/schema.org\",\"@graph\":[{\"@type\":\"WebSite\",\"@id\":\"http:\/\/www.africanrevivalfellowship.org\/#website\",\"url\":\"http:\/\/www.africanrevivalfellowship.org\/\",\"name\":\"AFRICAN REVIVAL FELLOWSHIP African Impact\",\"description\":\"Just another WordPress site\",\"potentialAction\":[{\"@type\":\"SearchAction\",\"target\":\"http:\/\/www.africanrevivalfellowship.org\/?s={search_term_string}\",\"query-input\":\"required name=search_term_string\"}],\"inLanguage\":\"fr-FR\"},{\"@type\":\"ImageObject\",\"@id\":\"http:\/\/www.africanrevivalfellowship.org\/religious-and-charity-organization-financial-accountability#primaryimage\",\"inLanguage\":\"fr-FR\",\"url\":\"http:\/\/www.africanrevivalfellowship.org\/wp-content\/uploads\/2021\/07\/10.png\",\"width\":1920,\"height\":500,\"caption\":\"kids playing\"},{\"@type\":\"WebPage\",\"@id\":\"http:\/\/www.africanrevivalfellowship.org\/religious-and-charity-organization-financial-accountability#webpage\",\"url\":\"http:\/\/www.africanrevivalfellowship.org\/religious-and-charity-organization-financial-accountability\",\"name\":\"Responsabilit\\u00e9 financi\\u00e8re | Religious & Charity Organization\\u00a0in North Carolina\",\"isPartOf\":{\"@id\":\"http:\/\/www.africanrevivalfellowship.org\/#website\"},\"primaryImageOfPage\":{\"@id\":\"http:\/\/www.africanrevivalfellowship.org\/religious-and-charity-organization-financial-accountability#primaryimage\"},\"datePublished\":\"2021-06-08T03:32:22+00:00\",\"dateModified\":\"2021-08-03T09:08:43+00:00\",\"description\":\"AFRICAN REVIVAL FELLOWSHIP African Impact is a nonprofit Christian organization in North Carolina. Visit our website for more details.\",\"breadcrumb\":{\"@id\":\"http:\/\/www.africanrevivalfellowship.org\/religious-and-charity-organization-financial-accountability#breadcrumb\"},\"inLanguage\":\"fr-FR\",\"potentialAction\":[{\"@type\":\"ReadAction\",\"target\":[\"http:\/\/www.africanrevivalfellowship.org\/religious-and-charity-organization-financial-accountability\"]}]},{\"@type\":\"BreadcrumbList\",\"@id\":\"http:\/\/www.africanrevivalfellowship.org\/religious-and-charity-organization-financial-accountability#breadcrumb\",\"itemListElement\":[{\"@type\":\"ListItem\",\"position\":1,\"item\":{\"@type\":\"WebPage\",\"@id\":\"http:\/\/www.africanrevivalfellowship.org\/\",\"url\":\"http:\/\/www.africanrevivalfellowship.org\/\",\"name\":\"Home\"}},{\"@type\":\"ListItem\",\"position\":2,\"item\":{\"@type\":\"WebPage\",\"@id\":\"http:\/\/www.africanrevivalfellowship.org\/religious-and-charity-organization-financial-accountability\",\"url\":\"http:\/\/www.africanrevivalfellowship.org\/religious-and-charity-organization-financial-accountability\",\"name\":\"Financial Accountability\"}}]}]}<\/script>\n<!-- \/ Yoast SEO plugin. -->","_links":{"self":[{"href":"http:\/\/www.africanrevivalfellowship.org\/fr\/wp-json\/wp\/v2\/pages\/76"}],"collection":[{"href":"http:\/\/www.africanrevivalfellowship.org\/fr\/wp-json\/wp\/v2\/pages"}],"about":[{"href":"http:\/\/www.africanrevivalfellowship.org\/fr\/wp-json\/wp\/v2\/types\/page"}],"author":[{"embeddable":true,"href":"http:\/\/www.africanrevivalfellowship.org\/fr\/wp-json\/wp\/v2\/users\/1"}],"replies":[{"embeddable":true,"href":"http:\/\/www.africanrevivalfellowship.org\/fr\/wp-json\/wp\/v2\/comments?post=76"}],"version-history":[{"count":8,"href":"http:\/\/www.africanrevivalfellowship.org\/fr\/wp-json\/wp\/v2\/pages\/76\/revisions"}],"predecessor-version":[{"id":481,"href":"http:\/\/www.africanrevivalfellowship.org\/fr\/wp-json\/wp\/v2\/pages\/76\/revisions\/481"}],"wp:featuredmedia":[{"embeddable":true,"href":"http:\/\/www.africanrevivalfellowship.org\/fr\/wp-json\/wp\/v2\/media\/247"}],"wp:attachment":[{"href":"http:\/\/www.africanrevivalfellowship.org\/fr\/wp-json\/wp\/v2\/media?parent=76"}],"curies":[{"name":"wp","href":"https:\/\/api.w.org\/{rel}","templated":true}]}}