{"id":9,"date":"2021-06-05T10:02:36","date_gmt":"2021-06-05T10:02:36","guid":{"rendered":"http:\/\/localhost\/africanrevivalan362\/?page_id=9"},"modified":"2021-08-16T19:04:18","modified_gmt":"2021-08-16T19:04:18","slug":"religious-and-charity-organization-volunteer","status":"publish","type":"page","link":"http:\/\/www.africanrevivalfellowship.org\/fr\/religious-and-charity-organization-volunteer","title":{"rendered":"B\u00e9n\u00e9vole"},"content":{"rendered":"<h3>POLITIQUE DE B\u00c9N\u00c9VOLAT&nbsp;<\/h3>\n<ul class=\"bullet\">\n<li>Les gens sont notre grand atout&nbsp;: comment prendre soin d&#8217;eux en cas de besoin est ancr\u00e9 dans notre valeur d&#8217;\u00ab&nbsp;Amour&nbsp;\u00bb.<\/li>\n<li>En raison de la sensibilit\u00e9 de notre travail, nous avons augment\u00e9 la connaissance de ceux qui travaillent avec nous gr\u00e2ce \u00e0 la \u00ab&nbsp;Politique de connaissance de votre personnel et de vos b\u00e9n\u00e9voles&nbsp;\u00bb en recueillant des informations de base sur leur croissance spirituelle\/ leurs ant\u00e9c\u00e9dents religieux et leur situation matrimoniale.<\/li>\n<li>Si vous vous sentez appel\u00e9 par Dieu \u00e0 rejoindre notre minist\u00e8re, veuillez remplir et soumettre le formulaire ci-dessous.<\/li>\n<\/ul>\n<p><script type=\"text\/javascript\" src=\"https:\/\/form-usa.keela.co\/js\/iframeResizer.min.js\" onload=\"iFrameResize({checkOrigin: false, heightCalculationMethod: 'taggedElement'}, '#keela_sxpAXq2knWhvLsndP')\" async=\"\"><\/script><iframe id=\"keela_sxpAXq2knWhvLsndP\" style=\"width: 100%; min-height: 500px;\" src=\"https:\/\/form-usa.keela.co\/embed\/volonteer\" frameborder=\"0\"><\/iframe><\/p>\n","protected":false},"excerpt":{"rendered":"<p>POLITIQUE DE B\u00c9N\u00c9VOLAT&nbsp; Les gens sont notre grand atout&nbsp;: comment prendre soin d&#8217;eux en cas de besoin est ancr\u00e9 dans notre valeur d&#8217;\u00ab&nbsp;Amour&nbsp;\u00bb. En raison de la sensibilit\u00e9 de notre travail, nous avons augment\u00e9 la connaissance de ceux qui travaillent avec nous gr\u00e2ce \u00e0 la \u00ab&nbsp;Politique de connaissance de votre personnel et de vos b\u00e9n\u00e9voles&nbsp;\u00bb &hellip; <a href=\"http:\/\/www.africanrevivalfellowship.org\/fr\/religious-and-charity-organization-volunteer\">Continue reading <span class=\"meta-nav\">&rarr;<\/span><\/a><\/p>\n","protected":false},"author":1,"featured_media":55,"parent":0,"menu_order":0,"comment_status":"closed","ping_status":"closed","template":"","meta":[],"translation":{"provider":"WPGlobus","version":"2.7.10","language":"fr","enabled_languages":["en","fr"],"languages":{"en":{"title":true,"content":true,"excerpt":false},"fr":{"title":true,"content":true,"excerpt":false}}},"yoast_head":"<!-- This site is optimized with the Yoast SEO plugin v15.9 - https:\/\/yoast.com\/wordpress\/plugins\/seo\/ -->\n<title>B\u00e9n\u00e9vole | Religious &amp; Charity Organization\u00a0in North Carolina<\/title>\n<meta name=\"robots\" content=\"index, follow, max-snippet:-1, max-image-preview:large, max-video-preview:-1\" \/>\n<link rel=\"canonical\" href=\"http:\/\/www.africanrevivalfellowship.org\/religious-and-charity-organization-volunteer\" \/>\n<meta property=\"og:locale\" content=\"fr_FR\" \/>\n<meta property=\"og:type\" content=\"article\" \/>\n<meta property=\"og:title\" content=\"B\u00e9n\u00e9vole | Religious &amp; Charity Organization\u00a0in North Carolina\" \/>\n<meta property=\"og:url\" content=\"http:\/\/www.africanrevivalfellowship.org\/religious-and-charity-organization-volunteer\" \/>\n<meta property=\"og:site_name\" content=\"AFRICAN REVIVAL FELLOWSHIP African Impact\" \/>\n<meta property=\"article:modified_time\" content=\"2021-08-16T19:04:18+00:00\" \/>\n<meta property=\"og:image\" content=\"http:\/\/www.africanrevivalfellowship.org\/wp-content\/uploads\/2021\/06\/thumb-92204190.jpg\" \/>\n\t<meta property=\"og:image:width\" content=\"1920\" \/>\n\t<meta property=\"og:image:height\" content=\"500\" \/>\n<meta name=\"twitter:card\" content=\"summary_large_image\" \/>\n<meta name=\"twitter:label1\" content=\"Est. reading time\">\n\t<meta name=\"twitter:data1\" content=\"1 minute\">\n<script type=\"application\/ld+json\" class=\"yoast-schema-graph\">{\"@context\":\"https:\/\/schema.org\",\"@graph\":[{\"@type\":\"WebSite\",\"@id\":\"http:\/\/www.africanrevivalfellowship.org\/#website\",\"url\":\"http:\/\/www.africanrevivalfellowship.org\/\",\"name\":\"AFRICAN REVIVAL FELLOWSHIP African Impact\",\"description\":\"Just another WordPress site\",\"potentialAction\":[{\"@type\":\"SearchAction\",\"target\":\"http:\/\/www.africanrevivalfellowship.org\/?s={search_term_string}\",\"query-input\":\"required name=search_term_string\"}],\"inLanguage\":\"fr-FR\"},{\"@type\":\"ImageObject\",\"@id\":\"http:\/\/www.africanrevivalfellowship.org\/religious-and-charity-organization-volunteer#primaryimage\",\"inLanguage\":\"fr-FR\",\"url\":\"http:\/\/www.africanrevivalfellowship.org\/wp-content\/uploads\/2021\/06\/thumb-92204190.jpg\",\"width\":1920,\"height\":500,\"caption\":\"adult woman volunteer\"},{\"@type\":\"WebPage\",\"@id\":\"http:\/\/www.africanrevivalfellowship.org\/religious-and-charity-organization-volunteer#webpage\",\"url\":\"http:\/\/www.africanrevivalfellowship.org\/religious-and-charity-organization-volunteer\",\"name\":\"B\\u00e9n\\u00e9vole | Religious & Charity Organization\\u00a0in North Carolina\",\"isPartOf\":{\"@id\":\"http:\/\/www.africanrevivalfellowship.org\/#website\"},\"primaryImageOfPage\":{\"@id\":\"http:\/\/www.africanrevivalfellowship.org\/religious-and-charity-organization-volunteer#primaryimage\"},\"datePublished\":\"2021-06-05T10:02:36+00:00\",\"dateModified\":\"2021-08-16T19:04:18+00:00\",\"description\":\"AFRICAN REVIVAL FELLOWSHIP African Impact is a nonprofit Christian organization in North Carolina. Visit our website for more details.\",\"breadcrumb\":{\"@id\":\"http:\/\/www.africanrevivalfellowship.org\/religious-and-charity-organization-volunteer#breadcrumb\"},\"inLanguage\":\"fr-FR\",\"potentialAction\":[{\"@type\":\"ReadAction\",\"target\":[\"http:\/\/www.africanrevivalfellowship.org\/religious-and-charity-organization-volunteer\"]}]},{\"@type\":\"BreadcrumbList\",\"@id\":\"http:\/\/www.africanrevivalfellowship.org\/religious-and-charity-organization-volunteer#breadcrumb\",\"itemListElement\":[{\"@type\":\"ListItem\",\"position\":1,\"item\":{\"@type\":\"WebPage\",\"@id\":\"http:\/\/www.africanrevivalfellowship.org\/\",\"url\":\"http:\/\/www.africanrevivalfellowship.org\/\",\"name\":\"Home\"}},{\"@type\":\"ListItem\",\"position\":2,\"item\":{\"@type\":\"WebPage\",\"@id\":\"http:\/\/www.africanrevivalfellowship.org\/religious-and-charity-organization-volunteer\",\"url\":\"http:\/\/www.africanrevivalfellowship.org\/religious-and-charity-organization-volunteer\",\"name\":\"Volunteer\"}}]}]}<\/script>\n<!-- \/ Yoast SEO plugin. -->","_links":{"self":[{"href":"http:\/\/www.africanrevivalfellowship.org\/fr\/wp-json\/wp\/v2\/pages\/9"}],"collection":[{"href":"http:\/\/www.africanrevivalfellowship.org\/fr\/wp-json\/wp\/v2\/pages"}],"about":[{"href":"http:\/\/www.africanrevivalfellowship.org\/fr\/wp-json\/wp\/v2\/types\/page"}],"author":[{"embeddable":true,"href":"http:\/\/www.africanrevivalfellowship.org\/fr\/wp-json\/wp\/v2\/users\/1"}],"replies":[{"embeddable":true,"href":"http:\/\/www.africanrevivalfellowship.org\/fr\/wp-json\/wp\/v2\/comments?post=9"}],"version-history":[{"count":7,"href":"http:\/\/www.africanrevivalfellowship.org\/fr\/wp-json\/wp\/v2\/pages\/9\/revisions"}],"predecessor-version":[{"id":532,"href":"http:\/\/www.africanrevivalfellowship.org\/fr\/wp-json\/wp\/v2\/pages\/9\/revisions\/532"}],"wp:featuredmedia":[{"embeddable":true,"href":"http:\/\/www.africanrevivalfellowship.org\/fr\/wp-json\/wp\/v2\/media\/55"}],"wp:attachment":[{"href":"http:\/\/www.africanrevivalfellowship.org\/fr\/wp-json\/wp\/v2\/media?parent=9"}],"curies":[{"name":"wp","href":"https:\/\/api.w.org\/{rel}","templated":true}]}}