{"id":96,"date":"2021-06-08T03:36:43","date_gmt":"2021-06-08T03:36:43","guid":{"rendered":"https:\/\/w0653.proweaver.site\/?page_id=96"},"modified":"2021-08-03T09:49:54","modified_gmt":"2021-08-03T09:49:54","slug":"religious-and-charity-organization-where-do-we-work","status":"publish","type":"page","link":"http:\/\/www.africanrevivalfellowship.org\/fr\/religious-and-charity-organization-where-do-we-work","title":{"rendered":"O\u00f9 travaillons-nous"},"content":{"rendered":"<div class=\"office_cent\">\n<h2>Bureaux aux \u00c9tats-Unis <span>Si\u00e8ge international<\/span><\/h2>\n<ul>\n<li>\n<address>887 Washington Street,&nbsp;Raleigh, NC 27605, USA<\/address>\n<\/li>\n<\/ul>\n<\/div>\n<figure><img src=\"http:\/\/www.africanrevivalfellowship.org\/wp-content\/themes\/africanrevivalan362\/images\/thumbnails\/us-office.jpg\" alt=\"North Carolina skyline\" class=\"thumb_center_dr\"><\/figure>\n<p>Raleigh est la capitale de la Caroline du Nord. Elle est connue pour ses universit\u00e9s, dont la North Carolina State University. Le nombre d&#8217;institutions technologiques et universitaires autour de Raleigh, Chapel Hill et Durham fait que la r\u00e9gion est connue sous le nom de Research Triangle. Le Capitole de l&#8217;\u00c9tat de Caroline du Nord est un b\u00e2timent de style n\u00e9o-grec du XIXe si\u00e8cle avec une statue de George Washington habill\u00e9 en g\u00e9n\u00e9ral romain dans sa rotonde.<\/p>\n<div class=\"office_cent\">\n<h2>Bureau Afrique <span>Togo<\/span><\/h2>\n<ul>\n<li>\n<address>4 BP 08 Lom\u00e9-Togo<\/address>\n<\/li>\n<li>Telephone Number: <mark>00228-93-07-47-07<\/mark><\/li>\n<p><!--li>Email: <a href=\"mailto:Africa@africanrevivalradio.org\">Africa@africanrevivalradio.org<\/a><\/li--><\/ul>\n<\/div>\n<figure><img src=\"http:\/\/www.africanrevivalfellowship.org\/wp-content\/themes\/africanrevivalan362\/images\/thumbnails\/togo.jpg\" alt=\"togo flag\" class=\"thumb_right_dd\"><\/figure>\n<p>Situ\u00e9 en Afrique de l&#8217;Ouest, le Togo couvre une superficie de 56 785 km2. D&#8217;un point de vue administratif, le pays est divis\u00e9 en cinq (5) r\u00e9gions : la R\u00e9gion Maritime, la R\u00e9gion des Plateaux, la R\u00e9gion du Centre, la R\u00e9gion de Kara et la R\u00e9gion des Savanes.<\/p>\n<p>En 2010, suite au quatri\u00e8me Recensement G\u00e9n\u00e9ral de la Population et de l&#8217;Habitat (RGPH4), la population togolaise comptait 6 191 155 habitants, dont 3 009 095 hommes (48,6 %) et 3 182 060 femmes (51,4 %).<\/p>\n<p>L&#8217;une des implications majeures de cette forte croissance est l&#8217;extr\u00eame jeunesse de la population. En 2010, un examen de la structure par \u00e2ge a r\u00e9v\u00e9l\u00e9 que la population togolaise \u00e9tait jeune : 43 % avaient moins de 15 ans et seulement 3,3 % avaient 65 ans et plus. La population en \u00e2ge de travailler (15-64 ans) est de 53,7%, cette derni\u00e8re \u00e9tant plus importante en milieu urbain (59,2%) qu&#8217;en milieu rural (50%).<\/p>\n<figure><img src=\"http:\/\/www.africanrevivalfellowship.org\/wp-content\/themes\/africanrevivalan362\/images\/thumbnails\/africa.jpg\" alt=\"africa map\" class=\"thumb_left_dr\"><\/figure>\n<p>Au 1er juin 2020, la population togolaise atteignait 7 706 000 habitants avec un taux de croissance d\u00e9mographique de 2,3%, selon les estimations de l&#8217;inseed2. La forme de la pyramide des \u00e2ges a une base \u00e9largie qui se r\u00e9tr\u00e9cit \u00e0 mesure que l&#8217;on se rapproche de l&#8217;\u00e2ge le plus \u00e9lev\u00e9. Ce rythme refl\u00e8te la jeunesse de la population togolaise. Cette forte proportion de jeunes cr\u00e9e, comme on pouvait s&#8217;y attendre, d&#8217;immenses d\u00e9fis en termes de prise en charge et notamment en termes de cr\u00e9ation d&#8217;emplois durables et de qualit\u00e9. Les effets conjugu\u00e9s du contexte macro\u00e9conomique des ann\u00e9es 1980 et 1990, caract\u00e9ris\u00e9 par la mise en \u0153uvre des programmes d&#8217;ajustement structurel, la d\u00e9valuation du franc CFA et la crise politique que traverse le pays n&#8217;ont pas \u00e9t\u00e9 favorables \u00e0 l&#8217;adoption d&#8217;initiatives relatives \u00e0 l&#8217;emploi et la r\u00e9duction de la pauvret\u00e9. Ainsi, comme dans la plupart des pays africains, la situation g\u00e9n\u00e9rale de l&#8217;emploi au Togo reste tr\u00e8s critique, malgr\u00e9 les efforts d\u00e9ploy\u00e9s par le gouvernement pour am\u00e9liorer la situation. Ainsi, malgr\u00e9 une baisse du taux de ch\u00f4mage de 6,5% \u00e0 3,4%, le sous-emploi est pass\u00e9 de 22% \u00e0 24,9% entre 2011 et 2015.<\/p>\n<p>Les hommes sont touch\u00e9s par ce ph\u00e9nom\u00e8ne \u00e0 hauteur de 25,8 % contre 24,1 % pour les femmes. L&#8217;analyse spatiale montre que les actifs du Grand Lom\u00e9 (29,2%) se retrouvent davantage sous-employ\u00e9s par rapport \u00e0 ceux des autres zones urbaines (25,3%) et rurales (22,9%)3. Les principaux obstacles \u00e0 l&#8217;emploi sont li\u00e9s \u00e0 l&#8217;inad\u00e9quation entre les comp\u00e9tences des jeunes et les besoins du march\u00e9 du travail, ainsi qu&#8217;au manque d&#8217;opportunit\u00e9s \u00e9conomiques.<\/p>\n","protected":false},"excerpt":{"rendered":"<p>Bureaux aux \u00c9tats-Unis Si\u00e8ge international 887 Washington Street,&nbsp;Raleigh, NC 27605, USA Raleigh est la capitale de la Caroline du Nord. Elle est connue pour ses universit\u00e9s, dont la North Carolina State University. Le nombre d&#8217;institutions technologiques et universitaires autour de Raleigh, Chapel Hill et Durham fait que la r\u00e9gion est connue sous le nom de &hellip; <a href=\"http:\/\/www.africanrevivalfellowship.org\/fr\/religious-and-charity-organization-where-do-we-work\">Continue reading <span class=\"meta-nav\">&rarr;<\/span><\/a><\/p>\n","protected":false},"author":1,"featured_media":249,"parent":0,"menu_order":0,"comment_status":"closed","ping_status":"closed","template":"","meta":[],"translation":{"provider":"WPGlobus","version":"2.7.10","language":"fr","enabled_languages":["en","fr"],"languages":{"en":{"title":true,"content":true,"excerpt":false},"fr":{"title":true,"content":true,"excerpt":false}}},"yoast_head":"<!-- This site is optimized with the Yoast SEO plugin v15.9 - https:\/\/yoast.com\/wordpress\/plugins\/seo\/ -->\n<title>O\u00f9 travaillons-nous | Religious &amp; Charity Organization\u00a0in North Carolina<\/title>\n<meta name=\"robots\" content=\"index, follow, max-snippet:-1, max-image-preview:large, max-video-preview:-1\" \/>\n<link rel=\"canonical\" href=\"http:\/\/www.africanrevivalfellowship.org\/religious-and-charity-organization-where-do-we-work\" \/>\n<meta property=\"og:locale\" content=\"fr_FR\" \/>\n<meta property=\"og:type\" content=\"article\" \/>\n<meta property=\"og:title\" content=\"O\u00f9 travaillons-nous | Religious &amp; Charity Organization\u00a0in North Carolina\" \/>\n<meta property=\"og:url\" content=\"http:\/\/www.africanrevivalfellowship.org\/religious-and-charity-organization-where-do-we-work\" \/>\n<meta property=\"og:site_name\" content=\"AFRICAN REVIVAL FELLOWSHIP African Impact\" \/>\n<meta property=\"article:modified_time\" content=\"2021-08-03T09:49:54+00:00\" \/>\n<meta property=\"og:image\" content=\"http:\/\/www.africanrevivalfellowship.org\/wp-content\/uploads\/2021\/07\/37.png\" \/>\n\t<meta property=\"og:image:width\" content=\"1920\" \/>\n\t<meta property=\"og:image:height\" content=\"500\" \/>\n<meta name=\"twitter:card\" content=\"summary_large_image\" \/>\n<meta name=\"twitter:label1\" content=\"Est. reading time\">\n\t<meta name=\"twitter:data1\" content=\"3 minutes\">\n<script type=\"application\/ld+json\" class=\"yoast-schema-graph\">{\"@context\":\"https:\/\/schema.org\",\"@graph\":[{\"@type\":\"WebSite\",\"@id\":\"http:\/\/www.africanrevivalfellowship.org\/#website\",\"url\":\"http:\/\/www.africanrevivalfellowship.org\/\",\"name\":\"AFRICAN REVIVAL FELLOWSHIP African Impact\",\"description\":\"Just another WordPress site\",\"potentialAction\":[{\"@type\":\"SearchAction\",\"target\":\"http:\/\/www.africanrevivalfellowship.org\/?s={search_term_string}\",\"query-input\":\"required name=search_term_string\"}],\"inLanguage\":\"fr-FR\"},{\"@type\":\"ImageObject\",\"@id\":\"http:\/\/www.africanrevivalfellowship.org\/religious-and-charity-organization-where-do-we-work#primaryimage\",\"inLanguage\":\"fr-FR\",\"url\":\"http:\/\/www.africanrevivalfellowship.org\/wp-content\/uploads\/2021\/07\/37.png\",\"width\":1920,\"height\":500,\"caption\":\"map\"},{\"@type\":\"WebPage\",\"@id\":\"http:\/\/www.africanrevivalfellowship.org\/religious-and-charity-organization-where-do-we-work#webpage\",\"url\":\"http:\/\/www.africanrevivalfellowship.org\/religious-and-charity-organization-where-do-we-work\",\"name\":\"O\\u00f9 travaillons-nous | Religious & Charity Organization\\u00a0in North Carolina\",\"isPartOf\":{\"@id\":\"http:\/\/www.africanrevivalfellowship.org\/#website\"},\"primaryImageOfPage\":{\"@id\":\"http:\/\/www.africanrevivalfellowship.org\/religious-and-charity-organization-where-do-we-work#primaryimage\"},\"datePublished\":\"2021-06-08T03:36:43+00:00\",\"dateModified\":\"2021-08-03T09:49:54+00:00\",\"description\":\"AFRICAN REVIVAL FELLOWSHIP African Impact is a nonprofit Christian organization in North Carolina. Visit our website for more details.\",\"breadcrumb\":{\"@id\":\"http:\/\/www.africanrevivalfellowship.org\/religious-and-charity-organization-where-do-we-work#breadcrumb\"},\"inLanguage\":\"fr-FR\",\"potentialAction\":[{\"@type\":\"ReadAction\",\"target\":[\"http:\/\/www.africanrevivalfellowship.org\/religious-and-charity-organization-where-do-we-work\"]}]},{\"@type\":\"BreadcrumbList\",\"@id\":\"http:\/\/www.africanrevivalfellowship.org\/religious-and-charity-organization-where-do-we-work#breadcrumb\",\"itemListElement\":[{\"@type\":\"ListItem\",\"position\":1,\"item\":{\"@type\":\"WebPage\",\"@id\":\"http:\/\/www.africanrevivalfellowship.org\/\",\"url\":\"http:\/\/www.africanrevivalfellowship.org\/\",\"name\":\"Home\"}},{\"@type\":\"ListItem\",\"position\":2,\"item\":{\"@type\":\"WebPage\",\"@id\":\"http:\/\/www.africanrevivalfellowship.org\/religious-and-charity-organization-where-do-we-work\",\"url\":\"http:\/\/www.africanrevivalfellowship.org\/religious-and-charity-organization-where-do-we-work\",\"name\":\"Where Do We Work\"}}]}]}<\/script>\n<!-- \/ Yoast SEO plugin. -->","_links":{"self":[{"href":"http:\/\/www.africanrevivalfellowship.org\/fr\/wp-json\/wp\/v2\/pages\/96"}],"collection":[{"href":"http:\/\/www.africanrevivalfellowship.org\/fr\/wp-json\/wp\/v2\/pages"}],"about":[{"href":"http:\/\/www.africanrevivalfellowship.org\/fr\/wp-json\/wp\/v2\/types\/page"}],"author":[{"embeddable":true,"href":"http:\/\/www.africanrevivalfellowship.org\/fr\/wp-json\/wp\/v2\/users\/1"}],"replies":[{"embeddable":true,"href":"http:\/\/www.africanrevivalfellowship.org\/fr\/wp-json\/wp\/v2\/comments?post=96"}],"version-history":[{"count":5,"href":"http:\/\/www.africanrevivalfellowship.org\/fr\/wp-json\/wp\/v2\/pages\/96\/revisions"}],"predecessor-version":[{"id":524,"href":"http:\/\/www.africanrevivalfellowship.org\/fr\/wp-json\/wp\/v2\/pages\/96\/revisions\/524"}],"wp:featuredmedia":[{"embeddable":true,"href":"http:\/\/www.africanrevivalfellowship.org\/fr\/wp-json\/wp\/v2\/media\/249"}],"wp:attachment":[{"href":"http:\/\/www.africanrevivalfellowship.org\/fr\/wp-json\/wp\/v2\/media?parent=96"}],"curies":[{"name":"wp","href":"https:\/\/api.w.org\/{rel}","templated":true}]}}